{"id":23673,"date":"2025-11-04T18:32:36","date_gmt":"2025-11-04T16:32:36","guid":{"rendered":"https:\/\/kirashoes.com\/?post_type=product&#038;p=23673"},"modified":"2026-04-16T10:23:49","modified_gmt":"2026-04-16T07:23:49","slug":"chelsea-rebel","status":"publish","type":"product","link":"https:\/\/kirashoes.com\/et\/toode\/chelsea-rebel\/","title":{"rendered":"Chelsea Rebel"},"content":{"rendered":"","protected":false},"excerpt":{"rendered":"<p>Sinu suurust pole? Huvi korral lisa ennast <a href=\"https:\/\/kirashoes.com\/et\/soovilist\/\">soovilisti<\/a> v\u00f5i kirjuta <strong>sales@kirashoes.com.<\/strong><\/p>\n<p>\u2014<\/p>\n<p>Meie selle hooaja erimudel, Chelsea Rebel, on inspireeritud klassikalisest jalan\u00f5ust, kuid lisab juurde modernseid n\u00fcansse ja uudsete materjalide funktsionaalsust..<\/p>\n<p>Nende Eestis valmistatud KIRA saabaste p\u00f5hiomadused on:<\/p>\n<p>\u2713 kauaoodatud spordijalatsitele omane kergus, aga julge v\u00e4limusega tald, mis on vastupidav ja p\u00f5rutust v\u00e4hendav;<\/p>\n<p>\u2713 klientide soovitud pikendatud s\u00e4\u00e4reosa, et k\u00fclma- ja tuulekartlikumad jalad oleksid veelgi enam kaetud ja et lumi ega vihmavesi p\u00e4\u00e4seks aktiivsel liikumisel saapa sisse;<\/p>\n<p>\u2713 sisek\u00fclje peal kergesti libisev lukk, et n\u00fc\u00fcd pikendatud s\u00e4\u00e4reosaga jalan\u00f5usid oleks kiire ja mugav jalga s\u00e4ttida, sest mis saaks t\u00fc\u00fctum olla kui krussis sokk v\u00f5i \u00fclesse roninud p\u00fcksis\u00e4\u00e4r;<\/p>\n<p>\u2713 Coolmax vooder, mis on temperatuuri reguleeriv, hingav, kiiresti kuivav ja v\u00f5imaldab saapapaari kanda lausa neljal aastaajal;<\/p>\n<p>\u2713 naha v\u00e4limuse ja omadustega mikrofiibrist v\u00e4lismaterjal, mis on ekstreemselt kulumiskindel, kerge, hingav ja kergesti puhastatav;<\/p>\n<p>Chelsea Rebel on disain, mis sobib nii argip\u00e4eva kui ka viisakamateks \u00fcritusteks \u2013 t\u00f5siselt praktiline nelja aastaaja jalan\u00f5u.<\/p>\n<p>KIRA ei kasuta loomset p\u00e4ritolu materjale.<\/p>\n<p>Mitmes osas tasumise v\u00f5imalus.<\/p>\n","protected":false},"featured_media":23104,"comment_status":"open","ping_status":"closed","template":"","meta":{"site-sidebar-layout":"no-sidebar","site-content-layout":"default","ast-site-content-layout":"default","site-content-style":"default","site-sidebar-style":"default","ast-global-header-display":"","ast-banner-title-visibility":"","ast-main-header-display":"","ast-hfb-above-header-display":"","ast-hfb-below-header-display":"","ast-hfb-mobile-header-display":"","site-post-title":"","ast-breadcrumbs-content":"","ast-featured-img":"","footer-sml-layout":"","ast-disable-related-posts":"","theme-transparent-header-meta":"default","adv-header-id-meta":"","stick-header-meta":"default","header-above-stick-meta":"","header-main-stick-meta":"","header-below-stick-meta":"","astra-migrate-meta-layouts":"set","ast-page-background-enabled":"default","ast-page-background-meta":{"desktop":{"background-color":"","background-image":"","background-repeat":"repeat","background-position":"center center","background-size":"auto","background-attachment":"scroll","background-type":"","background-media":"","overlay-type":"","overlay-color":"","overlay-opacity":"","overlay-gradient":""},"tablet":{"background-color":"","background-image":"","background-repeat":"repeat","background-position":"center center","background-size":"auto","background-attachment":"scroll","background-type":"","background-media":"","overlay-type":"","overlay-color":"","overlay-opacity":"","overlay-gradient":""},"mobile":{"background-color":"","background-image":"","background-repeat":"repeat","background-position":"center center","background-size":"auto","background-attachment":"scroll","background-type":"","background-media":"","overlay-type":"","overlay-color":"","overlay-opacity":"","overlay-gradient":""}},"ast-content-background-meta":{"desktop":{"background-color":"var(--ast-global-color-5)","background-image":"","background-repeat":"repeat","background-position":"center center","background-size":"auto","background-attachment":"scroll","background-type":"","background-media":"","overlay-type":"","overlay-color":"","overlay-opacity":"","overlay-gradient":""},"tablet":{"background-color":"var(--ast-global-color-5)","background-image":"","background-repeat":"repeat","background-position":"center center","background-size":"auto","background-attachment":"scroll","background-type":"","background-media":"","overlay-type":"","overlay-color":"","overlay-opacity":"","overlay-gradient":""},"mobile":{"background-color":"var(--ast-global-color-5)","background-image":"","background-repeat":"repeat","background-position":"center center","background-size":"auto","background-attachment":"scroll","background-type":"","background-media":"","overlay-type":"","overlay-color":"","overlay-opacity":"","overlay-gradient":""}}},"product_brand":[],"product_cat":[58],"product_tag":[],"giftcard-category":[],"class_list":{"0":"post-23673","1":"product","2":"type-product","3":"status-publish","4":"has-post-thumbnail","6":"product_cat-saapad","7":"desktop-align-left","8":"tablet-align-left","9":"mobile-align-left","10":"ast-product-gallery-layout-horizontal-slider","11":"ast-product-single-variable","12":"ast-product-tabs-layout-horizontal","14":"first","15":"instock","16":"taxable","17":"shipping-taxable","18":"purchasable","19":"product-type-variable"},"yoast_head":"<!-- This site is optimized with the Yoast SEO plugin v26.5 - https:\/\/yoast.com\/wordpress\/plugins\/seo\/ -->\n<title>Chelsea Rebel - KIRA<\/title>\n<meta name=\"robots\" content=\"index, follow, max-snippet:-1, max-image-preview:large, max-video-preview:-1\" \/>\n<link rel=\"canonical\" href=\"https:\/\/kirashoes.com\/et\/toode\/chelsea-rebel\/\" \/>\n<meta property=\"og:locale\" content=\"et_EE\" \/>\n<meta property=\"og:type\" content=\"article\" \/>\n<meta property=\"og:title\" content=\"Chelsea Rebel - KIRA\" \/>\n<meta property=\"og:description\" content=\"Sinu suurust pole? Huvi korral lisa ennast soovilisti v\u00f5i kirjuta sales@kirashoes.com.   \u2014  Meie selle hooaja erimudel, Chelsea Rebel, on inspireeritud klassikalisest jalan\u00f5ust, kuid lisab juurde modernseid n\u00fcansse ja uudsete materjalide funktsionaalsust..   Nende Eestis valmistatud KIRA saabaste p\u00f5hiomadused on:   \u2713 kauaoodatud spordijalatsitele omane kergus, aga julge v\u00e4limusega tald, mis on vastupidav ja p\u00f5rutust v\u00e4hendav;   \u2713 klientide soovitud pikendatud s\u00e4\u00e4reosa, et k\u00fclma- ja tuulekartlikumad jalad oleksid veelgi enam kaetud ja et lumi ega vihmavesi p\u00e4\u00e4seks aktiivsel liikumisel saapa sisse;   \u2713 sisek\u00fclje peal kergesti libisev lukk, et n\u00fc\u00fcd pikendatud s\u00e4\u00e4reosaga jalan\u00f5usid oleks kiire ja mugav jalga s\u00e4ttida, sest mis saaks t\u00fc\u00fctum olla kui krussis sokk v\u00f5i \u00fclesse roninud p\u00fcksis\u00e4\u00e4r;   \u2713 Coolmax vooder, mis on temperatuuri reguleeriv, hingav, kiiresti kuivav ja v\u00f5imaldab saapapaari kanda lausa neljal aastaajal;   \u2713 naha v\u00e4limuse ja omadustega mikrofiibrist v\u00e4lismaterjal, mis on ekstreemselt kulumiskindel, kerge, hingav ja kergesti puhastatav;   Chelsea Rebel on disain, mis sobib nii argip\u00e4eva kui ka viisakamateks \u00fcritusteks \u2013 t\u00f5siselt praktiline nelja aastaaja jalan\u00f5u.   KIRA ei kasuta loomset p\u00e4ritolu materjale.   Mitmes osas tasumise v\u00f5imalus.\" \/>\n<meta property=\"og:url\" content=\"https:\/\/kirashoes.com\/et\/toode\/chelsea-rebel\/\" \/>\n<meta property=\"og:site_name\" content=\"KIRA\" \/>\n<meta property=\"article:modified_time\" content=\"2026-04-16T07:23:49+00:00\" \/>\n<meta property=\"og:image\" content=\"https:\/\/kirashoes.com\/wp-content\/uploads\/2025\/09\/KIRA_Chelsea-Rebel_1.jpg\" \/>\n\t<meta property=\"og:image:width\" content=\"1080\" \/>\n\t<meta property=\"og:image:height\" content=\"1080\" \/>\n\t<meta property=\"og:image:type\" content=\"image\/jpeg\" \/>\n<meta name=\"twitter:card\" content=\"summary_large_image\" \/>\n<script type=\"application\/ld+json\" class=\"yoast-schema-graph\">{\"@context\":\"https:\/\/schema.org\",\"@graph\":[{\"@type\":\"WebPage\",\"@id\":\"https:\/\/kirashoes.com\/et\/toode\/chelsea-rebel\/\",\"url\":\"https:\/\/kirashoes.com\/et\/toode\/chelsea-rebel\/\",\"name\":\"Chelsea Rebel - KIRA\",\"isPartOf\":{\"@id\":\"https:\/\/kirashoes.com\/et\/#website\"},\"primaryImageOfPage\":{\"@id\":\"https:\/\/kirashoes.com\/et\/toode\/chelsea-rebel\/#primaryimage\"},\"image\":{\"@id\":\"https:\/\/kirashoes.com\/et\/toode\/chelsea-rebel\/#primaryimage\"},\"thumbnailUrl\":\"https:\/\/kirashoes.com\/wp-content\/uploads\/2025\/09\/KIRA_Chelsea-Rebel_1.jpg\",\"datePublished\":\"2025-11-04T16:32:36+00:00\",\"dateModified\":\"2026-04-16T07:23:49+00:00\",\"breadcrumb\":{\"@id\":\"https:\/\/kirashoes.com\/et\/toode\/chelsea-rebel\/#breadcrumb\"},\"inLanguage\":\"et\",\"potentialAction\":[{\"@type\":\"ReadAction\",\"target\":[\"https:\/\/kirashoes.com\/et\/toode\/chelsea-rebel\/\"]}]},{\"@type\":\"ImageObject\",\"inLanguage\":\"et\",\"@id\":\"https:\/\/kirashoes.com\/et\/toode\/chelsea-rebel\/#primaryimage\",\"url\":\"https:\/\/kirashoes.com\/wp-content\/uploads\/2025\/09\/KIRA_Chelsea-Rebel_1.jpg\",\"contentUrl\":\"https:\/\/kirashoes.com\/wp-content\/uploads\/2025\/09\/KIRA_Chelsea-Rebel_1.jpg\",\"width\":1080,\"height\":1080},{\"@type\":\"BreadcrumbList\",\"@id\":\"https:\/\/kirashoes.com\/et\/toode\/chelsea-rebel\/#breadcrumb\",\"itemListElement\":[{\"@type\":\"ListItem\",\"position\":1,\"name\":\"Home\",\"item\":\"https:\/\/kirashoes.com\/\"},{\"@type\":\"ListItem\",\"position\":2,\"name\":\"All products\",\"item\":\"https:\/\/kirashoes.com\/all-products\/\"},{\"@type\":\"ListItem\",\"position\":3,\"name\":\"Chelsea Rebel\"}]},{\"@type\":\"WebSite\",\"@id\":\"https:\/\/kirashoes.com\/et\/#website\",\"url\":\"https:\/\/kirashoes.com\/et\/\",\"name\":\"KIRA\",\"description\":\"Leave no trace \u2661 Sustainable footwear and activewear made in Estonia.\",\"publisher\":{\"@id\":\"https:\/\/kirashoes.com\/et\/#organization\"},\"potentialAction\":[{\"@type\":\"SearchAction\",\"target\":{\"@type\":\"EntryPoint\",\"urlTemplate\":\"https:\/\/kirashoes.com\/et\/?s={search_term_string}\"},\"query-input\":{\"@type\":\"PropertyValueSpecification\",\"valueRequired\":true,\"valueName\":\"search_term_string\"}}],\"inLanguage\":\"et\"},{\"@type\":\"Organization\",\"@id\":\"https:\/\/kirashoes.com\/et\/#organization\",\"name\":\"KIRA\",\"url\":\"https:\/\/kirashoes.com\/et\/\",\"logo\":{\"@type\":\"ImageObject\",\"inLanguage\":\"et\",\"@id\":\"https:\/\/kirashoes.com\/et\/#\/schema\/logo\/image\/\",\"url\":\"https:\/\/kirashoes.com\/wp-content\/uploads\/2022\/01\/KIRA-logo_vol2-1.svg\",\"contentUrl\":\"https:\/\/kirashoes.com\/wp-content\/uploads\/2022\/01\/KIRA-logo_vol2-1.svg\",\"caption\":\"KIRA\"},\"image\":{\"@id\":\"https:\/\/kirashoes.com\/et\/#\/schema\/logo\/image\/\"}}]}<\/script>\n<!-- \/ Yoast SEO plugin. -->","yoast_head_json":{"title":"Chelsea Rebel - KIRA","robots":{"index":"index","follow":"follow","max-snippet":"max-snippet:-1","max-image-preview":"max-image-preview:large","max-video-preview":"max-video-preview:-1"},"canonical":"https:\/\/kirashoes.com\/et\/toode\/chelsea-rebel\/","og_locale":"et_EE","og_type":"article","og_title":"Chelsea Rebel - KIRA","og_description":"Sinu suurust pole? Huvi korral lisa ennast soovilisti v\u00f5i kirjuta sales@kirashoes.com.   \u2014  Meie selle hooaja erimudel, Chelsea Rebel, on inspireeritud klassikalisest jalan\u00f5ust, kuid lisab juurde modernseid n\u00fcansse ja uudsete materjalide funktsionaalsust..   Nende Eestis valmistatud KIRA saabaste p\u00f5hiomadused on:   \u2713 kauaoodatud spordijalatsitele omane kergus, aga julge v\u00e4limusega tald, mis on vastupidav ja p\u00f5rutust v\u00e4hendav;   \u2713 klientide soovitud pikendatud s\u00e4\u00e4reosa, et k\u00fclma- ja tuulekartlikumad jalad oleksid veelgi enam kaetud ja et lumi ega vihmavesi p\u00e4\u00e4seks aktiivsel liikumisel saapa sisse;   \u2713 sisek\u00fclje peal kergesti libisev lukk, et n\u00fc\u00fcd pikendatud s\u00e4\u00e4reosaga jalan\u00f5usid oleks kiire ja mugav jalga s\u00e4ttida, sest mis saaks t\u00fc\u00fctum olla kui krussis sokk v\u00f5i \u00fclesse roninud p\u00fcksis\u00e4\u00e4r;   \u2713 Coolmax vooder, mis on temperatuuri reguleeriv, hingav, kiiresti kuivav ja v\u00f5imaldab saapapaari kanda lausa neljal aastaajal;   \u2713 naha v\u00e4limuse ja omadustega mikrofiibrist v\u00e4lismaterjal, mis on ekstreemselt kulumiskindel, kerge, hingav ja kergesti puhastatav;   Chelsea Rebel on disain, mis sobib nii argip\u00e4eva kui ka viisakamateks \u00fcritusteks \u2013 t\u00f5siselt praktiline nelja aastaaja jalan\u00f5u.   KIRA ei kasuta loomset p\u00e4ritolu materjale.   Mitmes osas tasumise v\u00f5imalus.","og_url":"https:\/\/kirashoes.com\/et\/toode\/chelsea-rebel\/","og_site_name":"KIRA","article_modified_time":"2026-04-16T07:23:49+00:00","og_image":[{"width":1080,"height":1080,"url":"https:\/\/kirashoes.com\/wp-content\/uploads\/2025\/09\/KIRA_Chelsea-Rebel_1.jpg","type":"image\/jpeg"}],"twitter_card":"summary_large_image","schema":{"@context":"https:\/\/schema.org","@graph":[{"@type":"WebPage","@id":"https:\/\/kirashoes.com\/et\/toode\/chelsea-rebel\/","url":"https:\/\/kirashoes.com\/et\/toode\/chelsea-rebel\/","name":"Chelsea Rebel - KIRA","isPartOf":{"@id":"https:\/\/kirashoes.com\/et\/#website"},"primaryImageOfPage":{"@id":"https:\/\/kirashoes.com\/et\/toode\/chelsea-rebel\/#primaryimage"},"image":{"@id":"https:\/\/kirashoes.com\/et\/toode\/chelsea-rebel\/#primaryimage"},"thumbnailUrl":"https:\/\/kirashoes.com\/wp-content\/uploads\/2025\/09\/KIRA_Chelsea-Rebel_1.jpg","datePublished":"2025-11-04T16:32:36+00:00","dateModified":"2026-04-16T07:23:49+00:00","breadcrumb":{"@id":"https:\/\/kirashoes.com\/et\/toode\/chelsea-rebel\/#breadcrumb"},"inLanguage":"et","potentialAction":[{"@type":"ReadAction","target":["https:\/\/kirashoes.com\/et\/toode\/chelsea-rebel\/"]}]},{"@type":"ImageObject","inLanguage":"et","@id":"https:\/\/kirashoes.com\/et\/toode\/chelsea-rebel\/#primaryimage","url":"https:\/\/kirashoes.com\/wp-content\/uploads\/2025\/09\/KIRA_Chelsea-Rebel_1.jpg","contentUrl":"https:\/\/kirashoes.com\/wp-content\/uploads\/2025\/09\/KIRA_Chelsea-Rebel_1.jpg","width":1080,"height":1080},{"@type":"BreadcrumbList","@id":"https:\/\/kirashoes.com\/et\/toode\/chelsea-rebel\/#breadcrumb","itemListElement":[{"@type":"ListItem","position":1,"name":"Home","item":"https:\/\/kirashoes.com\/"},{"@type":"ListItem","position":2,"name":"All products","item":"https:\/\/kirashoes.com\/all-products\/"},{"@type":"ListItem","position":3,"name":"Chelsea Rebel"}]},{"@type":"WebSite","@id":"https:\/\/kirashoes.com\/et\/#website","url":"https:\/\/kirashoes.com\/et\/","name":"KIRA","description":"Leave no trace \u2661 Sustainable footwear and activewear made in Estonia.","publisher":{"@id":"https:\/\/kirashoes.com\/et\/#organization"},"potentialAction":[{"@type":"SearchAction","target":{"@type":"EntryPoint","urlTemplate":"https:\/\/kirashoes.com\/et\/?s={search_term_string}"},"query-input":{"@type":"PropertyValueSpecification","valueRequired":true,"valueName":"search_term_string"}}],"inLanguage":"et"},{"@type":"Organization","@id":"https:\/\/kirashoes.com\/et\/#organization","name":"KIRA","url":"https:\/\/kirashoes.com\/et\/","logo":{"@type":"ImageObject","inLanguage":"et","@id":"https:\/\/kirashoes.com\/et\/#\/schema\/logo\/image\/","url":"https:\/\/kirashoes.com\/wp-content\/uploads\/2022\/01\/KIRA-logo_vol2-1.svg","contentUrl":"https:\/\/kirashoes.com\/wp-content\/uploads\/2022\/01\/KIRA-logo_vol2-1.svg","caption":"KIRA"},"image":{"@id":"https:\/\/kirashoes.com\/et\/#\/schema\/logo\/image\/"}}]}},"_links":{"self":[{"href":"https:\/\/kirashoes.com\/et\/wp-json\/wp\/v2\/product\/23673","targetHints":{"allow":["GET"]}}],"collection":[{"href":"https:\/\/kirashoes.com\/et\/wp-json\/wp\/v2\/product"}],"about":[{"href":"https:\/\/kirashoes.com\/et\/wp-json\/wp\/v2\/types\/product"}],"replies":[{"embeddable":true,"href":"https:\/\/kirashoes.com\/et\/wp-json\/wp\/v2\/comments?post=23673"}],"wp:featuredmedia":[{"embeddable":true,"href":"https:\/\/kirashoes.com\/et\/wp-json\/wp\/v2\/media\/23104"}],"wp:attachment":[{"href":"https:\/\/kirashoes.com\/et\/wp-json\/wp\/v2\/media?parent=23673"}],"wp:term":[{"taxonomy":"product_brand","embeddable":true,"href":"https:\/\/kirashoes.com\/et\/wp-json\/wp\/v2\/product_brand?post=23673"},{"taxonomy":"product_cat","embeddable":true,"href":"https:\/\/kirashoes.com\/et\/wp-json\/wp\/v2\/product_cat?post=23673"},{"taxonomy":"product_tag","embeddable":true,"href":"https:\/\/kirashoes.com\/et\/wp-json\/wp\/v2\/product_tag?post=23673"},{"taxonomy":"giftcard-category","embeddable":true,"href":"https:\/\/kirashoes.com\/et\/wp-json\/wp\/v2\/giftcard-category?post=23673"}],"curies":[{"name":"wp","href":"https:\/\/api.w.org\/{rel}","templated":true}]}}