{"id":22891,"date":"2025-09-01T00:13:23","date_gmt":"2025-08-31T21:13:23","guid":{"rendered":"https:\/\/kirashoes.com\/?post_type=product&#038;p=22891"},"modified":"2026-03-23T16:29:39","modified_gmt":"2026-03-23T14:29:39","slug":"sinised-chelsea-saapad","status":"publish","type":"product","link":"https:\/\/kirashoes.com\/et\/toode\/sinised-chelsea-saapad\/","title":{"rendered":"Sinised Chelsea saapad"},"content":{"rendered":"<p>&nbsp;<\/p>\n<p>&nbsp;<\/p>\n","protected":false},"excerpt":{"rendered":"<p>Viimase paarid! Rohkem sinist v\u00e4rvi Chelsea saapaid juurde ei tule. Nende valmistamisel on \u00e4ra kasutatud v\u00e4ga kvaliteetsed laoj\u00e4\u00e4gid, mis on n\u00fc\u00fcd l\u00f5plikult otsas. <\/p>\n<p><em><span style=\"font-weight: 400;\">KIRA Chelsea saapad on ajatult stiilsed ja praktilised \u2013 klassika, mis s\u00fcndis juba 19. sajandi Inglismaal ning on j\u00e4\u00e4nud ikooniks t\u00e4nap\u00e4evani. Meie versioon toob ajaloolisse mudelisse modernse mugavuse, funktsionaalsuse ja uudsed materjalid.\u00a0<\/span><\/em><\/p>\n<p><span style=\"font-weight: 400;\">Eestis valmistatud KIRA Chelsea saabastel on:<\/span><\/p>\n<p><span style=\"font-weight: 400;\"><br \/>\n<\/span><span style=\"font-weight: 400;\">\u2713 S\u00fcgava mustriga roomiktald, mis on vastupidav ja p\u00f5rutust v\u00e4hendav.<\/span><\/p>\n<p><span style=\"font-weight: 400;\">\u2713 Coolmax vooder, mis on temperatuuri hoidev, hingav ja kiiresti kuivav.<\/span><\/p>\n<p><span style=\"font-weight: 400;\">\u2713 Naha v\u00e4limuse ja tunnetusega pealismaterjal, mis on pehme, hingav, \u00e4\u00e4rmiselt vastupidav ja kergesti puhastatav.\u00a0<\/span><\/p>\n<p><span style=\"font-weight: 400;\">\u2713 Klassikaline disain, mis sobib nii teksade kui kleidiga, kontorisse kui metsarajale. Meie Chelsea saapad saad kanda l\u00e4bi nelja aastaaja.\u00a0<\/span><\/p>\n<p><span style=\"font-weight: 400;\">\u2713 Nende saabaste valmistamisel pole kasutatud loomseid materjale.<\/span><\/p>\n<p><span style=\"font-weight: 400;\">Soovi korral saad tasuda hiljem \u2013 <a href=\"https:\/\/inbank.ee\/maksa-hiljem\">loe l\u00e4hemalt.<\/a><\/span><\/p>\n<p><span style=\"font-weight: 400;\">Saabastele kehtib 2-aastane garantii<\/span><\/p>\n<p><span style=\"font-weight: 400;\">Need saapad on Sulle justkui loodud. Lisaks annad oma panuse vee ja energia s\u00e4\u00e4stmisse. Loe l\u00e4hemalt meie toodete <a href=\"https:\/\/kirashoes.com\/et\/about\/\">j\u00e4tkusuutlikkuse<\/a> kohta.<\/span><\/p>\n","protected":false},"featured_media":23143,"comment_status":"open","ping_status":"closed","template":"","meta":{"site-sidebar-layout":"no-sidebar","site-content-layout":"default","ast-site-content-layout":"default","site-content-style":"default","site-sidebar-style":"default","ast-global-header-display":"","ast-banner-title-visibility":"","ast-main-header-display":"","ast-hfb-above-header-display":"","ast-hfb-below-header-display":"","ast-hfb-mobile-header-display":"","site-post-title":"","ast-breadcrumbs-content":"","ast-featured-img":"","footer-sml-layout":"","ast-disable-related-posts":"","theme-transparent-header-meta":"default","adv-header-id-meta":"","stick-header-meta":"default","header-above-stick-meta":"","header-main-stick-meta":"","header-below-stick-meta":"","astra-migrate-meta-layouts":"set","ast-page-background-enabled":"default","ast-page-background-meta":{"desktop":{"background-color":"","background-image":"","background-repeat":"repeat","background-position":"center center","background-size":"auto","background-attachment":"scroll","background-type":"","background-media":"","overlay-type":"","overlay-color":"","overlay-opacity":"","overlay-gradient":""},"tablet":{"background-color":"","background-image":"","background-repeat":"repeat","background-position":"center center","background-size":"auto","background-attachment":"scroll","background-type":"","background-media":"","overlay-type":"","overlay-color":"","overlay-opacity":"","overlay-gradient":""},"mobile":{"background-color":"","background-image":"","background-repeat":"repeat","background-position":"center center","background-size":"auto","background-attachment":"scroll","background-type":"","background-media":"","overlay-type":"","overlay-color":"","overlay-opacity":"","overlay-gradient":""}},"ast-content-background-meta":{"desktop":{"background-color":"var(--ast-global-color-5)","background-image":"","background-repeat":"repeat","background-position":"center center","background-size":"auto","background-attachment":"scroll","background-type":"","background-media":"","overlay-type":"","overlay-color":"","overlay-opacity":"","overlay-gradient":""},"tablet":{"background-color":"var(--ast-global-color-5)","background-image":"","background-repeat":"repeat","background-position":"center center","background-size":"auto","background-attachment":"scroll","background-type":"","background-media":"","overlay-type":"","overlay-color":"","overlay-opacity":"","overlay-gradient":""},"mobile":{"background-color":"var(--ast-global-color-5)","background-image":"","background-repeat":"repeat","background-position":"center center","background-size":"auto","background-attachment":"scroll","background-type":"","background-media":"","overlay-type":"","overlay-color":"","overlay-opacity":"","overlay-gradient":""}}},"product_brand":[],"product_cat":[58],"product_tag":[],"giftcard-category":[],"class_list":{"0":"post-22891","1":"product","2":"type-product","3":"status-publish","4":"has-post-thumbnail","6":"product_cat-saapad","7":"desktop-align-left","8":"tablet-align-left","9":"mobile-align-left","10":"ast-product-gallery-layout-horizontal-slider","11":"ast-product-single-variable","12":"ast-product-tabs-layout-horizontal","14":"first","15":"instock","16":"taxable","17":"shipping-taxable","18":"purchasable","19":"product-type-variable"},"yoast_head":"<!-- This site is optimized with the Yoast SEO plugin v26.5 - https:\/\/yoast.com\/wordpress\/plugins\/seo\/ -->\n<title>Sinised Chelsea saapad - KIRA<\/title>\n<meta name=\"robots\" content=\"index, follow, max-snippet:-1, max-image-preview:large, max-video-preview:-1\" \/>\n<link rel=\"canonical\" href=\"https:\/\/kirashoes.com\/et\/toode\/sinised-chelsea-saapad\/\" \/>\n<meta property=\"og:locale\" content=\"et_EE\" \/>\n<meta property=\"og:type\" content=\"article\" \/>\n<meta property=\"og:title\" content=\"Sinised Chelsea saapad - KIRA\" \/>\n<meta property=\"og:description\" content=\"Viimase paarid! Rohkem sinist v\u00e4rvi Chelsea saapaid juurde ei tule. Nende valmistamisel on \u00e4ra kasutatud v\u00e4ga kvaliteetsed laoj\u00e4\u00e4gid, mis on n\u00fc\u00fcd l\u00f5plikult otsas.    KIRA Chelsea saapad on ajatult stiilsed ja praktilised \u2013 klassika, mis s\u00fcndis juba 19. sajandi Inglismaal ning on j\u00e4\u00e4nud ikooniks t\u00e4nap\u00e4evani. Meie versioon toob ajaloolisse mudelisse modernse mugavuse, funktsionaalsuse ja uudsed materjalid.\u00a0    Eestis valmistatud KIRA Chelsea saabastel on:     \u2713 S\u00fcgava mustriga roomiktald, mis on vastupidav ja p\u00f5rutust v\u00e4hendav.    \u2713 Coolmax vooder, mis on temperatuuri hoidev, hingav ja kiiresti kuivav.   \u2713 Naha v\u00e4limuse ja tunnetusega pealismaterjal, mis on pehme, hingav, \u00e4\u00e4rmiselt vastupidav ja kergesti puhastatav.\u00a0   \u2713 Klassikaline disain, mis sobib nii teksade kui kleidiga, kontorisse kui metsarajale. Meie Chelsea saapad saad kanda l\u00e4bi nelja aastaaja.\u00a0   \u2713 Nende saabaste valmistamisel pole kasutatud loomseid materjale.      Soovi korral saad tasuda hiljem \u2013 loe l\u00e4hemalt.    Saabastele kehtib 2-aastane garantii    Need saapad on Sulle justkui loodud. Lisaks annad oma panuse vee ja energia s\u00e4\u00e4stmisse. Loe l\u00e4hemalt meie toodete j\u00e4tkusuutlikkuse kohta.\" \/>\n<meta property=\"og:url\" content=\"https:\/\/kirashoes.com\/et\/toode\/sinised-chelsea-saapad\/\" \/>\n<meta property=\"og:site_name\" content=\"KIRA\" \/>\n<meta property=\"article:modified_time\" content=\"2026-03-23T14:29:39+00:00\" \/>\n<meta property=\"og:image\" content=\"https:\/\/kirashoes.com\/wp-content\/uploads\/2025\/09\/KIRA_Chelsea-Sinine_1-1.jpg\" \/>\n\t<meta property=\"og:image:width\" content=\"1080\" \/>\n\t<meta property=\"og:image:height\" content=\"1080\" \/>\n\t<meta property=\"og:image:type\" content=\"image\/jpeg\" \/>\n<meta name=\"twitter:card\" content=\"summary_large_image\" \/>\n<script type=\"application\/ld+json\" class=\"yoast-schema-graph\">{\"@context\":\"https:\/\/schema.org\",\"@graph\":[{\"@type\":\"WebPage\",\"@id\":\"https:\/\/kirashoes.com\/et\/toode\/sinised-chelsea-saapad\/\",\"url\":\"https:\/\/kirashoes.com\/et\/toode\/sinised-chelsea-saapad\/\",\"name\":\"Sinised Chelsea saapad - KIRA\",\"isPartOf\":{\"@id\":\"https:\/\/kirashoes.com\/et\/#website\"},\"primaryImageOfPage\":{\"@id\":\"https:\/\/kirashoes.com\/et\/toode\/sinised-chelsea-saapad\/#primaryimage\"},\"image\":{\"@id\":\"https:\/\/kirashoes.com\/et\/toode\/sinised-chelsea-saapad\/#primaryimage\"},\"thumbnailUrl\":\"https:\/\/kirashoes.com\/wp-content\/uploads\/2025\/09\/KIRA_Chelsea-Sinine_1-1.jpg\",\"datePublished\":\"2025-08-31T21:13:23+00:00\",\"dateModified\":\"2026-03-23T14:29:39+00:00\",\"breadcrumb\":{\"@id\":\"https:\/\/kirashoes.com\/et\/toode\/sinised-chelsea-saapad\/#breadcrumb\"},\"inLanguage\":\"et\",\"potentialAction\":[{\"@type\":\"ReadAction\",\"target\":[\"https:\/\/kirashoes.com\/et\/toode\/sinised-chelsea-saapad\/\"]}]},{\"@type\":\"ImageObject\",\"inLanguage\":\"et\",\"@id\":\"https:\/\/kirashoes.com\/et\/toode\/sinised-chelsea-saapad\/#primaryimage\",\"url\":\"https:\/\/kirashoes.com\/wp-content\/uploads\/2025\/09\/KIRA_Chelsea-Sinine_1-1.jpg\",\"contentUrl\":\"https:\/\/kirashoes.com\/wp-content\/uploads\/2025\/09\/KIRA_Chelsea-Sinine_1-1.jpg\",\"width\":1080,\"height\":1080},{\"@type\":\"BreadcrumbList\",\"@id\":\"https:\/\/kirashoes.com\/et\/toode\/sinised-chelsea-saapad\/#breadcrumb\",\"itemListElement\":[{\"@type\":\"ListItem\",\"position\":1,\"name\":\"Home\",\"item\":\"https:\/\/kirashoes.com\/\"},{\"@type\":\"ListItem\",\"position\":2,\"name\":\"All products\",\"item\":\"https:\/\/kirashoes.com\/all-products\/\"},{\"@type\":\"ListItem\",\"position\":3,\"name\":\"Sinised Chelsea saapad\"}]},{\"@type\":\"WebSite\",\"@id\":\"https:\/\/kirashoes.com\/et\/#website\",\"url\":\"https:\/\/kirashoes.com\/et\/\",\"name\":\"KIRA\",\"description\":\"Leave no trace \u2661 Sustainable footwear and activewear made in Estonia.\",\"publisher\":{\"@id\":\"https:\/\/kirashoes.com\/et\/#organization\"},\"potentialAction\":[{\"@type\":\"SearchAction\",\"target\":{\"@type\":\"EntryPoint\",\"urlTemplate\":\"https:\/\/kirashoes.com\/et\/?s={search_term_string}\"},\"query-input\":{\"@type\":\"PropertyValueSpecification\",\"valueRequired\":true,\"valueName\":\"search_term_string\"}}],\"inLanguage\":\"et\"},{\"@type\":\"Organization\",\"@id\":\"https:\/\/kirashoes.com\/et\/#organization\",\"name\":\"KIRA\",\"url\":\"https:\/\/kirashoes.com\/et\/\",\"logo\":{\"@type\":\"ImageObject\",\"inLanguage\":\"et\",\"@id\":\"https:\/\/kirashoes.com\/et\/#\/schema\/logo\/image\/\",\"url\":\"https:\/\/kirashoes.com\/wp-content\/uploads\/2022\/01\/KIRA-logo_vol2-1.svg\",\"contentUrl\":\"https:\/\/kirashoes.com\/wp-content\/uploads\/2022\/01\/KIRA-logo_vol2-1.svg\",\"caption\":\"KIRA\"},\"image\":{\"@id\":\"https:\/\/kirashoes.com\/et\/#\/schema\/logo\/image\/\"}}]}<\/script>\n<!-- \/ Yoast SEO plugin. -->","yoast_head_json":{"title":"Sinised Chelsea saapad - KIRA","robots":{"index":"index","follow":"follow","max-snippet":"max-snippet:-1","max-image-preview":"max-image-preview:large","max-video-preview":"max-video-preview:-1"},"canonical":"https:\/\/kirashoes.com\/et\/toode\/sinised-chelsea-saapad\/","og_locale":"et_EE","og_type":"article","og_title":"Sinised Chelsea saapad - KIRA","og_description":"Viimase paarid! Rohkem sinist v\u00e4rvi Chelsea saapaid juurde ei tule. Nende valmistamisel on \u00e4ra kasutatud v\u00e4ga kvaliteetsed laoj\u00e4\u00e4gid, mis on n\u00fc\u00fcd l\u00f5plikult otsas.    KIRA Chelsea saapad on ajatult stiilsed ja praktilised \u2013 klassika, mis s\u00fcndis juba 19. sajandi Inglismaal ning on j\u00e4\u00e4nud ikooniks t\u00e4nap\u00e4evani. Meie versioon toob ajaloolisse mudelisse modernse mugavuse, funktsionaalsuse ja uudsed materjalid.\u00a0    Eestis valmistatud KIRA Chelsea saabastel on:     \u2713 S\u00fcgava mustriga roomiktald, mis on vastupidav ja p\u00f5rutust v\u00e4hendav.    \u2713 Coolmax vooder, mis on temperatuuri hoidev, hingav ja kiiresti kuivav.   \u2713 Naha v\u00e4limuse ja tunnetusega pealismaterjal, mis on pehme, hingav, \u00e4\u00e4rmiselt vastupidav ja kergesti puhastatav.\u00a0   \u2713 Klassikaline disain, mis sobib nii teksade kui kleidiga, kontorisse kui metsarajale. Meie Chelsea saapad saad kanda l\u00e4bi nelja aastaaja.\u00a0   \u2713 Nende saabaste valmistamisel pole kasutatud loomseid materjale.      Soovi korral saad tasuda hiljem \u2013 loe l\u00e4hemalt.    Saabastele kehtib 2-aastane garantii    Need saapad on Sulle justkui loodud. Lisaks annad oma panuse vee ja energia s\u00e4\u00e4stmisse. Loe l\u00e4hemalt meie toodete j\u00e4tkusuutlikkuse kohta.","og_url":"https:\/\/kirashoes.com\/et\/toode\/sinised-chelsea-saapad\/","og_site_name":"KIRA","article_modified_time":"2026-03-23T14:29:39+00:00","og_image":[{"width":1080,"height":1080,"url":"https:\/\/kirashoes.com\/wp-content\/uploads\/2025\/09\/KIRA_Chelsea-Sinine_1-1.jpg","type":"image\/jpeg"}],"twitter_card":"summary_large_image","schema":{"@context":"https:\/\/schema.org","@graph":[{"@type":"WebPage","@id":"https:\/\/kirashoes.com\/et\/toode\/sinised-chelsea-saapad\/","url":"https:\/\/kirashoes.com\/et\/toode\/sinised-chelsea-saapad\/","name":"Sinised Chelsea saapad - KIRA","isPartOf":{"@id":"https:\/\/kirashoes.com\/et\/#website"},"primaryImageOfPage":{"@id":"https:\/\/kirashoes.com\/et\/toode\/sinised-chelsea-saapad\/#primaryimage"},"image":{"@id":"https:\/\/kirashoes.com\/et\/toode\/sinised-chelsea-saapad\/#primaryimage"},"thumbnailUrl":"https:\/\/kirashoes.com\/wp-content\/uploads\/2025\/09\/KIRA_Chelsea-Sinine_1-1.jpg","datePublished":"2025-08-31T21:13:23+00:00","dateModified":"2026-03-23T14:29:39+00:00","breadcrumb":{"@id":"https:\/\/kirashoes.com\/et\/toode\/sinised-chelsea-saapad\/#breadcrumb"},"inLanguage":"et","potentialAction":[{"@type":"ReadAction","target":["https:\/\/kirashoes.com\/et\/toode\/sinised-chelsea-saapad\/"]}]},{"@type":"ImageObject","inLanguage":"et","@id":"https:\/\/kirashoes.com\/et\/toode\/sinised-chelsea-saapad\/#primaryimage","url":"https:\/\/kirashoes.com\/wp-content\/uploads\/2025\/09\/KIRA_Chelsea-Sinine_1-1.jpg","contentUrl":"https:\/\/kirashoes.com\/wp-content\/uploads\/2025\/09\/KIRA_Chelsea-Sinine_1-1.jpg","width":1080,"height":1080},{"@type":"BreadcrumbList","@id":"https:\/\/kirashoes.com\/et\/toode\/sinised-chelsea-saapad\/#breadcrumb","itemListElement":[{"@type":"ListItem","position":1,"name":"Home","item":"https:\/\/kirashoes.com\/"},{"@type":"ListItem","position":2,"name":"All products","item":"https:\/\/kirashoes.com\/all-products\/"},{"@type":"ListItem","position":3,"name":"Sinised Chelsea saapad"}]},{"@type":"WebSite","@id":"https:\/\/kirashoes.com\/et\/#website","url":"https:\/\/kirashoes.com\/et\/","name":"KIRA","description":"Leave no trace \u2661 Sustainable footwear and activewear made in Estonia.","publisher":{"@id":"https:\/\/kirashoes.com\/et\/#organization"},"potentialAction":[{"@type":"SearchAction","target":{"@type":"EntryPoint","urlTemplate":"https:\/\/kirashoes.com\/et\/?s={search_term_string}"},"query-input":{"@type":"PropertyValueSpecification","valueRequired":true,"valueName":"search_term_string"}}],"inLanguage":"et"},{"@type":"Organization","@id":"https:\/\/kirashoes.com\/et\/#organization","name":"KIRA","url":"https:\/\/kirashoes.com\/et\/","logo":{"@type":"ImageObject","inLanguage":"et","@id":"https:\/\/kirashoes.com\/et\/#\/schema\/logo\/image\/","url":"https:\/\/kirashoes.com\/wp-content\/uploads\/2022\/01\/KIRA-logo_vol2-1.svg","contentUrl":"https:\/\/kirashoes.com\/wp-content\/uploads\/2022\/01\/KIRA-logo_vol2-1.svg","caption":"KIRA"},"image":{"@id":"https:\/\/kirashoes.com\/et\/#\/schema\/logo\/image\/"}}]}},"_links":{"self":[{"href":"https:\/\/kirashoes.com\/et\/wp-json\/wp\/v2\/product\/22891","targetHints":{"allow":["GET"]}}],"collection":[{"href":"https:\/\/kirashoes.com\/et\/wp-json\/wp\/v2\/product"}],"about":[{"href":"https:\/\/kirashoes.com\/et\/wp-json\/wp\/v2\/types\/product"}],"replies":[{"embeddable":true,"href":"https:\/\/kirashoes.com\/et\/wp-json\/wp\/v2\/comments?post=22891"}],"wp:featuredmedia":[{"embeddable":true,"href":"https:\/\/kirashoes.com\/et\/wp-json\/wp\/v2\/media\/23143"}],"wp:attachment":[{"href":"https:\/\/kirashoes.com\/et\/wp-json\/wp\/v2\/media?parent=22891"}],"wp:term":[{"taxonomy":"product_brand","embeddable":true,"href":"https:\/\/kirashoes.com\/et\/wp-json\/wp\/v2\/product_brand?post=22891"},{"taxonomy":"product_cat","embeddable":true,"href":"https:\/\/kirashoes.com\/et\/wp-json\/wp\/v2\/product_cat?post=22891"},{"taxonomy":"product_tag","embeddable":true,"href":"https:\/\/kirashoes.com\/et\/wp-json\/wp\/v2\/product_tag?post=22891"},{"taxonomy":"giftcard-category","embeddable":true,"href":"https:\/\/kirashoes.com\/et\/wp-json\/wp\/v2\/giftcard-category?post=22891"}],"curies":[{"name":"wp","href":"https:\/\/api.w.org\/{rel}","templated":true}]}}