{"id":21877,"date":"2025-05-07T16:02:22","date_gmt":"2025-05-07T13:02:22","guid":{"rendered":"https:\/\/kirashoes.com\/?post_type=product&#038;p=21877"},"modified":"2026-03-15T15:06:59","modified_gmt":"2026-03-15T13:06:59","slug":"kira-baleriina","status":"publish","type":"product","link":"https:\/\/kirashoes.com\/et\/toode\/kira-baleriina\/","title":{"rendered":"KIRA baleriina"},"content":{"rendered":"<p>KIRA baleriinad on tagasi\u2026 hoopis uues vormis, j\u00e4tkuvalt rehvitaldade ja teistest \u00fcmbert\u00f6\u00f6deldud materjalidest.<br \/>\nKlassika, mis sobib igasse ajastusse ja igasse hetke.<br \/>\n<br \/>\nValmistatud Eestis \u2013 kasutades hoolikalt valitud komponente Itaaliast.<\/p>\n<p>\u3002\u3002\u3002<\/p>\n<p>Soovi korral saad <a href=\"https:\/\/inbank.ee\/maksa-hiljem\"><strong>tasuda hiljem- loe l\u00e4hemalt.\u00a0<\/strong><\/a><\/p>\n<p>\u3002\u3002\u3002<\/p>\n<p>Meie stiilsed baleriinad peaaegu kallistavad Sinu jalgu, kuid need ei ole lihtsalt mugavad. Loe l\u00e4hemalt meie toodete <a href=\"https:\/\/kirashoes.com\/et\/jatkusuutlikkus\/\">j\u00e4tkusuutlikkuse<\/a> kohta.<\/p>\n<p>Vahetamine \/ Tagastamine:<br \/>\nKasutamisj\u00e4lgede puudumisel aktsepteerime tagastusi ja vahetusi 45 p\u00e4eva peale kauba k\u00e4ttesaamist.<\/p>\n","protected":false},"excerpt":{"rendered":"<p>KIRA baleriinad on:<br \/>\n<br \/>\n\u2713 Valmistatud k\u00e4sit\u00f6\u00f6na Eestis<br \/>\n<br \/>\n\u2713 Tald rehvist, pealne tekstiilij\u00e4\u00e4kidest<br \/>\n<br \/>\n\u2713 Mugav, sulgkerge, hingav, \u00f5rn naha vastu, kohandub jalaga<br \/>\n<br \/>\n\u2713 Klassikaline v\u00e4limus, sobides kontorisse v\u00f5i aiapeole, nii kleidi kui ka p\u00fckstega<\/p>\n<p>\u3002\u3002\u3002<\/p>\n<p>Sinu numbrit pole? Lisa toode <a href=\"https:\/\/kirashoes.com\/et\/soovilist\/\" target=\"_blank\" rel=\"noopener\">soovinimekirja<\/a> v\u00f5i saada s\u00f5num: sales@kirashoes.com<\/p>\n<p>\u3002\u3002\u3002<\/p>\n<p data-start=\"387\" data-end=\"669\"><strong data-start=\"387\" data-end=\"468\">NB! KIRA baleriina liist on sobilik pigem keskmise ja kitsama jalalaba jaoks.<\/strong><br data-start=\"468\" data-end=\"471\" \/>Kui sul on laiem jalg, siis v\u00f5ib see mudel tunduda esialgu veidi kitsas. Materjal on k\u00fcll elastne ja kohandub kandmisega, kuid soovitame kaaluda teisi mudeleid, kui eelistad ruumikamat istuvust.<\/p>\n<p data-start=\"676\" data-end=\"759\">Kui sa pole kindel, kirjuta meile sales@kirashoes.com \u2013 aitame hea meelega suuruse valikul.<\/p>\n<p>&nbsp;<\/p>\n<p>\u3002\u3002\u3002<\/p>\n<p>Hooldus: Puhasta niiske lapiga. Palun v\u00e4ldi pesumasinas pesemist.<\/p>\n","protected":false},"featured_media":21899,"comment_status":"open","ping_status":"closed","template":"","meta":{"site-sidebar-layout":"no-sidebar","site-content-layout":"default","ast-site-content-layout":"default","site-content-style":"default","site-sidebar-style":"default","ast-global-header-display":"","ast-banner-title-visibility":"","ast-main-header-display":"","ast-hfb-above-header-display":"","ast-hfb-below-header-display":"","ast-hfb-mobile-header-display":"","site-post-title":"","ast-breadcrumbs-content":"","ast-featured-img":"","footer-sml-layout":"","ast-disable-related-posts":"","theme-transparent-header-meta":"default","adv-header-id-meta":"","stick-header-meta":"default","header-above-stick-meta":"","header-main-stick-meta":"","header-below-stick-meta":"","astra-migrate-meta-layouts":"set","ast-page-background-enabled":"default","ast-page-background-meta":{"desktop":{"background-color":"","background-image":"","background-repeat":"repeat","background-position":"center center","background-size":"auto","background-attachment":"scroll","background-type":"","background-media":"","overlay-type":"","overlay-color":"","overlay-opacity":"","overlay-gradient":""},"tablet":{"background-color":"","background-image":"","background-repeat":"repeat","background-position":"center center","background-size":"auto","background-attachment":"scroll","background-type":"","background-media":"","overlay-type":"","overlay-color":"","overlay-opacity":"","overlay-gradient":""},"mobile":{"background-color":"","background-image":"","background-repeat":"repeat","background-position":"center center","background-size":"auto","background-attachment":"scroll","background-type":"","background-media":"","overlay-type":"","overlay-color":"","overlay-opacity":"","overlay-gradient":""}},"ast-content-background-meta":{"desktop":{"background-color":"var(--ast-global-color-5)","background-image":"","background-repeat":"repeat","background-position":"center center","background-size":"auto","background-attachment":"scroll","background-type":"","background-media":"","overlay-type":"","overlay-color":"","overlay-opacity":"","overlay-gradient":""},"tablet":{"background-color":"var(--ast-global-color-5)","background-image":"","background-repeat":"repeat","background-position":"center center","background-size":"auto","background-attachment":"scroll","background-type":"","background-media":"","overlay-type":"","overlay-color":"","overlay-opacity":"","overlay-gradient":""},"mobile":{"background-color":"var(--ast-global-color-5)","background-image":"","background-repeat":"repeat","background-position":"center center","background-size":"auto","background-attachment":"scroll","background-type":"","background-media":"","overlay-type":"","overlay-color":"","overlay-opacity":"","overlay-gradient":""}}},"product_brand":[],"product_cat":[58],"product_tag":[],"giftcard-category":[],"class_list":{"0":"post-21877","1":"product","2":"type-product","3":"status-publish","4":"has-post-thumbnail","6":"product_cat-saapad","7":"desktop-align-left","8":"tablet-align-left","9":"mobile-align-left","10":"ast-product-gallery-layout-horizontal-slider","11":"ast-product-single-variable","12":"ast-product-tabs-layout-horizontal","14":"first","15":"instock","16":"sale","17":"taxable","18":"shipping-taxable","19":"purchasable","20":"product-type-variable"},"yoast_head":"<!-- This site is optimized with the Yoast SEO plugin v26.5 - https:\/\/yoast.com\/wordpress\/plugins\/seo\/ -->\n<title>KIRA baleriina - KIRA<\/title>\n<meta name=\"robots\" content=\"index, follow, max-snippet:-1, max-image-preview:large, max-video-preview:-1\" \/>\n<link rel=\"canonical\" href=\"https:\/\/kirashoes.com\/et\/toode\/kira-baleriina\/\" \/>\n<meta property=\"og:locale\" content=\"et_EE\" \/>\n<meta property=\"og:type\" content=\"article\" \/>\n<meta property=\"og:title\" content=\"KIRA baleriina - KIRA\" \/>\n<meta property=\"og:description\" content=\"KIRA baleriinad on:  \u2713 Valmistatud k\u00e4sit\u00f6\u00f6na Eestis  \u2713 Tald rehvist, pealne tekstiilij\u00e4\u00e4kidest  \u2713 Mugav, sulgkerge, hingav, \u00f5rn naha vastu, kohandub jalaga  \u2713 Klassikaline v\u00e4limus, sobides kontorisse v\u00f5i aiapeole, nii kleidi kui ka p\u00fckstega    \u3002\u3002\u3002    Sinu numbrit pole? Lisa toode soovinimekirja v\u00f5i saada s\u00f5num: sales@kirashoes.com    \u3002\u3002\u3002   NB! KIRA baleriina liist on sobilik pigem keskmise ja kitsama jalalaba jaoks.Kui sul on laiem jalg, siis v\u00f5ib see mudel tunduda esialgu veidi kitsas. Materjal on k\u00fcll elastne ja kohandub kandmisega, kuid soovitame kaaluda teisi mudeleid, kui eelistad ruumikamat istuvust. Kui sa pole kindel, kirjuta meile sales@kirashoes.com \u2013 aitame hea meelega suuruse valikul. &nbsp;   \u3002\u3002\u3002    Hooldus: Puhasta niiske lapiga. Palun v\u00e4ldi pesumasinas pesemist.\" \/>\n<meta property=\"og:url\" content=\"https:\/\/kirashoes.com\/et\/toode\/kira-baleriina\/\" \/>\n<meta property=\"og:site_name\" content=\"KIRA\" \/>\n<meta property=\"article:modified_time\" content=\"2026-03-15T13:06:59+00:00\" \/>\n<meta property=\"og:image\" content=\"https:\/\/kirashoes.com\/wp-content\/uploads\/2025\/05\/kira-ballerina-3.jpg\" \/>\n\t<meta property=\"og:image:width\" content=\"1080\" \/>\n\t<meta property=\"og:image:height\" content=\"1080\" \/>\n\t<meta property=\"og:image:type\" content=\"image\/jpeg\" \/>\n<meta name=\"twitter:card\" content=\"summary_large_image\" \/>\n<script type=\"application\/ld+json\" class=\"yoast-schema-graph\">{\"@context\":\"https:\/\/schema.org\",\"@graph\":[{\"@type\":\"WebPage\",\"@id\":\"https:\/\/kirashoes.com\/et\/toode\/kira-baleriina\/\",\"url\":\"https:\/\/kirashoes.com\/et\/toode\/kira-baleriina\/\",\"name\":\"KIRA baleriina - KIRA\",\"isPartOf\":{\"@id\":\"https:\/\/kirashoes.com\/et\/#website\"},\"primaryImageOfPage\":{\"@id\":\"https:\/\/kirashoes.com\/et\/toode\/kira-baleriina\/#primaryimage\"},\"image\":{\"@id\":\"https:\/\/kirashoes.com\/et\/toode\/kira-baleriina\/#primaryimage\"},\"thumbnailUrl\":\"https:\/\/kirashoes.com\/wp-content\/uploads\/2025\/05\/kira-ballerina-3.jpg\",\"datePublished\":\"2025-05-07T13:02:22+00:00\",\"dateModified\":\"2026-03-15T13:06:59+00:00\",\"breadcrumb\":{\"@id\":\"https:\/\/kirashoes.com\/et\/toode\/kira-baleriina\/#breadcrumb\"},\"inLanguage\":\"et\",\"potentialAction\":[{\"@type\":\"ReadAction\",\"target\":[\"https:\/\/kirashoes.com\/et\/toode\/kira-baleriina\/\"]}]},{\"@type\":\"ImageObject\",\"inLanguage\":\"et\",\"@id\":\"https:\/\/kirashoes.com\/et\/toode\/kira-baleriina\/#primaryimage\",\"url\":\"https:\/\/kirashoes.com\/wp-content\/uploads\/2025\/05\/kira-ballerina-3.jpg\",\"contentUrl\":\"https:\/\/kirashoes.com\/wp-content\/uploads\/2025\/05\/kira-ballerina-3.jpg\",\"width\":1080,\"height\":1080},{\"@type\":\"BreadcrumbList\",\"@id\":\"https:\/\/kirashoes.com\/et\/toode\/kira-baleriina\/#breadcrumb\",\"itemListElement\":[{\"@type\":\"ListItem\",\"position\":1,\"name\":\"Home\",\"item\":\"https:\/\/kirashoes.com\/\"},{\"@type\":\"ListItem\",\"position\":2,\"name\":\"All products\",\"item\":\"https:\/\/kirashoes.com\/all-products\/\"},{\"@type\":\"ListItem\",\"position\":3,\"name\":\"KIRA baleriina\"}]},{\"@type\":\"WebSite\",\"@id\":\"https:\/\/kirashoes.com\/et\/#website\",\"url\":\"https:\/\/kirashoes.com\/et\/\",\"name\":\"KIRA\",\"description\":\"Leave no trace \u2661 Sustainable footwear and activewear made in Estonia.\",\"publisher\":{\"@id\":\"https:\/\/kirashoes.com\/et\/#organization\"},\"potentialAction\":[{\"@type\":\"SearchAction\",\"target\":{\"@type\":\"EntryPoint\",\"urlTemplate\":\"https:\/\/kirashoes.com\/et\/?s={search_term_string}\"},\"query-input\":{\"@type\":\"PropertyValueSpecification\",\"valueRequired\":true,\"valueName\":\"search_term_string\"}}],\"inLanguage\":\"et\"},{\"@type\":\"Organization\",\"@id\":\"https:\/\/kirashoes.com\/et\/#organization\",\"name\":\"KIRA\",\"url\":\"https:\/\/kirashoes.com\/et\/\",\"logo\":{\"@type\":\"ImageObject\",\"inLanguage\":\"et\",\"@id\":\"https:\/\/kirashoes.com\/et\/#\/schema\/logo\/image\/\",\"url\":\"https:\/\/kirashoes.com\/wp-content\/uploads\/2022\/01\/KIRA-logo_vol2-1.svg\",\"contentUrl\":\"https:\/\/kirashoes.com\/wp-content\/uploads\/2022\/01\/KIRA-logo_vol2-1.svg\",\"caption\":\"KIRA\"},\"image\":{\"@id\":\"https:\/\/kirashoes.com\/et\/#\/schema\/logo\/image\/\"}}]}<\/script>\n<!-- \/ Yoast SEO plugin. -->","yoast_head_json":{"title":"KIRA baleriina - KIRA","robots":{"index":"index","follow":"follow","max-snippet":"max-snippet:-1","max-image-preview":"max-image-preview:large","max-video-preview":"max-video-preview:-1"},"canonical":"https:\/\/kirashoes.com\/et\/toode\/kira-baleriina\/","og_locale":"et_EE","og_type":"article","og_title":"KIRA baleriina - KIRA","og_description":"KIRA baleriinad on:  \u2713 Valmistatud k\u00e4sit\u00f6\u00f6na Eestis  \u2713 Tald rehvist, pealne tekstiilij\u00e4\u00e4kidest  \u2713 Mugav, sulgkerge, hingav, \u00f5rn naha vastu, kohandub jalaga  \u2713 Klassikaline v\u00e4limus, sobides kontorisse v\u00f5i aiapeole, nii kleidi kui ka p\u00fckstega    \u3002\u3002\u3002    Sinu numbrit pole? Lisa toode soovinimekirja v\u00f5i saada s\u00f5num: sales@kirashoes.com    \u3002\u3002\u3002   NB! KIRA baleriina liist on sobilik pigem keskmise ja kitsama jalalaba jaoks.Kui sul on laiem jalg, siis v\u00f5ib see mudel tunduda esialgu veidi kitsas. Materjal on k\u00fcll elastne ja kohandub kandmisega, kuid soovitame kaaluda teisi mudeleid, kui eelistad ruumikamat istuvust. Kui sa pole kindel, kirjuta meile sales@kirashoes.com \u2013 aitame hea meelega suuruse valikul. &nbsp;   \u3002\u3002\u3002    Hooldus: Puhasta niiske lapiga. Palun v\u00e4ldi pesumasinas pesemist.","og_url":"https:\/\/kirashoes.com\/et\/toode\/kira-baleriina\/","og_site_name":"KIRA","article_modified_time":"2026-03-15T13:06:59+00:00","og_image":[{"width":1080,"height":1080,"url":"https:\/\/kirashoes.com\/wp-content\/uploads\/2025\/05\/kira-ballerina-3.jpg","type":"image\/jpeg"}],"twitter_card":"summary_large_image","schema":{"@context":"https:\/\/schema.org","@graph":[{"@type":"WebPage","@id":"https:\/\/kirashoes.com\/et\/toode\/kira-baleriina\/","url":"https:\/\/kirashoes.com\/et\/toode\/kira-baleriina\/","name":"KIRA baleriina - KIRA","isPartOf":{"@id":"https:\/\/kirashoes.com\/et\/#website"},"primaryImageOfPage":{"@id":"https:\/\/kirashoes.com\/et\/toode\/kira-baleriina\/#primaryimage"},"image":{"@id":"https:\/\/kirashoes.com\/et\/toode\/kira-baleriina\/#primaryimage"},"thumbnailUrl":"https:\/\/kirashoes.com\/wp-content\/uploads\/2025\/05\/kira-ballerina-3.jpg","datePublished":"2025-05-07T13:02:22+00:00","dateModified":"2026-03-15T13:06:59+00:00","breadcrumb":{"@id":"https:\/\/kirashoes.com\/et\/toode\/kira-baleriina\/#breadcrumb"},"inLanguage":"et","potentialAction":[{"@type":"ReadAction","target":["https:\/\/kirashoes.com\/et\/toode\/kira-baleriina\/"]}]},{"@type":"ImageObject","inLanguage":"et","@id":"https:\/\/kirashoes.com\/et\/toode\/kira-baleriina\/#primaryimage","url":"https:\/\/kirashoes.com\/wp-content\/uploads\/2025\/05\/kira-ballerina-3.jpg","contentUrl":"https:\/\/kirashoes.com\/wp-content\/uploads\/2025\/05\/kira-ballerina-3.jpg","width":1080,"height":1080},{"@type":"BreadcrumbList","@id":"https:\/\/kirashoes.com\/et\/toode\/kira-baleriina\/#breadcrumb","itemListElement":[{"@type":"ListItem","position":1,"name":"Home","item":"https:\/\/kirashoes.com\/"},{"@type":"ListItem","position":2,"name":"All products","item":"https:\/\/kirashoes.com\/all-products\/"},{"@type":"ListItem","position":3,"name":"KIRA baleriina"}]},{"@type":"WebSite","@id":"https:\/\/kirashoes.com\/et\/#website","url":"https:\/\/kirashoes.com\/et\/","name":"KIRA","description":"Leave no trace \u2661 Sustainable footwear and activewear made in Estonia.","publisher":{"@id":"https:\/\/kirashoes.com\/et\/#organization"},"potentialAction":[{"@type":"SearchAction","target":{"@type":"EntryPoint","urlTemplate":"https:\/\/kirashoes.com\/et\/?s={search_term_string}"},"query-input":{"@type":"PropertyValueSpecification","valueRequired":true,"valueName":"search_term_string"}}],"inLanguage":"et"},{"@type":"Organization","@id":"https:\/\/kirashoes.com\/et\/#organization","name":"KIRA","url":"https:\/\/kirashoes.com\/et\/","logo":{"@type":"ImageObject","inLanguage":"et","@id":"https:\/\/kirashoes.com\/et\/#\/schema\/logo\/image\/","url":"https:\/\/kirashoes.com\/wp-content\/uploads\/2022\/01\/KIRA-logo_vol2-1.svg","contentUrl":"https:\/\/kirashoes.com\/wp-content\/uploads\/2022\/01\/KIRA-logo_vol2-1.svg","caption":"KIRA"},"image":{"@id":"https:\/\/kirashoes.com\/et\/#\/schema\/logo\/image\/"}}]}},"_links":{"self":[{"href":"https:\/\/kirashoes.com\/et\/wp-json\/wp\/v2\/product\/21877","targetHints":{"allow":["GET"]}}],"collection":[{"href":"https:\/\/kirashoes.com\/et\/wp-json\/wp\/v2\/product"}],"about":[{"href":"https:\/\/kirashoes.com\/et\/wp-json\/wp\/v2\/types\/product"}],"replies":[{"embeddable":true,"href":"https:\/\/kirashoes.com\/et\/wp-json\/wp\/v2\/comments?post=21877"}],"wp:featuredmedia":[{"embeddable":true,"href":"https:\/\/kirashoes.com\/et\/wp-json\/wp\/v2\/media\/21899"}],"wp:attachment":[{"href":"https:\/\/kirashoes.com\/et\/wp-json\/wp\/v2\/media?parent=21877"}],"wp:term":[{"taxonomy":"product_brand","embeddable":true,"href":"https:\/\/kirashoes.com\/et\/wp-json\/wp\/v2\/product_brand?post=21877"},{"taxonomy":"product_cat","embeddable":true,"href":"https:\/\/kirashoes.com\/et\/wp-json\/wp\/v2\/product_cat?post=21877"},{"taxonomy":"product_tag","embeddable":true,"href":"https:\/\/kirashoes.com\/et\/wp-json\/wp\/v2\/product_tag?post=21877"},{"taxonomy":"giftcard-category","embeddable":true,"href":"https:\/\/kirashoes.com\/et\/wp-json\/wp\/v2\/giftcard-category?post=21877"}],"curies":[{"name":"wp","href":"https:\/\/api.w.org\/{rel}","templated":true}]}}