{"id":21645,"date":"2025-04-16T00:27:15","date_gmt":"2025-04-15T21:27:15","guid":{"rendered":"https:\/\/kirashoes.com\/?post_type=product&#038;p=21645"},"modified":"2026-02-08T00:48:24","modified_gmt":"2026-02-07T22:48:24","slug":"kira-loafer","status":"publish","type":"product","link":"https:\/\/kirashoes.com\/et\/toode\/kira-loafer\/","title":{"rendered":"KIRA Loafer"},"content":{"rendered":"<p>&nbsp;<\/p>\n<h3 class=\"LC20lb MBeuO DKV0Md\"><\/h3>\n<p>KIRA <em>loafer<\/em> kingad on:<br \/>\n<br \/>\n\u2713 Mugavad<br \/>\n<br \/>\n\u2713 Valmistatud Eestis<br \/>\n<br \/>\n\u2713 Ei sisalda midagi loomset<br \/>\n<br \/>\n\u2713 Loodud kestma<\/p>\n<p>\u3002\u3002\u3002<\/p>\n<p><strong>Materjalid:<\/strong><br \/>\n<br \/>\n<strong>\u2713 V\u00e4listald:<\/strong> s\u00fcgava mustriga roomiktald tagab vastupidavuse ja v\u00e4hendab p\u00f5rutust jalale<br \/>\n<br \/>\n<strong>\u2713 Vooder:<\/strong> Coolmax sisevooder on niiskustimav, hingav ja kiiresti kuivav.<br \/>\n<br \/>\n<strong>\u2713 Pealismaterjal:<\/strong> super heade omadustega mikrofiiber &#8211; pehme, hingav, vastupidav, kergesti puhastatav, sarnane tunnetus nahale, ei vaja hooldustooteid, Oeko-Tex Standard sertifikaat<\/p>\n<p>\u3002\u3002\u3002<\/p>\n<p><strong><br \/>\nHooldus: <\/strong>Puhasta niiske lapiga<\/p>\n<p>\u3002\u3002\u3002<\/p>\n<p><strong>Vahetamine \/ Tagastamine:<\/strong><br \/>\n<br \/>\n<strong>Kasutamisej\u00e4lgede puudumisel<\/strong> aktsepteerime tagastusi ja vahetusi <strong>45 p\u00e4eva<\/strong> peale kauba k\u00e4ttesaamist.<\/p>\n","protected":false},"excerpt":{"rendered":"<p><em><strong data-start=\"80\" data-end=\"174\">Loaferite ajalugu ulatub 1930.a Norrasse, kus neid kanti algselt koduste toakingadena. <\/strong>Nende stiilne ja lihtsalt jalga k\u00e4iv disain p\u00e4lvis kiiresti rahvusvahelist t\u00e4helepanu ning kujunes ajatuks moeklassikaks. See mudel on hinnatud oma stiili, elegantsi ja mitmek\u00fclgsuse poolest. KIRA loaferite juures on \u00fchendatud mugavus ja vastupidavus ning disaini lisatud tagasihoidlik naiselik n\u00fcanss.\u00a0<\/em><\/p>\n<p>\u3002\u3002\u3002<\/p>\n<p>Lisa toode <a href=\"https:\/\/kirashoes.com\/et\/soovilist\/\" target=\"_blank\" rel=\"noopener\">soovinimekirja<\/a> v\u00f5i saada s\u00f5num: sales@kirashoes.com<\/p>\n<p>\u3002\u3002\u3002<\/p>\n<p>\u2023 <strong>NB! See on meie ainus mudel, mille puhul soovitame valida v\u00e4iksema suuruse.<\/strong><br \/>\nKIRA loafer on disainitud veidi avarama liistuga ning sobib k\u00f5ige paremini keskmise kuni laia jalalabaga kandjale. Kui oled kahe suuruse vahel v\u00f5i tavaliselt kannad poolnumbrit, soovitame v\u00f5tta v\u00e4iksema variandi.<br \/>\n<br \/>\nKirjuta julgelt sales@kirashoes.com ja aitame sul leida just selle \u00f5ige paari.<\/p>\n<p>\u3002\u3002\u3002<\/p>\n<p>\u2023 Soovi korral saad tasuda ostu eest <a href=\"https:\/\/inbank.ee\/maksa-hiljem\"><strong>hiljem.<\/strong><\/a><\/p>\n<p>\u3002\u3002\u3002<\/p>\n<p>\u2023 Need stiilsed jalan\u00f5ud on Sulle justkui jalga valatud. Lisaks oled kandes oled panustanud vee ja energia s\u00e4\u00e4stmisele. Uuri l\u00e4hemalt meie toodete <a href=\"https:\/\/kirasustainable.com\/et\/about\/\" target=\"_blank\" rel=\"noopener\">j\u00e4tkusuutlikkuse<\/a> kohta.<\/p>\n","protected":false},"featured_media":21681,"comment_status":"open","ping_status":"closed","template":"","meta":{"site-sidebar-layout":"no-sidebar","site-content-layout":"default","ast-site-content-layout":"default","site-content-style":"default","site-sidebar-style":"default","ast-global-header-display":"","ast-banner-title-visibility":"","ast-main-header-display":"","ast-hfb-above-header-display":"","ast-hfb-below-header-display":"","ast-hfb-mobile-header-display":"","site-post-title":"","ast-breadcrumbs-content":"","ast-featured-img":"","footer-sml-layout":"","ast-disable-related-posts":"","theme-transparent-header-meta":"default","adv-header-id-meta":"","stick-header-meta":"default","header-above-stick-meta":"","header-main-stick-meta":"","header-below-stick-meta":"","astra-migrate-meta-layouts":"set","ast-page-background-enabled":"default","ast-page-background-meta":{"desktop":{"background-color":"","background-image":"","background-repeat":"repeat","background-position":"center center","background-size":"auto","background-attachment":"scroll","background-type":"","background-media":"","overlay-type":"","overlay-color":"","overlay-opacity":"","overlay-gradient":""},"tablet":{"background-color":"","background-image":"","background-repeat":"repeat","background-position":"center center","background-size":"auto","background-attachment":"scroll","background-type":"","background-media":"","overlay-type":"","overlay-color":"","overlay-opacity":"","overlay-gradient":""},"mobile":{"background-color":"","background-image":"","background-repeat":"repeat","background-position":"center center","background-size":"auto","background-attachment":"scroll","background-type":"","background-media":"","overlay-type":"","overlay-color":"","overlay-opacity":"","overlay-gradient":""}},"ast-content-background-meta":{"desktop":{"background-color":"var(--ast-global-color-5)","background-image":"","background-repeat":"repeat","background-position":"center center","background-size":"auto","background-attachment":"scroll","background-type":"","background-media":"","overlay-type":"","overlay-color":"","overlay-opacity":"","overlay-gradient":""},"tablet":{"background-color":"var(--ast-global-color-5)","background-image":"","background-repeat":"repeat","background-position":"center center","background-size":"auto","background-attachment":"scroll","background-type":"","background-media":"","overlay-type":"","overlay-color":"","overlay-opacity":"","overlay-gradient":""},"mobile":{"background-color":"var(--ast-global-color-5)","background-image":"","background-repeat":"repeat","background-position":"center center","background-size":"auto","background-attachment":"scroll","background-type":"","background-media":"","overlay-type":"","overlay-color":"","overlay-opacity":"","overlay-gradient":""}}},"product_brand":[],"product_cat":[58],"product_tag":[],"giftcard-category":[],"class_list":{"0":"post-21645","1":"product","2":"type-product","3":"status-publish","4":"has-post-thumbnail","6":"product_cat-saapad","7":"desktop-align-left","8":"tablet-align-left","9":"mobile-align-left","10":"ast-product-gallery-layout-horizontal-slider","11":"ast-product-single-variable","12":"ast-product-tabs-layout-horizontal","14":"first","15":"outofstock","16":"taxable","17":"shipping-taxable","18":"product-type-variable"},"yoast_head":"<!-- This site is optimized with the Yoast SEO plugin v26.5 - https:\/\/yoast.com\/wordpress\/plugins\/seo\/ -->\n<title>KIRA Loafer - KIRA<\/title>\n<meta name=\"robots\" content=\"index, follow, max-snippet:-1, max-image-preview:large, max-video-preview:-1\" \/>\n<link rel=\"canonical\" href=\"https:\/\/kirashoes.com\/et\/toode\/kira-loafer\/\" \/>\n<meta property=\"og:locale\" content=\"et_EE\" \/>\n<meta property=\"og:type\" content=\"article\" \/>\n<meta property=\"og:title\" content=\"KIRA Loafer - KIRA\" \/>\n<meta property=\"og:description\" content=\"Loaferite ajalugu ulatub 1930.a Norrasse, kus neid kanti algselt koduste toakingadena. Nende stiilne ja lihtsalt jalga k\u00e4iv disain p\u00e4lvis kiiresti rahvusvahelist t\u00e4helepanu ning kujunes ajatuks moeklassikaks. See mudel on hinnatud oma stiili, elegantsi ja mitmek\u00fclgsuse poolest. KIRA loaferite juures on \u00fchendatud mugavus ja vastupidavus ning disaini lisatud tagasihoidlik naiselik n\u00fcanss.\u00a0    \u3002\u3002\u3002    Lisa toode soovinimekirja v\u00f5i saada s\u00f5num: sales@kirashoes.com    \u3002\u3002\u3002     \u2023 NB! See on meie ainus mudel, mille puhul soovitame valida v\u00e4iksema suuruse. KIRA loafer on disainitud veidi avarama liistuga ning sobib k\u00f5ige paremini keskmise kuni laia jalalabaga kandjale. Kui oled kahe suuruse vahel v\u00f5i tavaliselt kannad poolnumbrit, soovitame v\u00f5tta v\u00e4iksema variandi.  Kirjuta julgelt sales@kirashoes.com ja aitame sul leida just selle \u00f5ige paari.    \u3002\u3002\u3002    \u2023 Soovi korral saad tasuda ostu eest hiljem.    \u3002\u3002\u3002    \u2023 Need stiilsed jalan\u00f5ud on Sulle justkui jalga valatud. Lisaks oled kandes oled panustanud vee ja energia s\u00e4\u00e4stmisele. Uuri l\u00e4hemalt meie toodete j\u00e4tkusuutlikkuse kohta.\" \/>\n<meta property=\"og:url\" content=\"https:\/\/kirashoes.com\/et\/toode\/kira-loafer\/\" \/>\n<meta property=\"og:site_name\" content=\"KIRA\" \/>\n<meta property=\"article:modified_time\" content=\"2026-02-07T22:48:24+00:00\" \/>\n<meta property=\"og:image\" content=\"https:\/\/kirashoes.com\/wp-content\/uploads\/2025\/04\/KIRA-NEW-START_loafer.jpg\" \/>\n\t<meta property=\"og:image:width\" content=\"1080\" \/>\n\t<meta property=\"og:image:height\" content=\"1080\" \/>\n\t<meta property=\"og:image:type\" content=\"image\/jpeg\" \/>\n<meta name=\"twitter:card\" content=\"summary_large_image\" \/>\n<script type=\"application\/ld+json\" class=\"yoast-schema-graph\">{\"@context\":\"https:\/\/schema.org\",\"@graph\":[{\"@type\":\"WebPage\",\"@id\":\"https:\/\/kirashoes.com\/et\/toode\/kira-loafer\/\",\"url\":\"https:\/\/kirashoes.com\/et\/toode\/kira-loafer\/\",\"name\":\"KIRA Loafer - KIRA\",\"isPartOf\":{\"@id\":\"https:\/\/kirashoes.com\/et\/#website\"},\"primaryImageOfPage\":{\"@id\":\"https:\/\/kirashoes.com\/et\/toode\/kira-loafer\/#primaryimage\"},\"image\":{\"@id\":\"https:\/\/kirashoes.com\/et\/toode\/kira-loafer\/#primaryimage\"},\"thumbnailUrl\":\"https:\/\/kirashoes.com\/wp-content\/uploads\/2025\/04\/KIRA-NEW-START_loafer.jpg\",\"datePublished\":\"2025-04-15T21:27:15+00:00\",\"dateModified\":\"2026-02-07T22:48:24+00:00\",\"breadcrumb\":{\"@id\":\"https:\/\/kirashoes.com\/et\/toode\/kira-loafer\/#breadcrumb\"},\"inLanguage\":\"et\",\"potentialAction\":[{\"@type\":\"ReadAction\",\"target\":[\"https:\/\/kirashoes.com\/et\/toode\/kira-loafer\/\"]}]},{\"@type\":\"ImageObject\",\"inLanguage\":\"et\",\"@id\":\"https:\/\/kirashoes.com\/et\/toode\/kira-loafer\/#primaryimage\",\"url\":\"https:\/\/kirashoes.com\/wp-content\/uploads\/2025\/04\/KIRA-NEW-START_loafer.jpg\",\"contentUrl\":\"https:\/\/kirashoes.com\/wp-content\/uploads\/2025\/04\/KIRA-NEW-START_loafer.jpg\",\"width\":1080,\"height\":1080},{\"@type\":\"BreadcrumbList\",\"@id\":\"https:\/\/kirashoes.com\/et\/toode\/kira-loafer\/#breadcrumb\",\"itemListElement\":[{\"@type\":\"ListItem\",\"position\":1,\"name\":\"Home\",\"item\":\"https:\/\/kirashoes.com\/\"},{\"@type\":\"ListItem\",\"position\":2,\"name\":\"All products\",\"item\":\"https:\/\/kirashoes.com\/all-products\/\"},{\"@type\":\"ListItem\",\"position\":3,\"name\":\"KIRA Loafer\"}]},{\"@type\":\"WebSite\",\"@id\":\"https:\/\/kirashoes.com\/et\/#website\",\"url\":\"https:\/\/kirashoes.com\/et\/\",\"name\":\"KIRA\",\"description\":\"Leave no trace \u2661 Sustainable footwear and activewear made in Estonia.\",\"publisher\":{\"@id\":\"https:\/\/kirashoes.com\/et\/#organization\"},\"potentialAction\":[{\"@type\":\"SearchAction\",\"target\":{\"@type\":\"EntryPoint\",\"urlTemplate\":\"https:\/\/kirashoes.com\/et\/?s={search_term_string}\"},\"query-input\":{\"@type\":\"PropertyValueSpecification\",\"valueRequired\":true,\"valueName\":\"search_term_string\"}}],\"inLanguage\":\"et\"},{\"@type\":\"Organization\",\"@id\":\"https:\/\/kirashoes.com\/et\/#organization\",\"name\":\"KIRA\",\"url\":\"https:\/\/kirashoes.com\/et\/\",\"logo\":{\"@type\":\"ImageObject\",\"inLanguage\":\"et\",\"@id\":\"https:\/\/kirashoes.com\/et\/#\/schema\/logo\/image\/\",\"url\":\"https:\/\/kirashoes.com\/wp-content\/uploads\/2022\/01\/KIRA-logo_vol2-1.svg\",\"contentUrl\":\"https:\/\/kirashoes.com\/wp-content\/uploads\/2022\/01\/KIRA-logo_vol2-1.svg\",\"caption\":\"KIRA\"},\"image\":{\"@id\":\"https:\/\/kirashoes.com\/et\/#\/schema\/logo\/image\/\"}}]}<\/script>\n<!-- \/ Yoast SEO plugin. -->","yoast_head_json":{"title":"KIRA Loafer - KIRA","robots":{"index":"index","follow":"follow","max-snippet":"max-snippet:-1","max-image-preview":"max-image-preview:large","max-video-preview":"max-video-preview:-1"},"canonical":"https:\/\/kirashoes.com\/et\/toode\/kira-loafer\/","og_locale":"et_EE","og_type":"article","og_title":"KIRA Loafer - KIRA","og_description":"Loaferite ajalugu ulatub 1930.a Norrasse, kus neid kanti algselt koduste toakingadena. Nende stiilne ja lihtsalt jalga k\u00e4iv disain p\u00e4lvis kiiresti rahvusvahelist t\u00e4helepanu ning kujunes ajatuks moeklassikaks. See mudel on hinnatud oma stiili, elegantsi ja mitmek\u00fclgsuse poolest. KIRA loaferite juures on \u00fchendatud mugavus ja vastupidavus ning disaini lisatud tagasihoidlik naiselik n\u00fcanss.\u00a0    \u3002\u3002\u3002    Lisa toode soovinimekirja v\u00f5i saada s\u00f5num: sales@kirashoes.com    \u3002\u3002\u3002     \u2023 NB! See on meie ainus mudel, mille puhul soovitame valida v\u00e4iksema suuruse. KIRA loafer on disainitud veidi avarama liistuga ning sobib k\u00f5ige paremini keskmise kuni laia jalalabaga kandjale. Kui oled kahe suuruse vahel v\u00f5i tavaliselt kannad poolnumbrit, soovitame v\u00f5tta v\u00e4iksema variandi.  Kirjuta julgelt sales@kirashoes.com ja aitame sul leida just selle \u00f5ige paari.    \u3002\u3002\u3002    \u2023 Soovi korral saad tasuda ostu eest hiljem.    \u3002\u3002\u3002    \u2023 Need stiilsed jalan\u00f5ud on Sulle justkui jalga valatud. Lisaks oled kandes oled panustanud vee ja energia s\u00e4\u00e4stmisele. Uuri l\u00e4hemalt meie toodete j\u00e4tkusuutlikkuse kohta.","og_url":"https:\/\/kirashoes.com\/et\/toode\/kira-loafer\/","og_site_name":"KIRA","article_modified_time":"2026-02-07T22:48:24+00:00","og_image":[{"width":1080,"height":1080,"url":"https:\/\/kirashoes.com\/wp-content\/uploads\/2025\/04\/KIRA-NEW-START_loafer.jpg","type":"image\/jpeg"}],"twitter_card":"summary_large_image","schema":{"@context":"https:\/\/schema.org","@graph":[{"@type":"WebPage","@id":"https:\/\/kirashoes.com\/et\/toode\/kira-loafer\/","url":"https:\/\/kirashoes.com\/et\/toode\/kira-loafer\/","name":"KIRA Loafer - KIRA","isPartOf":{"@id":"https:\/\/kirashoes.com\/et\/#website"},"primaryImageOfPage":{"@id":"https:\/\/kirashoes.com\/et\/toode\/kira-loafer\/#primaryimage"},"image":{"@id":"https:\/\/kirashoes.com\/et\/toode\/kira-loafer\/#primaryimage"},"thumbnailUrl":"https:\/\/kirashoes.com\/wp-content\/uploads\/2025\/04\/KIRA-NEW-START_loafer.jpg","datePublished":"2025-04-15T21:27:15+00:00","dateModified":"2026-02-07T22:48:24+00:00","breadcrumb":{"@id":"https:\/\/kirashoes.com\/et\/toode\/kira-loafer\/#breadcrumb"},"inLanguage":"et","potentialAction":[{"@type":"ReadAction","target":["https:\/\/kirashoes.com\/et\/toode\/kira-loafer\/"]}]},{"@type":"ImageObject","inLanguage":"et","@id":"https:\/\/kirashoes.com\/et\/toode\/kira-loafer\/#primaryimage","url":"https:\/\/kirashoes.com\/wp-content\/uploads\/2025\/04\/KIRA-NEW-START_loafer.jpg","contentUrl":"https:\/\/kirashoes.com\/wp-content\/uploads\/2025\/04\/KIRA-NEW-START_loafer.jpg","width":1080,"height":1080},{"@type":"BreadcrumbList","@id":"https:\/\/kirashoes.com\/et\/toode\/kira-loafer\/#breadcrumb","itemListElement":[{"@type":"ListItem","position":1,"name":"Home","item":"https:\/\/kirashoes.com\/"},{"@type":"ListItem","position":2,"name":"All products","item":"https:\/\/kirashoes.com\/all-products\/"},{"@type":"ListItem","position":3,"name":"KIRA Loafer"}]},{"@type":"WebSite","@id":"https:\/\/kirashoes.com\/et\/#website","url":"https:\/\/kirashoes.com\/et\/","name":"KIRA","description":"Leave no trace \u2661 Sustainable footwear and activewear made in Estonia.","publisher":{"@id":"https:\/\/kirashoes.com\/et\/#organization"},"potentialAction":[{"@type":"SearchAction","target":{"@type":"EntryPoint","urlTemplate":"https:\/\/kirashoes.com\/et\/?s={search_term_string}"},"query-input":{"@type":"PropertyValueSpecification","valueRequired":true,"valueName":"search_term_string"}}],"inLanguage":"et"},{"@type":"Organization","@id":"https:\/\/kirashoes.com\/et\/#organization","name":"KIRA","url":"https:\/\/kirashoes.com\/et\/","logo":{"@type":"ImageObject","inLanguage":"et","@id":"https:\/\/kirashoes.com\/et\/#\/schema\/logo\/image\/","url":"https:\/\/kirashoes.com\/wp-content\/uploads\/2022\/01\/KIRA-logo_vol2-1.svg","contentUrl":"https:\/\/kirashoes.com\/wp-content\/uploads\/2022\/01\/KIRA-logo_vol2-1.svg","caption":"KIRA"},"image":{"@id":"https:\/\/kirashoes.com\/et\/#\/schema\/logo\/image\/"}}]}},"_links":{"self":[{"href":"https:\/\/kirashoes.com\/et\/wp-json\/wp\/v2\/product\/21645","targetHints":{"allow":["GET"]}}],"collection":[{"href":"https:\/\/kirashoes.com\/et\/wp-json\/wp\/v2\/product"}],"about":[{"href":"https:\/\/kirashoes.com\/et\/wp-json\/wp\/v2\/types\/product"}],"replies":[{"embeddable":true,"href":"https:\/\/kirashoes.com\/et\/wp-json\/wp\/v2\/comments?post=21645"}],"wp:featuredmedia":[{"embeddable":true,"href":"https:\/\/kirashoes.com\/et\/wp-json\/wp\/v2\/media\/21681"}],"wp:attachment":[{"href":"https:\/\/kirashoes.com\/et\/wp-json\/wp\/v2\/media?parent=21645"}],"wp:term":[{"taxonomy":"product_brand","embeddable":true,"href":"https:\/\/kirashoes.com\/et\/wp-json\/wp\/v2\/product_brand?post=21645"},{"taxonomy":"product_cat","embeddable":true,"href":"https:\/\/kirashoes.com\/et\/wp-json\/wp\/v2\/product_cat?post=21645"},{"taxonomy":"product_tag","embeddable":true,"href":"https:\/\/kirashoes.com\/et\/wp-json\/wp\/v2\/product_tag?post=21645"},{"taxonomy":"giftcard-category","embeddable":true,"href":"https:\/\/kirashoes.com\/et\/wp-json\/wp\/v2\/giftcard-category?post=21645"}],"curies":[{"name":"wp","href":"https:\/\/api.w.org\/{rel}","templated":true}]}}