{"id":20270,"date":"2024-11-21T21:14:42","date_gmt":"2024-11-21T19:14:42","guid":{"rendered":"https:\/\/kirashoes.com\/?post_type=product&#038;p=20270"},"modified":"2025-09-23T16:37:39","modified_gmt":"2025-09-23T13:37:39","slug":"kira-7-0-mustad-saapad-copy","status":"publish","type":"product","link":"https:\/\/kirashoes.com\/et\/toode\/kira-7-0-mustad-saapad-copy\/","title":{"rendered":"KIRA 8.0 saapad"},"content":{"rendered":"<p><strong>NB! K\u00f5ik k\u00fcsimused ja erisoovid antud mudeli osas on oodatud e-posti aadressile sales@kirashoes.com.<\/strong><br \/>\n<br \/>\n<strong>Materjalid:<\/strong><br \/>\n<br \/>\n<strong>\u2713 V\u00e4listald:<\/strong> s\u00fcgava mustriga roomiktald tagab vastupidavuse ja v\u00e4hendab p\u00f5rutust jalale<br \/>\n<br \/>\n<strong>\u2713 Vooder:<\/strong> Coolmax sisevooder on niiskust imav, hingav ja kiiresti kuivav.<br \/>\n<br \/>\n<strong>\u2713 Pealismaterjalid:<\/strong>\u00a0 Pruun naturaalne nahk<\/p>\n<p>\u3002\u3002\u3002<\/p>\n<p><strong>Vahetamine \/ tagastamine:<\/strong><\/p>\n<p><strong>Kasutamise j\u00e4lgede puudumisel<\/strong> aktsepteerime tagastusi ja vahetusi <strong>45 p\u00e4eva<\/strong> peale kauba k\u00e4ttesaamist.<\/p>\n","protected":false},"excerpt":{"rendered":"<p>Meie pikaaegsel p\u00fcsikliendil Johannal tuli idee, et kas \u00e4kki on nii v\u00f5imalik, et pikendame Chelsea saapa s\u00e4\u00e4rt ning lisame k\u00fcljele luku? M\u00f5tte illustreerimiseks oli tal v\u00e4lja vaadatud ka \u00fcks kena foto, mis k\u00f5netas KIRA tegijaid ning nii s\u00fcndiski<strong> KIRA 8.0.\u00a0<\/strong><\/p>\n<p>\u3002\u3002\u3002<\/p>\n<p>\u2023 Soovi korral saad tasuda ostu eest <a href=\"https:\/\/inbank.ee\/maksa-hiljem\"><strong>hiljem.<\/strong><\/a><\/p>\n","protected":false},"featured_media":20916,"comment_status":"open","ping_status":"closed","template":"","meta":{"site-sidebar-layout":"no-sidebar","site-content-layout":"default","ast-site-content-layout":"default","site-content-style":"default","site-sidebar-style":"default","ast-global-header-display":"","ast-banner-title-visibility":"","ast-main-header-display":"","ast-hfb-above-header-display":"","ast-hfb-below-header-display":"","ast-hfb-mobile-header-display":"","site-post-title":"","ast-breadcrumbs-content":"","ast-featured-img":"","footer-sml-layout":"","ast-disable-related-posts":"","theme-transparent-header-meta":"default","adv-header-id-meta":"","stick-header-meta":"default","header-above-stick-meta":"","header-main-stick-meta":"","header-below-stick-meta":"","astra-migrate-meta-layouts":"set","ast-page-background-enabled":"default","ast-page-background-meta":{"desktop":{"background-color":"","background-image":"","background-repeat":"repeat","background-position":"center center","background-size":"auto","background-attachment":"scroll","background-type":"","background-media":"","overlay-type":"","overlay-color":"","overlay-opacity":"","overlay-gradient":""},"tablet":{"background-color":"","background-image":"","background-repeat":"repeat","background-position":"center center","background-size":"auto","background-attachment":"scroll","background-type":"","background-media":"","overlay-type":"","overlay-color":"","overlay-opacity":"","overlay-gradient":""},"mobile":{"background-color":"","background-image":"","background-repeat":"repeat","background-position":"center center","background-size":"auto","background-attachment":"scroll","background-type":"","background-media":"","overlay-type":"","overlay-color":"","overlay-opacity":"","overlay-gradient":""}},"ast-content-background-meta":{"desktop":{"background-color":"var(--ast-global-color-5)","background-image":"","background-repeat":"repeat","background-position":"center center","background-size":"auto","background-attachment":"scroll","background-type":"","background-media":"","overlay-type":"","overlay-color":"","overlay-opacity":"","overlay-gradient":""},"tablet":{"background-color":"var(--ast-global-color-5)","background-image":"","background-repeat":"repeat","background-position":"center center","background-size":"auto","background-attachment":"scroll","background-type":"","background-media":"","overlay-type":"","overlay-color":"","overlay-opacity":"","overlay-gradient":""},"mobile":{"background-color":"var(--ast-global-color-5)","background-image":"","background-repeat":"repeat","background-position":"center center","background-size":"auto","background-attachment":"scroll","background-type":"","background-media":"","overlay-type":"","overlay-color":"","overlay-opacity":"","overlay-gradient":""}}},"product_brand":[],"product_cat":[58],"product_tag":[],"giftcard-category":[],"class_list":{"0":"post-20270","1":"product","2":"type-product","3":"status-publish","4":"has-post-thumbnail","6":"product_cat-saapad","7":"desktop-align-left","8":"tablet-align-left","9":"mobile-align-left","10":"ast-product-gallery-layout-horizontal-slider","11":"ast-product-single-variable","12":"ast-product-tabs-layout-horizontal","14":"first","15":"outofstock","16":"taxable","17":"shipping-taxable","18":"product-type-variable"},"yoast_head":"<!-- This site is optimized with the Yoast SEO plugin v26.5 - https:\/\/yoast.com\/wordpress\/plugins\/seo\/ -->\n<title>KIRA 8.0 saapad - KIRA<\/title>\n<meta name=\"robots\" content=\"index, follow, max-snippet:-1, max-image-preview:large, max-video-preview:-1\" \/>\n<link rel=\"canonical\" href=\"https:\/\/kirashoes.com\/et\/toode\/kira-7-0-mustad-saapad-copy\/\" \/>\n<meta property=\"og:locale\" content=\"et_EE\" \/>\n<meta property=\"og:type\" content=\"article\" \/>\n<meta property=\"og:title\" content=\"KIRA 8.0 saapad - KIRA\" \/>\n<meta property=\"og:description\" content=\"Meie pikaaegsel p\u00fcsikliendil Johannal tuli idee, et kas \u00e4kki on nii v\u00f5imalik, et pikendame Chelsea saapa s\u00e4\u00e4rt ning lisame k\u00fcljele luku? M\u00f5tte illustreerimiseks oli tal v\u00e4lja vaadatud ka \u00fcks kena foto, mis k\u00f5netas KIRA tegijaid ning nii s\u00fcndiski KIRA 8.0.\u00a0   \u3002\u3002\u3002   \u2023 Soovi korral saad tasuda ostu eest hiljem.\" \/>\n<meta property=\"og:url\" content=\"https:\/\/kirashoes.com\/et\/toode\/kira-7-0-mustad-saapad-copy\/\" \/>\n<meta property=\"og:site_name\" content=\"KIRA\" \/>\n<meta property=\"article:modified_time\" content=\"2025-09-23T13:37:39+00:00\" \/>\n<meta property=\"og:image\" content=\"https:\/\/kirashoes.com\/wp-content\/uploads\/2025\/01\/KIRA-8-0-brown_4.jpg\" \/>\n\t<meta property=\"og:image:width\" content=\"1080\" \/>\n\t<meta property=\"og:image:height\" content=\"1080\" \/>\n\t<meta property=\"og:image:type\" content=\"image\/jpeg\" \/>\n<meta name=\"twitter:card\" content=\"summary_large_image\" \/>\n<script type=\"application\/ld+json\" class=\"yoast-schema-graph\">{\"@context\":\"https:\/\/schema.org\",\"@graph\":[{\"@type\":\"WebPage\",\"@id\":\"https:\/\/kirashoes.com\/et\/toode\/kira-7-0-mustad-saapad-copy\/\",\"url\":\"https:\/\/kirashoes.com\/et\/toode\/kira-7-0-mustad-saapad-copy\/\",\"name\":\"KIRA 8.0 saapad - KIRA\",\"isPartOf\":{\"@id\":\"https:\/\/kirashoes.com\/et\/#website\"},\"primaryImageOfPage\":{\"@id\":\"https:\/\/kirashoes.com\/et\/toode\/kira-7-0-mustad-saapad-copy\/#primaryimage\"},\"image\":{\"@id\":\"https:\/\/kirashoes.com\/et\/toode\/kira-7-0-mustad-saapad-copy\/#primaryimage\"},\"thumbnailUrl\":\"https:\/\/kirashoes.com\/wp-content\/uploads\/2025\/01\/KIRA-8-0-brown_4.jpg\",\"datePublished\":\"2024-11-21T19:14:42+00:00\",\"dateModified\":\"2025-09-23T13:37:39+00:00\",\"breadcrumb\":{\"@id\":\"https:\/\/kirashoes.com\/et\/toode\/kira-7-0-mustad-saapad-copy\/#breadcrumb\"},\"inLanguage\":\"et\",\"potentialAction\":[{\"@type\":\"ReadAction\",\"target\":[\"https:\/\/kirashoes.com\/et\/toode\/kira-7-0-mustad-saapad-copy\/\"]}]},{\"@type\":\"ImageObject\",\"inLanguage\":\"et\",\"@id\":\"https:\/\/kirashoes.com\/et\/toode\/kira-7-0-mustad-saapad-copy\/#primaryimage\",\"url\":\"https:\/\/kirashoes.com\/wp-content\/uploads\/2025\/01\/KIRA-8-0-brown_4.jpg\",\"contentUrl\":\"https:\/\/kirashoes.com\/wp-content\/uploads\/2025\/01\/KIRA-8-0-brown_4.jpg\",\"width\":1080,\"height\":1080},{\"@type\":\"BreadcrumbList\",\"@id\":\"https:\/\/kirashoes.com\/et\/toode\/kira-7-0-mustad-saapad-copy\/#breadcrumb\",\"itemListElement\":[{\"@type\":\"ListItem\",\"position\":1,\"name\":\"Home\",\"item\":\"https:\/\/kirashoes.com\/\"},{\"@type\":\"ListItem\",\"position\":2,\"name\":\"All products\",\"item\":\"https:\/\/kirashoes.com\/all-products\/\"},{\"@type\":\"ListItem\",\"position\":3,\"name\":\"KIRA 8.0 saapad\"}]},{\"@type\":\"WebSite\",\"@id\":\"https:\/\/kirashoes.com\/et\/#website\",\"url\":\"https:\/\/kirashoes.com\/et\/\",\"name\":\"KIRA\",\"description\":\"Leave no trace \u2661 Sustainable footwear and activewear made in Estonia.\",\"publisher\":{\"@id\":\"https:\/\/kirashoes.com\/et\/#organization\"},\"potentialAction\":[{\"@type\":\"SearchAction\",\"target\":{\"@type\":\"EntryPoint\",\"urlTemplate\":\"https:\/\/kirashoes.com\/et\/?s={search_term_string}\"},\"query-input\":{\"@type\":\"PropertyValueSpecification\",\"valueRequired\":true,\"valueName\":\"search_term_string\"}}],\"inLanguage\":\"et\"},{\"@type\":\"Organization\",\"@id\":\"https:\/\/kirashoes.com\/et\/#organization\",\"name\":\"KIRA\",\"url\":\"https:\/\/kirashoes.com\/et\/\",\"logo\":{\"@type\":\"ImageObject\",\"inLanguage\":\"et\",\"@id\":\"https:\/\/kirashoes.com\/et\/#\/schema\/logo\/image\/\",\"url\":\"https:\/\/kirashoes.com\/wp-content\/uploads\/2022\/01\/KIRA-logo_vol2-1.svg\",\"contentUrl\":\"https:\/\/kirashoes.com\/wp-content\/uploads\/2022\/01\/KIRA-logo_vol2-1.svg\",\"caption\":\"KIRA\"},\"image\":{\"@id\":\"https:\/\/kirashoes.com\/et\/#\/schema\/logo\/image\/\"}}]}<\/script>\n<!-- \/ Yoast SEO plugin. -->","yoast_head_json":{"title":"KIRA 8.0 saapad - KIRA","robots":{"index":"index","follow":"follow","max-snippet":"max-snippet:-1","max-image-preview":"max-image-preview:large","max-video-preview":"max-video-preview:-1"},"canonical":"https:\/\/kirashoes.com\/et\/toode\/kira-7-0-mustad-saapad-copy\/","og_locale":"et_EE","og_type":"article","og_title":"KIRA 8.0 saapad - KIRA","og_description":"Meie pikaaegsel p\u00fcsikliendil Johannal tuli idee, et kas \u00e4kki on nii v\u00f5imalik, et pikendame Chelsea saapa s\u00e4\u00e4rt ning lisame k\u00fcljele luku? M\u00f5tte illustreerimiseks oli tal v\u00e4lja vaadatud ka \u00fcks kena foto, mis k\u00f5netas KIRA tegijaid ning nii s\u00fcndiski KIRA 8.0.\u00a0   \u3002\u3002\u3002   \u2023 Soovi korral saad tasuda ostu eest hiljem.","og_url":"https:\/\/kirashoes.com\/et\/toode\/kira-7-0-mustad-saapad-copy\/","og_site_name":"KIRA","article_modified_time":"2025-09-23T13:37:39+00:00","og_image":[{"width":1080,"height":1080,"url":"https:\/\/kirashoes.com\/wp-content\/uploads\/2025\/01\/KIRA-8-0-brown_4.jpg","type":"image\/jpeg"}],"twitter_card":"summary_large_image","schema":{"@context":"https:\/\/schema.org","@graph":[{"@type":"WebPage","@id":"https:\/\/kirashoes.com\/et\/toode\/kira-7-0-mustad-saapad-copy\/","url":"https:\/\/kirashoes.com\/et\/toode\/kira-7-0-mustad-saapad-copy\/","name":"KIRA 8.0 saapad - KIRA","isPartOf":{"@id":"https:\/\/kirashoes.com\/et\/#website"},"primaryImageOfPage":{"@id":"https:\/\/kirashoes.com\/et\/toode\/kira-7-0-mustad-saapad-copy\/#primaryimage"},"image":{"@id":"https:\/\/kirashoes.com\/et\/toode\/kira-7-0-mustad-saapad-copy\/#primaryimage"},"thumbnailUrl":"https:\/\/kirashoes.com\/wp-content\/uploads\/2025\/01\/KIRA-8-0-brown_4.jpg","datePublished":"2024-11-21T19:14:42+00:00","dateModified":"2025-09-23T13:37:39+00:00","breadcrumb":{"@id":"https:\/\/kirashoes.com\/et\/toode\/kira-7-0-mustad-saapad-copy\/#breadcrumb"},"inLanguage":"et","potentialAction":[{"@type":"ReadAction","target":["https:\/\/kirashoes.com\/et\/toode\/kira-7-0-mustad-saapad-copy\/"]}]},{"@type":"ImageObject","inLanguage":"et","@id":"https:\/\/kirashoes.com\/et\/toode\/kira-7-0-mustad-saapad-copy\/#primaryimage","url":"https:\/\/kirashoes.com\/wp-content\/uploads\/2025\/01\/KIRA-8-0-brown_4.jpg","contentUrl":"https:\/\/kirashoes.com\/wp-content\/uploads\/2025\/01\/KIRA-8-0-brown_4.jpg","width":1080,"height":1080},{"@type":"BreadcrumbList","@id":"https:\/\/kirashoes.com\/et\/toode\/kira-7-0-mustad-saapad-copy\/#breadcrumb","itemListElement":[{"@type":"ListItem","position":1,"name":"Home","item":"https:\/\/kirashoes.com\/"},{"@type":"ListItem","position":2,"name":"All products","item":"https:\/\/kirashoes.com\/all-products\/"},{"@type":"ListItem","position":3,"name":"KIRA 8.0 saapad"}]},{"@type":"WebSite","@id":"https:\/\/kirashoes.com\/et\/#website","url":"https:\/\/kirashoes.com\/et\/","name":"KIRA","description":"Leave no trace \u2661 Sustainable footwear and activewear made in Estonia.","publisher":{"@id":"https:\/\/kirashoes.com\/et\/#organization"},"potentialAction":[{"@type":"SearchAction","target":{"@type":"EntryPoint","urlTemplate":"https:\/\/kirashoes.com\/et\/?s={search_term_string}"},"query-input":{"@type":"PropertyValueSpecification","valueRequired":true,"valueName":"search_term_string"}}],"inLanguage":"et"},{"@type":"Organization","@id":"https:\/\/kirashoes.com\/et\/#organization","name":"KIRA","url":"https:\/\/kirashoes.com\/et\/","logo":{"@type":"ImageObject","inLanguage":"et","@id":"https:\/\/kirashoes.com\/et\/#\/schema\/logo\/image\/","url":"https:\/\/kirashoes.com\/wp-content\/uploads\/2022\/01\/KIRA-logo_vol2-1.svg","contentUrl":"https:\/\/kirashoes.com\/wp-content\/uploads\/2022\/01\/KIRA-logo_vol2-1.svg","caption":"KIRA"},"image":{"@id":"https:\/\/kirashoes.com\/et\/#\/schema\/logo\/image\/"}}]}},"_links":{"self":[{"href":"https:\/\/kirashoes.com\/et\/wp-json\/wp\/v2\/product\/20270","targetHints":{"allow":["GET"]}}],"collection":[{"href":"https:\/\/kirashoes.com\/et\/wp-json\/wp\/v2\/product"}],"about":[{"href":"https:\/\/kirashoes.com\/et\/wp-json\/wp\/v2\/types\/product"}],"replies":[{"embeddable":true,"href":"https:\/\/kirashoes.com\/et\/wp-json\/wp\/v2\/comments?post=20270"}],"wp:featuredmedia":[{"embeddable":true,"href":"https:\/\/kirashoes.com\/et\/wp-json\/wp\/v2\/media\/20916"}],"wp:attachment":[{"href":"https:\/\/kirashoes.com\/et\/wp-json\/wp\/v2\/media?parent=20270"}],"wp:term":[{"taxonomy":"product_brand","embeddable":true,"href":"https:\/\/kirashoes.com\/et\/wp-json\/wp\/v2\/product_brand?post=20270"},{"taxonomy":"product_cat","embeddable":true,"href":"https:\/\/kirashoes.com\/et\/wp-json\/wp\/v2\/product_cat?post=20270"},{"taxonomy":"product_tag","embeddable":true,"href":"https:\/\/kirashoes.com\/et\/wp-json\/wp\/v2\/product_tag?post=20270"},{"taxonomy":"giftcard-category","embeddable":true,"href":"https:\/\/kirashoes.com\/et\/wp-json\/wp\/v2\/giftcard-category?post=20270"}],"curies":[{"name":"wp","href":"https:\/\/api.w.org\/{rel}","templated":true}]}}