{"id":16737,"date":"2024-01-30T22:36:42","date_gmt":"2024-01-30T20:36:42","guid":{"rendered":"https:\/\/kirasustainable.com\/?post_type=product&#038;p=16737"},"modified":"2026-03-12T23:55:05","modified_gmt":"2026-03-12T21:55:05","slug":"kira-5-0-punane","status":"publish","type":"product","link":"https:\/\/kirashoes.com\/et\/toode\/kira-5-0-punane\/","title":{"rendered":"KIRA 5.0"},"content":{"rendered":"<p><strong><span style=\"color: #000000; font-family: arial, sans-serif;\">KIRA 5.0 saapad on:<\/span><\/strong><\/p>\n<p>\n<span style=\"color: #000000; font-family: arial, sans-serif;\">\u2713 Mugavad<\/span><br \/>\n<br \/>\n<span style=\"color: #000000; font-family: arial, sans-serif;\">\u2713 Ei sisalda midagi loomset<\/span><br \/>\n<br \/>\n<span style=\"color: #000000; font-family: arial, sans-serif;\">\u2713 Loodud kestma<\/span><br \/>\n<br \/>\n<span style=\"color: #000000; font-family: arial, sans-serif;\">\u2713 Valmistatud Tartus<br \/>\n<\/span><br \/>\n<br \/>\n<span style=\"color: #000000; font-family: arial, sans-serif;\"><\/p>\n<p>\u3002\u3002\u3002<\/p>\n<p><\/span><\/p>\n<p><strong><u><span style=\"color: #000000; font-family: arial, sans-serif;\"><br \/>\nMaterjalid:<\/span><\/u><\/strong><br \/>\n<br \/>\n<span style=\"color: #000000; font-family: arial, sans-serif;\">\u2713 Pealismaterjal: punast v\u00e4rvi Gore-Tex vetth\u00fclgav tekstiil<\/span><br \/>\n<br \/>\n<span style=\"color: #000000; font-family: arial, sans-serif;\">\u2713 V\u00e4listald: s\u00fcgava mustriga roomiktald, mis tagab vastupidavuse ja v\u00e4hendab p\u00f5rutust jalgadele\u00a0<\/span><br \/>\n<br \/>\n<span style=\"color: #000000; font-family: arial, sans-serif;\">\u2713 Vooder: Coolmaxist valmistatud sisevooder on niiskustimav, hingav ja kiiresti kuivav.\u00a0<\/span><br \/>\n<br \/>\n<span style=\"color: #000000; font-family: arial, sans-serif;\">\u2713 Saabaste kanna ja ninatsi tugevdused: \u00fcmbert\u00f6\u00f6deldud plastik<\/span><br \/>\n<br \/>\n<span style=\"color: #000000; font-family: arial, sans-serif;\"><\/p>\n<p>\u3002\u3002\u3002<\/p>\n<p><\/span><\/p>\n<p><strong><u><span style=\"color: #000000; font-family: arial, sans-serif;\">Hooldus:<\/span><\/u><\/strong><br \/>\n<br \/>\n<span style=\"color: #000000; font-family: arial, sans-serif;\">\u2713 Puhasta niiske lapiga<\/span><br \/>\n<br \/>\n<span style=\"color: #000000; font-family: arial, sans-serif;\">\u2713 V\u00e4ldi pesumasinas pesemist<\/span><br \/>\n<br \/>\n<span style=\"color: #000000; font-family: arial, sans-serif;\">\u3002\u3002\u3002<\/span><br \/>\n<\/p>\n<p><strong><u><span style=\"color: #000000; font-family: arial, sans-serif;\">Vahetamine \/ Tagastamine:<\/span><\/u><\/strong><br \/>\n<\/p>\n<p><span style=\"color: #000000; font-family: arial, sans-serif;\">Kasutamisj\u00e4lgede puudumisel\u00a0aktsepteerime tagastusi ja vahetusi\u00a0<strong>45 p\u00e4eva<\/strong>\u00a0peale kauba k\u00e4ttesaamist.<\/span><\/p>\n","protected":false},"excerpt":{"rendered":"<p>Need on viimased punased tekstiilist saapad. Rohkem me antud mudelit juurde ei tooda. <\/p>\n<p>Sellest punasest v\u00e4ga vastupidavast Gore-Tex kangast mudel on olnud meil KIRA algusest alates. Suur ait\u00e4h k\u00f5ikidele meie klientidele, kes on soetanud need saapad. Olete andnud uue v\u00f5imaluse vanale, kuid v\u00e4ga korralikule tootmisj\u00e4\u00e4gile. <\/p>\n<p>\u2023 Need stiilsed saapad on Sulle justkui jalga valatud. Lisaks oled kandes oled panustanud vee ja energia s\u00e4\u00e4stmisele. Uuri l\u00e4hemalt meie toodete\u00a0<a href=\"https:\/\/kirashoes.com\/et\/about\/\" target=\"_blank\" rel=\"noopener\">j\u00e4tkusuutlikkuse<\/a>\u00a0kohta.<\/p>\n<div>\n<div dir=\"auto\"><\/div>\n<\/div>\n","protected":false},"featured_media":18877,"comment_status":"open","ping_status":"closed","template":"","meta":{"site-sidebar-layout":"no-sidebar","site-content-layout":"default","ast-site-content-layout":"default","site-content-style":"default","site-sidebar-style":"default","ast-global-header-display":"","ast-banner-title-visibility":"","ast-main-header-display":"","ast-hfb-above-header-display":"","ast-hfb-below-header-display":"","ast-hfb-mobile-header-display":"","site-post-title":"","ast-breadcrumbs-content":"","ast-featured-img":"","footer-sml-layout":"","ast-disable-related-posts":"","theme-transparent-header-meta":"default","adv-header-id-meta":"","stick-header-meta":"default","header-above-stick-meta":"","header-main-stick-meta":"","header-below-stick-meta":"","astra-migrate-meta-layouts":"set","ast-page-background-enabled":"default","ast-page-background-meta":{"desktop":{"background-color":"","background-image":"","background-repeat":"repeat","background-position":"center center","background-size":"auto","background-attachment":"scroll","background-type":"","background-media":"","overlay-type":"","overlay-color":"","overlay-opacity":"","overlay-gradient":""},"tablet":{"background-color":"","background-image":"","background-repeat":"repeat","background-position":"center center","background-size":"auto","background-attachment":"scroll","background-type":"","background-media":"","overlay-type":"","overlay-color":"","overlay-opacity":"","overlay-gradient":""},"mobile":{"background-color":"","background-image":"","background-repeat":"repeat","background-position":"center center","background-size":"auto","background-attachment":"scroll","background-type":"","background-media":"","overlay-type":"","overlay-color":"","overlay-opacity":"","overlay-gradient":""}},"ast-content-background-meta":{"desktop":{"background-color":"var(--ast-global-color-5)","background-image":"","background-repeat":"repeat","background-position":"center center","background-size":"auto","background-attachment":"scroll","background-type":"","background-media":"","overlay-type":"","overlay-color":"","overlay-opacity":"","overlay-gradient":""},"tablet":{"background-color":"var(--ast-global-color-5)","background-image":"","background-repeat":"repeat","background-position":"center center","background-size":"auto","background-attachment":"scroll","background-type":"","background-media":"","overlay-type":"","overlay-color":"","overlay-opacity":"","overlay-gradient":""},"mobile":{"background-color":"var(--ast-global-color-5)","background-image":"","background-repeat":"repeat","background-position":"center center","background-size":"auto","background-attachment":"scroll","background-type":"","background-media":"","overlay-type":"","overlay-color":"","overlay-opacity":"","overlay-gradient":""}}},"product_brand":[],"product_cat":[58],"product_tag":[],"giftcard-category":[],"class_list":{"0":"post-16737","1":"product","2":"type-product","3":"status-publish","4":"has-post-thumbnail","6":"product_cat-saapad","7":"desktop-align-left","8":"tablet-align-left","9":"mobile-align-left","10":"ast-product-gallery-layout-horizontal-slider","11":"ast-product-single-variable","12":"ast-product-tabs-layout-horizontal","14":"first","15":"instock","16":"taxable","17":"shipping-taxable","18":"product-type-variable","19":"has-default-attributes"},"yoast_head":"<!-- This site is optimized with the Yoast SEO plugin v26.5 - https:\/\/yoast.com\/wordpress\/plugins\/seo\/ -->\n<title>KIRA 5.0 - KIRA<\/title>\n<meta name=\"robots\" content=\"index, follow, max-snippet:-1, max-image-preview:large, max-video-preview:-1\" \/>\n<link rel=\"canonical\" href=\"https:\/\/kirashoes.com\/et\/toode\/kira-5-0-punane\/\" \/>\n<meta property=\"og:locale\" content=\"et_EE\" \/>\n<meta property=\"og:type\" content=\"article\" \/>\n<meta property=\"og:title\" content=\"KIRA 5.0 - KIRA\" \/>\n<meta property=\"og:description\" content=\"Need on viimased punased tekstiilist saapad. Rohkem me antud mudelit juurde ei tooda.    Sellest punasest v\u00e4ga vastupidavast Gore-Tex kangast mudel on olnud meil KIRA algusest alates. Suur ait\u00e4h k\u00f5ikidele meie klientidele, kes on soetanud need saapad. Olete andnud uue v\u00f5imaluse vanale, kuid v\u00e4ga korralikule tootmisj\u00e4\u00e4gile.      \u2023 Need stiilsed saapad on Sulle justkui jalga valatud. Lisaks oled kandes oled panustanud vee ja energia s\u00e4\u00e4stmisele. Uuri l\u00e4hemalt meie toodete\u00a0j\u00e4tkusuutlikkuse\u00a0kohta.\" \/>\n<meta property=\"og:url\" content=\"https:\/\/kirashoes.com\/et\/toode\/kira-5-0-punane\/\" \/>\n<meta property=\"og:site_name\" content=\"KIRA\" \/>\n<meta property=\"article:modified_time\" content=\"2026-03-12T21:55:05+00:00\" \/>\n<meta property=\"og:image\" content=\"https:\/\/kirashoes.com\/wp-content\/uploads\/2024\/01\/KIRA_red_5.0_2-1.jpg\" \/>\n\t<meta property=\"og:image:width\" content=\"1080\" \/>\n\t<meta property=\"og:image:height\" content=\"1080\" \/>\n\t<meta property=\"og:image:type\" content=\"image\/jpeg\" \/>\n<meta name=\"twitter:card\" content=\"summary_large_image\" \/>\n<script type=\"application\/ld+json\" class=\"yoast-schema-graph\">{\"@context\":\"https:\/\/schema.org\",\"@graph\":[{\"@type\":\"WebPage\",\"@id\":\"https:\/\/kirashoes.com\/et\/toode\/kira-5-0-punane\/\",\"url\":\"https:\/\/kirashoes.com\/et\/toode\/kira-5-0-punane\/\",\"name\":\"KIRA 5.0 - KIRA\",\"isPartOf\":{\"@id\":\"https:\/\/kirashoes.com\/et\/#website\"},\"primaryImageOfPage\":{\"@id\":\"https:\/\/kirashoes.com\/et\/toode\/kira-5-0-punane\/#primaryimage\"},\"image\":{\"@id\":\"https:\/\/kirashoes.com\/et\/toode\/kira-5-0-punane\/#primaryimage\"},\"thumbnailUrl\":\"https:\/\/kirashoes.com\/wp-content\/uploads\/2024\/01\/KIRA_red_5.0_2-1.jpg\",\"datePublished\":\"2024-01-30T20:36:42+00:00\",\"dateModified\":\"2026-03-12T21:55:05+00:00\",\"breadcrumb\":{\"@id\":\"https:\/\/kirashoes.com\/et\/toode\/kira-5-0-punane\/#breadcrumb\"},\"inLanguage\":\"et\",\"potentialAction\":[{\"@type\":\"ReadAction\",\"target\":[\"https:\/\/kirashoes.com\/et\/toode\/kira-5-0-punane\/\"]}]},{\"@type\":\"ImageObject\",\"inLanguage\":\"et\",\"@id\":\"https:\/\/kirashoes.com\/et\/toode\/kira-5-0-punane\/#primaryimage\",\"url\":\"https:\/\/kirashoes.com\/wp-content\/uploads\/2024\/01\/KIRA_red_5.0_2-1.jpg\",\"contentUrl\":\"https:\/\/kirashoes.com\/wp-content\/uploads\/2024\/01\/KIRA_red_5.0_2-1.jpg\",\"width\":1080,\"height\":1080},{\"@type\":\"BreadcrumbList\",\"@id\":\"https:\/\/kirashoes.com\/et\/toode\/kira-5-0-punane\/#breadcrumb\",\"itemListElement\":[{\"@type\":\"ListItem\",\"position\":1,\"name\":\"Home\",\"item\":\"https:\/\/kirashoes.com\/\"},{\"@type\":\"ListItem\",\"position\":2,\"name\":\"All products\",\"item\":\"https:\/\/kirashoes.com\/all-products\/\"},{\"@type\":\"ListItem\",\"position\":3,\"name\":\"KIRA 5.0\"}]},{\"@type\":\"WebSite\",\"@id\":\"https:\/\/kirashoes.com\/et\/#website\",\"url\":\"https:\/\/kirashoes.com\/et\/\",\"name\":\"KIRA\",\"description\":\"Leave no trace \u2661 Sustainable footwear and activewear made in Estonia.\",\"publisher\":{\"@id\":\"https:\/\/kirashoes.com\/et\/#organization\"},\"potentialAction\":[{\"@type\":\"SearchAction\",\"target\":{\"@type\":\"EntryPoint\",\"urlTemplate\":\"https:\/\/kirashoes.com\/et\/?s={search_term_string}\"},\"query-input\":{\"@type\":\"PropertyValueSpecification\",\"valueRequired\":true,\"valueName\":\"search_term_string\"}}],\"inLanguage\":\"et\"},{\"@type\":\"Organization\",\"@id\":\"https:\/\/kirashoes.com\/et\/#organization\",\"name\":\"KIRA\",\"url\":\"https:\/\/kirashoes.com\/et\/\",\"logo\":{\"@type\":\"ImageObject\",\"inLanguage\":\"et\",\"@id\":\"https:\/\/kirashoes.com\/et\/#\/schema\/logo\/image\/\",\"url\":\"https:\/\/kirashoes.com\/wp-content\/uploads\/2022\/01\/KIRA-logo_vol2-1.svg\",\"contentUrl\":\"https:\/\/kirashoes.com\/wp-content\/uploads\/2022\/01\/KIRA-logo_vol2-1.svg\",\"caption\":\"KIRA\"},\"image\":{\"@id\":\"https:\/\/kirashoes.com\/et\/#\/schema\/logo\/image\/\"}}]}<\/script>\n<!-- \/ Yoast SEO plugin. -->","yoast_head_json":{"title":"KIRA 5.0 - KIRA","robots":{"index":"index","follow":"follow","max-snippet":"max-snippet:-1","max-image-preview":"max-image-preview:large","max-video-preview":"max-video-preview:-1"},"canonical":"https:\/\/kirashoes.com\/et\/toode\/kira-5-0-punane\/","og_locale":"et_EE","og_type":"article","og_title":"KIRA 5.0 - KIRA","og_description":"Need on viimased punased tekstiilist saapad. Rohkem me antud mudelit juurde ei tooda.    Sellest punasest v\u00e4ga vastupidavast Gore-Tex kangast mudel on olnud meil KIRA algusest alates. Suur ait\u00e4h k\u00f5ikidele meie klientidele, kes on soetanud need saapad. Olete andnud uue v\u00f5imaluse vanale, kuid v\u00e4ga korralikule tootmisj\u00e4\u00e4gile.      \u2023 Need stiilsed saapad on Sulle justkui jalga valatud. Lisaks oled kandes oled panustanud vee ja energia s\u00e4\u00e4stmisele. Uuri l\u00e4hemalt meie toodete\u00a0j\u00e4tkusuutlikkuse\u00a0kohta.","og_url":"https:\/\/kirashoes.com\/et\/toode\/kira-5-0-punane\/","og_site_name":"KIRA","article_modified_time":"2026-03-12T21:55:05+00:00","og_image":[{"width":1080,"height":1080,"url":"https:\/\/kirashoes.com\/wp-content\/uploads\/2024\/01\/KIRA_red_5.0_2-1.jpg","type":"image\/jpeg"}],"twitter_card":"summary_large_image","schema":{"@context":"https:\/\/schema.org","@graph":[{"@type":"WebPage","@id":"https:\/\/kirashoes.com\/et\/toode\/kira-5-0-punane\/","url":"https:\/\/kirashoes.com\/et\/toode\/kira-5-0-punane\/","name":"KIRA 5.0 - KIRA","isPartOf":{"@id":"https:\/\/kirashoes.com\/et\/#website"},"primaryImageOfPage":{"@id":"https:\/\/kirashoes.com\/et\/toode\/kira-5-0-punane\/#primaryimage"},"image":{"@id":"https:\/\/kirashoes.com\/et\/toode\/kira-5-0-punane\/#primaryimage"},"thumbnailUrl":"https:\/\/kirashoes.com\/wp-content\/uploads\/2024\/01\/KIRA_red_5.0_2-1.jpg","datePublished":"2024-01-30T20:36:42+00:00","dateModified":"2026-03-12T21:55:05+00:00","breadcrumb":{"@id":"https:\/\/kirashoes.com\/et\/toode\/kira-5-0-punane\/#breadcrumb"},"inLanguage":"et","potentialAction":[{"@type":"ReadAction","target":["https:\/\/kirashoes.com\/et\/toode\/kira-5-0-punane\/"]}]},{"@type":"ImageObject","inLanguage":"et","@id":"https:\/\/kirashoes.com\/et\/toode\/kira-5-0-punane\/#primaryimage","url":"https:\/\/kirashoes.com\/wp-content\/uploads\/2024\/01\/KIRA_red_5.0_2-1.jpg","contentUrl":"https:\/\/kirashoes.com\/wp-content\/uploads\/2024\/01\/KIRA_red_5.0_2-1.jpg","width":1080,"height":1080},{"@type":"BreadcrumbList","@id":"https:\/\/kirashoes.com\/et\/toode\/kira-5-0-punane\/#breadcrumb","itemListElement":[{"@type":"ListItem","position":1,"name":"Home","item":"https:\/\/kirashoes.com\/"},{"@type":"ListItem","position":2,"name":"All products","item":"https:\/\/kirashoes.com\/all-products\/"},{"@type":"ListItem","position":3,"name":"KIRA 5.0"}]},{"@type":"WebSite","@id":"https:\/\/kirashoes.com\/et\/#website","url":"https:\/\/kirashoes.com\/et\/","name":"KIRA","description":"Leave no trace \u2661 Sustainable footwear and activewear made in Estonia.","publisher":{"@id":"https:\/\/kirashoes.com\/et\/#organization"},"potentialAction":[{"@type":"SearchAction","target":{"@type":"EntryPoint","urlTemplate":"https:\/\/kirashoes.com\/et\/?s={search_term_string}"},"query-input":{"@type":"PropertyValueSpecification","valueRequired":true,"valueName":"search_term_string"}}],"inLanguage":"et"},{"@type":"Organization","@id":"https:\/\/kirashoes.com\/et\/#organization","name":"KIRA","url":"https:\/\/kirashoes.com\/et\/","logo":{"@type":"ImageObject","inLanguage":"et","@id":"https:\/\/kirashoes.com\/et\/#\/schema\/logo\/image\/","url":"https:\/\/kirashoes.com\/wp-content\/uploads\/2022\/01\/KIRA-logo_vol2-1.svg","contentUrl":"https:\/\/kirashoes.com\/wp-content\/uploads\/2022\/01\/KIRA-logo_vol2-1.svg","caption":"KIRA"},"image":{"@id":"https:\/\/kirashoes.com\/et\/#\/schema\/logo\/image\/"}}]}},"_links":{"self":[{"href":"https:\/\/kirashoes.com\/et\/wp-json\/wp\/v2\/product\/16737","targetHints":{"allow":["GET"]}}],"collection":[{"href":"https:\/\/kirashoes.com\/et\/wp-json\/wp\/v2\/product"}],"about":[{"href":"https:\/\/kirashoes.com\/et\/wp-json\/wp\/v2\/types\/product"}],"replies":[{"embeddable":true,"href":"https:\/\/kirashoes.com\/et\/wp-json\/wp\/v2\/comments?post=16737"}],"wp:featuredmedia":[{"embeddable":true,"href":"https:\/\/kirashoes.com\/et\/wp-json\/wp\/v2\/media\/18877"}],"wp:attachment":[{"href":"https:\/\/kirashoes.com\/et\/wp-json\/wp\/v2\/media?parent=16737"}],"wp:term":[{"taxonomy":"product_brand","embeddable":true,"href":"https:\/\/kirashoes.com\/et\/wp-json\/wp\/v2\/product_brand?post=16737"},{"taxonomy":"product_cat","embeddable":true,"href":"https:\/\/kirashoes.com\/et\/wp-json\/wp\/v2\/product_cat?post=16737"},{"taxonomy":"product_tag","embeddable":true,"href":"https:\/\/kirashoes.com\/et\/wp-json\/wp\/v2\/product_tag?post=16737"},{"taxonomy":"giftcard-category","embeddable":true,"href":"https:\/\/kirashoes.com\/et\/wp-json\/wp\/v2\/giftcard-category?post=16737"}],"curies":[{"name":"wp","href":"https:\/\/api.w.org\/{rel}","templated":true}]}}