{"id":8693,"date":"2022-09-13T19:21:14","date_gmt":"2022-09-13T16:21:14","guid":{"rendered":"https:\/\/kirasustainable.com\/tagasimakse-ja-tagastuse-poliitika\/"},"modified":"2022-09-13T19:21:15","modified_gmt":"2022-09-13T16:21:15","slug":"tagasimakse-ja-tagastuse-poliitika","status":"publish","type":"page","link":"https:\/\/kirashoes.com\/et\/tagasimakse-ja-tagastuse-poliitika\/","title":{"rendered":"Tagasimakse- ja tagastuse poliitika"},"content":{"rendered":"\n<p><strong>See on n\u00e4idisleht<\/strong><\/p>\n\n<h3>Overview<\/h3>\n\n<p>Meie tagasimakse- ja tagastuspoliitika kehtib 30 p\u00e4eva. Kui ostust on m\u00f6\u00f6dunud 30 p\u00e4eva, ei saa me teile pakkuda t\u00e4ielikku tagasimakset v\u00f5i vahetust.<\/p>\n\n<p>Tagastuse saamiseks peab teie kaup olema kasutamata ja samas seisukorras, kui need saite. Samuti peab toode olema originaalpakendis. <\/p>\n\n<p>Mitut liiki kaupu ei ole v\u00f5imalik tagastada, N\u00e4iteks kiiresti riknevad kaubad: toit, lilled ja ajalehed v\u00f5i ajakirjad. Samuti me ei aktsepteeri intiim- v\u00f5i sanitaarkaupu , ohtlikke materjale, tuleohtlikke vedelikke v\u00f5i gaase. <\/p>\n\n<p>Veel mittetagastatavad tooteid:<\/p>\n\n<ul class=\"wp-block-list\">\n<li>Kinkekaardid<\/li>\n<li>Allalaaditavad tarkvaratooted<\/li>\n<li>M\u00f5ned tervise- ja isikliku h\u00fcgieenitarbed<\/li>\n<\/ul>\n\n<p>Tagastuse kinnituseks vajame ostut\u0161ekki v\u00f5i t\u00f5endust ostu tegemisest.<\/p>\n\n<p>Palun \u00e4rge saatke ostu tagasi tootjale.<\/p>\n\n<p>Siin on teatud olukorrad, kui tagastatakse ainult osaliselt:<\/p>\n\n<ul class=\"wp-block-list\">\n<li>Raamat silmn\u00e4htavate kasutusm\u00e4rkidega<\/li>\n<li>CD, DVD, VHS-kassett, tarkvara, videom\u00e4ng, kassett v\u00f5i vin\u00fc\u00fclplaat, mida on avatud.<\/li>\n<li>K\u00f5ik esemed, mis ei ole algses seisukorras, on kahjustatud v\u00f5i puuduvad osad p\u00f5hjustel, mis ei ole tingitud meie veast.<\/li>\n<li>K\u00f5ik tooted, mis tagastatakse rohkem kui 30 p\u00e4eva p\u00e4rast tarnimist<\/li>\n<\/ul>\n\n<h2>Refunds<\/h2>\n\n<p>Kui me oleme k\u00e4tte saanud Teie tagastuse ja selle \u00fcle kontrollinud, saadame Teile e-kirja teavitusega, et me oleme Teie kauba k\u00e4tte saanud. Samuti teavitame Teid tagasimakse kinnitamisest v\u00f5i tagasil\u00fckkamisest. <\/p>\n\n<p>Kui Teie tagastus on heaks kiidetud, siis saadetakse tagasimakse krediitkaardile v\u00f5i algsele makseviisile teatud p\u00e4evade jooksul <\/p>\n\n<b>Late or missing refunds<\/b>\n\n<p>Kui Te ei ole saanud tagastust, siis esmalt kontrollige uuesti oma pangakontot.<\/p>\n\n<p>Seej\u00e4rel v\u00f5tke \u00fchendust oma krediitkaardi ettev\u00f5ttega. V\u00f5ib veidi aega kuluda, enne kui teie tagasimakse ametlikult \u00fcle kantakse.<\/p>\n\n<p>J\u00e4rgmisena v\u00f5ta \u00fchendust oma pangaga. Sageli kulub enne tagasimakse postitamist veidi t\u00f6\u00f6tlemisaega.<\/p>\n\n<p>Kui olete seda k\u00f5ike teinud ja Te pole ikka veel oma tagasimakset saanud, v\u00f5tke meiega \u00fchendust aadressil sales@kirashoes.com<\/p>\n\n<b>Sale items<\/b>\n\n<p>Ainult tavahinnaga tooteid saab tagastada. Soodushinnaga tooted ei kuulu tagastamisele.<\/p>\n\n<h2>Exchanges<\/h2>\n\n<p>Me vahetame tooteid ainult, kui need on defektsed ja kahjustunud. Kui Teil on vaja vahetada sama toote vastu, siis saatke meile meil aadressil sales@kirashoes.com ja saatke toode Ujula Konsum, Tartu, Eesti DPD, Itella v\u00f5i Omniva pakiautomaati.<\/p>\n\n<h2>Gifts<\/h2>\n\n<p>Kui kaup m\u00e4rgiti ostmisel kingitusena ja tarniti Teile otse, siis saate kinkekrediiti tagastuse v\u00e4\u00e4rtuses. P\u00e4rast kauba tagastamist, saadetame Teile kinkekaardi.<\/p>\n\n<p>Kui kaup ei ole m\u00e4rgitud ostmisel kingitusena ja kinkija lasi saata kaupa endale, et hiljem isiklikult kinkida, siis saadame kingituse tegijale raha tagasi ja nad saavad Teie tagastusest teada. <\/p>\n\n<h2>Shipping returns<\/h2>\n\n<p>Toote tagastamiseks, peate saatma selle aadressile Lutsu 5, Tartu, Eesti.<\/p>\n\n<p>Tagastamisel Te vastutate ise oma saatmiskulude eest ja see ei kuulu tagastamisele. Kui saate raha tagasi, siis sealt arvestatakse maha tagastamiskulud<\/p>\n\n<p>Toote kohalej\u00f5udmise aeg v\u00f5ib erineda vastavalt Teie elukohale.<\/p>\n\n<p>Kui Te tagastate kallimad kaubad, kaaluge j\u00e4lgitava saatmisteenuse kasutamist v\u00f5i saatmiskindlustuse ostmist. Me ei garanteeri, et saame Teie tagastatud kauba k\u00e4tte.<\/p>\n\n<h2>Need help?<\/h2>\n\n<p>Tagasimaksete ja tagastamisega seotud k\u00fcsimuste korral v\u00f5tke meiega \u00fchendust aadressil sales@kirashoes.com<\/p>\n","protected":false},"excerpt":{"rendered":"<p>See on n\u00e4idisleht Overview Meie tagasimakse- ja tagastuspoliitika kehtib 30 p\u00e4eva. Kui ostust on m\u00f6\u00f6dunud 30 p\u00e4eva, ei saa me teile pakkuda t\u00e4ielikku tagasimakset v\u00f5i vahetust. Tagastuse saamiseks peab teie kaup olema kasutamata ja samas seisukorras, kui need saite. Samuti peab toode olema originaalpakendis. Mitut liiki kaupu ei ole v\u00f5imalik tagastada, N\u00e4iteks kiiresti riknevad kaubad: [&hellip;]<\/p>\n","protected":false},"author":1,"featured_media":0,"parent":0,"menu_order":0,"comment_status":"closed","ping_status":"closed","template":"","meta":{"site-sidebar-layout":"default","site-content-layout":"","ast-site-content-layout":"default","site-content-style":"default","site-sidebar-style":"default","ast-global-header-display":"","ast-banner-title-visibility":"","ast-main-header-display":"","ast-hfb-above-header-display":"","ast-hfb-below-header-display":"","ast-hfb-mobile-header-display":"","site-post-title":"","ast-breadcrumbs-content":"","ast-featured-img":"","footer-sml-layout":"","ast-disable-related-posts":"","theme-transparent-header-meta":"","adv-header-id-meta":"","stick-header-meta":"","header-above-stick-meta":"","header-main-stick-meta":"","header-below-stick-meta":"","astra-migrate-meta-layouts":"default","ast-page-background-enabled":"default","ast-page-background-meta":{"desktop":{"background-color":"","background-image":"","background-repeat":"repeat","background-position":"center center","background-size":"auto","background-attachment":"scroll","background-type":"","background-media":"","overlay-type":"","overlay-color":"","overlay-opacity":"","overlay-gradient":""},"tablet":{"background-color":"","background-image":"","background-repeat":"repeat","background-position":"center center","background-size":"auto","background-attachment":"scroll","background-type":"","background-media":"","overlay-type":"","overlay-color":"","overlay-opacity":"","overlay-gradient":""},"mobile":{"background-color":"","background-image":"","background-repeat":"repeat","background-position":"center center","background-size":"auto","background-attachment":"scroll","background-type":"","background-media":"","overlay-type":"","overlay-color":"","overlay-opacity":"","overlay-gradient":""}},"ast-content-background-meta":{"desktop":{"background-color":"var(--ast-global-color-5)","background-image":"","background-repeat":"repeat","background-position":"center center","background-size":"auto","background-attachment":"scroll","background-type":"","background-media":"","overlay-type":"","overlay-color":"","overlay-opacity":"","overlay-gradient":""},"tablet":{"background-color":"var(--ast-global-color-5)","background-image":"","background-repeat":"repeat","background-position":"center center","background-size":"auto","background-attachment":"scroll","background-type":"","background-media":"","overlay-type":"","overlay-color":"","overlay-opacity":"","overlay-gradient":""},"mobile":{"background-color":"var(--ast-global-color-5)","background-image":"","background-repeat":"repeat","background-position":"center center","background-size":"auto","background-attachment":"scroll","background-type":"","background-media":"","overlay-type":"","overlay-color":"","overlay-opacity":"","overlay-gradient":""}},"footnotes":""},"class_list":["post-8693","page","type-page","status-publish","hentry"],"yoast_head":"<!-- This site is optimized with the Yoast SEO plugin v26.5 - https:\/\/yoast.com\/wordpress\/plugins\/seo\/ -->\n<title>Tagasimakse- ja tagastuse poliitika - KIRA<\/title>\n<meta name=\"robots\" content=\"index, follow, max-snippet:-1, max-image-preview:large, max-video-preview:-1\" \/>\n<link rel=\"canonical\" href=\"https:\/\/kirashoes.com\/et\/tagasimakse-ja-tagastuse-poliitika\/\" \/>\n<meta property=\"og:locale\" content=\"et_EE\" \/>\n<meta property=\"og:type\" content=\"article\" \/>\n<meta property=\"og:title\" content=\"Tagasimakse- ja tagastuse poliitika - KIRA\" \/>\n<meta property=\"og:description\" content=\"See on n\u00e4idisleht Overview Meie tagasimakse- ja tagastuspoliitika kehtib 30 p\u00e4eva. Kui ostust on m\u00f6\u00f6dunud 30 p\u00e4eva, ei saa me teile pakkuda t\u00e4ielikku tagasimakset v\u00f5i vahetust. Tagastuse saamiseks peab teie kaup olema kasutamata ja samas seisukorras, kui need saite. Samuti peab toode olema originaalpakendis. Mitut liiki kaupu ei ole v\u00f5imalik tagastada, N\u00e4iteks kiiresti riknevad kaubad: [&hellip;]\" \/>\n<meta property=\"og:url\" content=\"https:\/\/kirashoes.com\/et\/tagasimakse-ja-tagastuse-poliitika\/\" \/>\n<meta property=\"og:site_name\" content=\"KIRA\" \/>\n<meta property=\"article:modified_time\" content=\"2022-09-13T16:21:15+00:00\" \/>\n<meta name=\"twitter:card\" content=\"summary_large_image\" \/>\n<meta name=\"twitter:label1\" content=\"Est. reading time\" \/>\n\t<meta name=\"twitter:data1\" content=\"2 minutit\" \/>\n<script type=\"application\/ld+json\" class=\"yoast-schema-graph\">{\"@context\":\"https:\/\/schema.org\",\"@graph\":[{\"@type\":\"WebPage\",\"@id\":\"https:\/\/kirashoes.com\/et\/tagasimakse-ja-tagastuse-poliitika\/\",\"url\":\"https:\/\/kirashoes.com\/et\/tagasimakse-ja-tagastuse-poliitika\/\",\"name\":\"Tagasimakse- ja tagastuse poliitika - KIRA\",\"isPartOf\":{\"@id\":\"https:\/\/kirashoes.com\/et\/#website\"},\"datePublished\":\"2022-09-13T16:21:14+00:00\",\"dateModified\":\"2022-09-13T16:21:15+00:00\",\"breadcrumb\":{\"@id\":\"https:\/\/kirashoes.com\/et\/tagasimakse-ja-tagastuse-poliitika\/#breadcrumb\"},\"inLanguage\":\"et\",\"potentialAction\":[{\"@type\":\"ReadAction\",\"target\":[\"https:\/\/kirashoes.com\/et\/tagasimakse-ja-tagastuse-poliitika\/\"]}]},{\"@type\":\"BreadcrumbList\",\"@id\":\"https:\/\/kirashoes.com\/et\/tagasimakse-ja-tagastuse-poliitika\/#breadcrumb\",\"itemListElement\":[{\"@type\":\"ListItem\",\"position\":1,\"name\":\"Home\",\"item\":\"https:\/\/kirashoes.com\/\"},{\"@type\":\"ListItem\",\"position\":2,\"name\":\"Tagasimakse- ja tagastuse poliitika\"}]},{\"@type\":\"WebSite\",\"@id\":\"https:\/\/kirashoes.com\/et\/#website\",\"url\":\"https:\/\/kirashoes.com\/et\/\",\"name\":\"KIRA\",\"description\":\"Leave no trace \u2661 Sustainable footwear and activewear made in Estonia.\",\"publisher\":{\"@id\":\"https:\/\/kirashoes.com\/et\/#organization\"},\"potentialAction\":[{\"@type\":\"SearchAction\",\"target\":{\"@type\":\"EntryPoint\",\"urlTemplate\":\"https:\/\/kirashoes.com\/et\/?s={search_term_string}\"},\"query-input\":{\"@type\":\"PropertyValueSpecification\",\"valueRequired\":true,\"valueName\":\"search_term_string\"}}],\"inLanguage\":\"et\"},{\"@type\":\"Organization\",\"@id\":\"https:\/\/kirashoes.com\/et\/#organization\",\"name\":\"KIRA\",\"url\":\"https:\/\/kirashoes.com\/et\/\",\"logo\":{\"@type\":\"ImageObject\",\"inLanguage\":\"et\",\"@id\":\"https:\/\/kirashoes.com\/et\/#\/schema\/logo\/image\/\",\"url\":\"https:\/\/kirashoes.com\/wp-content\/uploads\/2022\/01\/KIRA-logo_vol2-1.svg\",\"contentUrl\":\"https:\/\/kirashoes.com\/wp-content\/uploads\/2022\/01\/KIRA-logo_vol2-1.svg\",\"caption\":\"KIRA\"},\"image\":{\"@id\":\"https:\/\/kirashoes.com\/et\/#\/schema\/logo\/image\/\"}}]}<\/script>\n<!-- \/ Yoast SEO plugin. -->","yoast_head_json":{"title":"Tagasimakse- ja tagastuse poliitika - KIRA","robots":{"index":"index","follow":"follow","max-snippet":"max-snippet:-1","max-image-preview":"max-image-preview:large","max-video-preview":"max-video-preview:-1"},"canonical":"https:\/\/kirashoes.com\/et\/tagasimakse-ja-tagastuse-poliitika\/","og_locale":"et_EE","og_type":"article","og_title":"Tagasimakse- ja tagastuse poliitika - KIRA","og_description":"See on n\u00e4idisleht Overview Meie tagasimakse- ja tagastuspoliitika kehtib 30 p\u00e4eva. Kui ostust on m\u00f6\u00f6dunud 30 p\u00e4eva, ei saa me teile pakkuda t\u00e4ielikku tagasimakset v\u00f5i vahetust. Tagastuse saamiseks peab teie kaup olema kasutamata ja samas seisukorras, kui need saite. Samuti peab toode olema originaalpakendis. Mitut liiki kaupu ei ole v\u00f5imalik tagastada, N\u00e4iteks kiiresti riknevad kaubad: [&hellip;]","og_url":"https:\/\/kirashoes.com\/et\/tagasimakse-ja-tagastuse-poliitika\/","og_site_name":"KIRA","article_modified_time":"2022-09-13T16:21:15+00:00","twitter_card":"summary_large_image","twitter_misc":{"Est. reading time":"2 minutit"},"schema":{"@context":"https:\/\/schema.org","@graph":[{"@type":"WebPage","@id":"https:\/\/kirashoes.com\/et\/tagasimakse-ja-tagastuse-poliitika\/","url":"https:\/\/kirashoes.com\/et\/tagasimakse-ja-tagastuse-poliitika\/","name":"Tagasimakse- ja tagastuse poliitika - KIRA","isPartOf":{"@id":"https:\/\/kirashoes.com\/et\/#website"},"datePublished":"2022-09-13T16:21:14+00:00","dateModified":"2022-09-13T16:21:15+00:00","breadcrumb":{"@id":"https:\/\/kirashoes.com\/et\/tagasimakse-ja-tagastuse-poliitika\/#breadcrumb"},"inLanguage":"et","potentialAction":[{"@type":"ReadAction","target":["https:\/\/kirashoes.com\/et\/tagasimakse-ja-tagastuse-poliitika\/"]}]},{"@type":"BreadcrumbList","@id":"https:\/\/kirashoes.com\/et\/tagasimakse-ja-tagastuse-poliitika\/#breadcrumb","itemListElement":[{"@type":"ListItem","position":1,"name":"Home","item":"https:\/\/kirashoes.com\/"},{"@type":"ListItem","position":2,"name":"Tagasimakse- ja tagastuse poliitika"}]},{"@type":"WebSite","@id":"https:\/\/kirashoes.com\/et\/#website","url":"https:\/\/kirashoes.com\/et\/","name":"KIRA","description":"Leave no trace \u2661 Sustainable footwear and activewear made in Estonia.","publisher":{"@id":"https:\/\/kirashoes.com\/et\/#organization"},"potentialAction":[{"@type":"SearchAction","target":{"@type":"EntryPoint","urlTemplate":"https:\/\/kirashoes.com\/et\/?s={search_term_string}"},"query-input":{"@type":"PropertyValueSpecification","valueRequired":true,"valueName":"search_term_string"}}],"inLanguage":"et"},{"@type":"Organization","@id":"https:\/\/kirashoes.com\/et\/#organization","name":"KIRA","url":"https:\/\/kirashoes.com\/et\/","logo":{"@type":"ImageObject","inLanguage":"et","@id":"https:\/\/kirashoes.com\/et\/#\/schema\/logo\/image\/","url":"https:\/\/kirashoes.com\/wp-content\/uploads\/2022\/01\/KIRA-logo_vol2-1.svg","contentUrl":"https:\/\/kirashoes.com\/wp-content\/uploads\/2022\/01\/KIRA-logo_vol2-1.svg","caption":"KIRA"},"image":{"@id":"https:\/\/kirashoes.com\/et\/#\/schema\/logo\/image\/"}}]}},"_links":{"self":[{"href":"https:\/\/kirashoes.com\/et\/wp-json\/wp\/v2\/pages\/8693","targetHints":{"allow":["GET"]}}],"collection":[{"href":"https:\/\/kirashoes.com\/et\/wp-json\/wp\/v2\/pages"}],"about":[{"href":"https:\/\/kirashoes.com\/et\/wp-json\/wp\/v2\/types\/page"}],"author":[{"embeddable":true,"href":"https:\/\/kirashoes.com\/et\/wp-json\/wp\/v2\/users\/1"}],"replies":[{"embeddable":true,"href":"https:\/\/kirashoes.com\/et\/wp-json\/wp\/v2\/comments?post=8693"}],"version-history":[{"count":1,"href":"https:\/\/kirashoes.com\/et\/wp-json\/wp\/v2\/pages\/8693\/revisions"}],"predecessor-version":[{"id":8694,"href":"https:\/\/kirashoes.com\/et\/wp-json\/wp\/v2\/pages\/8693\/revisions\/8694"}],"wp:attachment":[{"href":"https:\/\/kirashoes.com\/et\/wp-json\/wp\/v2\/media?parent=8693"}],"curies":[{"name":"wp","href":"https:\/\/api.w.org\/{rel}","templated":true}]}}