{"id":8335,"date":"2022-08-19T16:06:43","date_gmt":"2022-08-19T13:06:43","guid":{"rendered":"https:\/\/kirasustainable.com\/tarnimine\/"},"modified":"2022-08-19T16:06:44","modified_gmt":"2022-08-19T13:06:44","slug":"tarnimine","status":"publish","type":"page","link":"https:\/\/kirashoes.com\/et\/tarnimine\/","title":{"rendered":"tarnimine"},"content":{"rendered":"\t\t<div data-elementor-type=\"wp-page\" data-elementor-id=\"8335\" class=\"elementor elementor-8335 elementor-1685\" data-elementor-post-type=\"page\">\n\t\t\t\t\t\t<section class=\"elementor-section elementor-top-section elementor-element elementor-element-408fa8a elementor-section-boxed elementor-section-height-default elementor-section-height-default\" data-id=\"408fa8a\" data-element_type=\"section\">\n\t\t\t\t\t\t<div class=\"elementor-container elementor-column-gap-default\">\n\t\t\t\t\t<div class=\"elementor-column elementor-col-100 elementor-top-column elementor-element elementor-element-a7795da\" data-id=\"a7795da\" data-element_type=\"column\">\n\t\t\t<div class=\"elementor-widget-wrap elementor-element-populated\">\n\t\t\t\t\t\t<div class=\"elementor-element elementor-element-52a7b76 elementor-widget elementor-widget-heading\" data-id=\"52a7b76\" data-element_type=\"widget\" data-widget_type=\"heading.default\">\n\t\t\t\t<div class=\"elementor-widget-container\">\n\t\t\t\t\t<h2 class=\"elementor-heading-title elementor-size-default\">tarnimine<\/h2>\t\t\t\t<\/div>\n\t\t\t\t<\/div>\n\t\t\t\t<div class=\"elementor-element elementor-element-a321f0e elementor-widget elementor-widget-text-editor\" data-id=\"a321f0e\" data-element_type=\"widget\" data-widget_type=\"text-editor.default\">\n\t\t\t\t<div class=\"elementor-widget-container\">\n\t\t\t\t\t\t\t\t\t<strong>KIRA pakub \u00fclemaailmset tarnimist.<\/strong>\r\n\r\nMe p\u00fc\u00fcame saata tellimused j\u00e4rgmise t\u00f6\u00f6p\u00e4eva jooksul, kui see on laos olemas toode (nagu KIRA dressid ja hooldusvahendid). Ettetellitud toodete (nagu KIRA pre-order saapad, ketsid ja sandaalid) tarneaeg on 4 n\u00e4dalat.\r\n\r\nToote v\u00e4ljasaatmisel saadame Teile meilile kinnituse.\r\n\r\nMeie kullerteenuse partner on DPD. Teil on v\u00f5imalik valida koju v\u00f5i pakiautomaati kohaletoimetamise vahel.\r\n\r\nDPD saadab tellimuse v\u00e4lja Eestist, Tartust. Tarneaeg v\u00f5ib erineda vastavalt asukohale.\r\n\r\nKui Teil on k\u00fcsimusi tarnimise kohta, palun kirjutage meiliaadressil sales@kirashoes.com\r\n\r\nPalun v\u00f5tke arvesse, et meie tarnekulud ei sisalda tolli- ega maksutasusid. Lisate<span class=\"Y2IQFc\" lang=\"et\">abe saamiseks v\u00f5tke palun \u00fchendust kohaliku tolliasutusega.<\/span>\t\t\t\t\t\t\t\t<\/div>\n\t\t\t\t<\/div>\n\t\t\t\t<section class=\"elementor-section elementor-inner-section elementor-element elementor-element-6ddff66 elementor-section-boxed elementor-section-height-default elementor-section-height-default\" data-id=\"6ddff66\" data-element_type=\"section\">\n\t\t\t\t\t\t<div class=\"elementor-container elementor-column-gap-default\">\n\t\t\t\t\t<div class=\"elementor-column elementor-col-50 elementor-inner-column elementor-element elementor-element-4fedae5\" data-id=\"4fedae5\" data-element_type=\"column\">\n\t\t\t<div class=\"elementor-widget-wrap elementor-element-populated\">\n\t\t\t\t\t\t<div class=\"elementor-element elementor-element-f68ea11 elementor-widget elementor-widget-image\" data-id=\"f68ea11\" data-element_type=\"widget\" data-widget_type=\"image.default\">\n\t\t\t\t<div class=\"elementor-widget-container\">\n\t\t\t\t\t\t\t\t\t\t\t\t\t\t\t<img fetchpriority=\"high\" decoding=\"async\" width=\"1024\" height=\"1024\" src=\"https:\/\/kirashoes.com\/wp-content\/uploads\/2021\/08\/KIRA-recycled-packaging-1024x1024.png\" class=\"attachment-large size-large wp-image-1407\" alt=\"\" srcset=\"https:\/\/kirashoes.com\/wp-content\/uploads\/2021\/08\/KIRA-recycled-packaging-1024x1024.png 1024w, https:\/\/kirashoes.com\/wp-content\/uploads\/2021\/08\/KIRA-recycled-packaging-300x300.png 300w, https:\/\/kirashoes.com\/wp-content\/uploads\/2021\/08\/KIRA-recycled-packaging-150x150.png 150w, https:\/\/kirashoes.com\/wp-content\/uploads\/2021\/08\/KIRA-recycled-packaging-768x768.png 768w, https:\/\/kirashoes.com\/wp-content\/uploads\/2021\/08\/KIRA-recycled-packaging-600x600.png 600w, https:\/\/kirashoes.com\/wp-content\/uploads\/2021\/08\/KIRA-recycled-packaging-100x100.png 100w, https:\/\/kirashoes.com\/wp-content\/uploads\/2021\/08\/KIRA-recycled-packaging.png 1080w\" sizes=\"(max-width: 1024px) 100vw, 1024px\" \/>\t\t\t\t\t\t\t\t\t\t\t\t\t\t\t<\/div>\n\t\t\t\t<\/div>\n\t\t\t\t\t<\/div>\n\t\t<\/div>\n\t\t\t\t<div class=\"elementor-column elementor-col-50 elementor-inner-column elementor-element elementor-element-e862399\" data-id=\"e862399\" data-element_type=\"column\">\n\t\t\t<div class=\"elementor-widget-wrap elementor-element-populated\">\n\t\t\t\t\t\t<div class=\"elementor-element elementor-element-734b756 elementor-widget elementor-widget-text-editor\" data-id=\"734b756\" data-element_type=\"widget\" data-widget_type=\"text-editor.default\">\n\t\t\t\t<div class=\"elementor-widget-container\">\n\t\t\t\t\t\t\t\t\t<strong>TAGASTUSED JA VAHETUSED<\/strong>\r\n\r\nMe loodame, et Te olete rahul oma uute KIRA&#8217;dega.\r\n\r\nKui mingil p\u00f5hjusel Te ei ole rahul, siis palun saata tagasi kandmata jalan\u00f5ud<strong> 45 p\u00e4eva jooksul<\/strong> alates tellimuse k\u00e4ttesaamisest.\r\n\r\n<strong>Vahetus\u00a0<\/strong>&#8211; vahetuse saatmiskulud katab KIRA.\r\n\r\n<strong>Tagastus\u00a0<\/strong>&#8211; tagastuse saatmiskulud arvestatakse maha tagastavast summast.\t\t\t\t\t\t\t\t<\/div>\n\t\t\t\t<\/div>\n\t\t\t\t\t<\/div>\n\t\t<\/div>\n\t\t\t\t\t<\/div>\n\t\t<\/section>\n\t\t\t\t<div class=\"elementor-element elementor-element-028a73c elementor-widget elementor-widget-text-editor\" data-id=\"028a73c\" data-element_type=\"widget\" data-widget_type=\"text-editor.default\">\n\t\t\t\t<div class=\"elementor-widget-container\">\n\t\t\t\t\t\t\t\t\t<strong>KONTAKT<\/strong>\r\n<div>sales@kirashoes.com \/ +372 5363 6355<\/div>\r\n<div><\/div>\r\n<div><strong>TAVAPOST V\u00d5I KULLERTEENUS<\/strong><\/div>\r\n<div>\u00a0\u2013 Lutsu 5, 51006, Tartu, Eesti<\/div>\r\n<div>v\u00f5i<\/div>\r\n<div>PAKIAUTOMAADID<\/div>\r\n<div>&#8211; DPD \/ Itella \/ Omniva \/ (Ujula Konsum, Tartu, Eesti)<\/div>\r\n<div><\/div>\r\n<div><strong>PAKENDUS<\/strong><\/div>\r\n<div>Meie taaskasutatud jalan\u00f5ud on samamoodi taaskasutatud pakendis. Olge loovad ja t\u00e4helepanelikud, et leida karbile uus elu v\u00f5i lihtsalt j\u00e4tkata selle taaskasutamist. Kui Te soovite karpi lisada eraldi s\u00f5numi, siis v\u00f5tke meiega julgelt \u00fchendust meiliaadressil<strong> sales@kirashoes.com<\/strong><\/div>\r\n<div><\/div>\t\t\t\t\t\t\t\t<\/div>\n\t\t\t\t<\/div>\n\t\t\t\t\t<\/div>\n\t\t<\/div>\n\t\t\t\t\t<\/div>\n\t\t<\/section>\n\t\t\t\t<\/div>\n\t\t","protected":false},"excerpt":{"rendered":"<p>tarnimine KIRA pakub \u00fclemaailmset tarnimist. Me p\u00fc\u00fcame saata tellimused j\u00e4rgmise t\u00f6\u00f6p\u00e4eva jooksul, kui see on laos olemas toode (nagu KIRA dressid ja hooldusvahendid). Ettetellitud toodete (nagu KIRA pre-order saapad, ketsid ja sandaalid) tarneaeg on 4 n\u00e4dalat. Toote v\u00e4ljasaatmisel saadame Teile meilile kinnituse. Meie kullerteenuse partner on DPD. Teil on v\u00f5imalik valida koju v\u00f5i pakiautomaati kohaletoimetamise [&hellip;]<\/p>\n","protected":false},"author":2,"featured_media":0,"parent":0,"menu_order":0,"comment_status":"closed","ping_status":"closed","template":"","meta":{"site-sidebar-layout":"no-sidebar","site-content-layout":"page-builder","ast-site-content-layout":"default","site-content-style":"default","site-sidebar-style":"default","ast-global-header-display":"","ast-banner-title-visibility":"","ast-main-header-display":"","ast-hfb-above-header-display":"","ast-hfb-below-header-display":"","ast-hfb-mobile-header-display":"","site-post-title":"disabled","ast-breadcrumbs-content":"","ast-featured-img":"disabled","footer-sml-layout":"","ast-disable-related-posts":"","theme-transparent-header-meta":"default","adv-header-id-meta":"","stick-header-meta":"","header-above-stick-meta":"","header-main-stick-meta":"","header-below-stick-meta":"","astra-migrate-meta-layouts":"default","ast-page-background-enabled":"default","ast-page-background-meta":{"desktop":{"background-color":"","background-image":"","background-repeat":"repeat","background-position":"center center","background-size":"auto","background-attachment":"scroll","background-type":"","background-media":"","overlay-type":"","overlay-color":"","overlay-opacity":"","overlay-gradient":""},"tablet":{"background-color":"","background-image":"","background-repeat":"repeat","background-position":"center center","background-size":"auto","background-attachment":"scroll","background-type":"","background-media":"","overlay-type":"","overlay-color":"","overlay-opacity":"","overlay-gradient":""},"mobile":{"background-color":"","background-image":"","background-repeat":"repeat","background-position":"center center","background-size":"auto","background-attachment":"scroll","background-type":"","background-media":"","overlay-type":"","overlay-color":"","overlay-opacity":"","overlay-gradient":""}},"ast-content-background-meta":{"desktop":{"background-color":"var(--ast-global-color-5)","background-image":"","background-repeat":"repeat","background-position":"center center","background-size":"auto","background-attachment":"scroll","background-type":"","background-media":"","overlay-type":"","overlay-color":"","overlay-opacity":"","overlay-gradient":""},"tablet":{"background-color":"var(--ast-global-color-5)","background-image":"","background-repeat":"repeat","background-position":"center center","background-size":"auto","background-attachment":"scroll","background-type":"","background-media":"","overlay-type":"","overlay-color":"","overlay-opacity":"","overlay-gradient":""},"mobile":{"background-color":"var(--ast-global-color-5)","background-image":"","background-repeat":"repeat","background-position":"center center","background-size":"auto","background-attachment":"scroll","background-type":"","background-media":"","overlay-type":"","overlay-color":"","overlay-opacity":"","overlay-gradient":""}},"footnotes":""},"class_list":["post-8335","page","type-page","status-publish","hentry"],"yoast_head":"<!-- This site is optimized with the Yoast SEO plugin v26.5 - https:\/\/yoast.com\/wordpress\/plugins\/seo\/ -->\n<title>tarnimine - KIRA<\/title>\n<meta name=\"robots\" content=\"index, follow, max-snippet:-1, max-image-preview:large, max-video-preview:-1\" \/>\n<link rel=\"canonical\" href=\"https:\/\/kirashoes.com\/et\/tarnimine\/\" \/>\n<meta property=\"og:locale\" content=\"et_EE\" \/>\n<meta property=\"og:type\" content=\"article\" \/>\n<meta property=\"og:title\" content=\"tarnimine - KIRA\" \/>\n<meta property=\"og:description\" content=\"tarnimine KIRA pakub \u00fclemaailmset tarnimist. Me p\u00fc\u00fcame saata tellimused j\u00e4rgmise t\u00f6\u00f6p\u00e4eva jooksul, kui see on laos olemas toode (nagu KIRA dressid ja hooldusvahendid). Ettetellitud toodete (nagu KIRA pre-order saapad, ketsid ja sandaalid) tarneaeg on 4 n\u00e4dalat. Toote v\u00e4ljasaatmisel saadame Teile meilile kinnituse. Meie kullerteenuse partner on DPD. Teil on v\u00f5imalik valida koju v\u00f5i pakiautomaati kohaletoimetamise [&hellip;]\" \/>\n<meta property=\"og:url\" content=\"https:\/\/kirashoes.com\/et\/tarnimine\/\" \/>\n<meta property=\"og:site_name\" content=\"KIRA\" \/>\n<meta property=\"article:modified_time\" content=\"2022-08-19T13:06:44+00:00\" \/>\n<meta property=\"og:image\" content=\"https:\/\/kirasustainable.com\/wp-content\/uploads\/2021\/08\/KIRA-recycled-packaging-1024x1024.png\" \/>\n<meta name=\"twitter:card\" content=\"summary_large_image\" \/>\n<meta name=\"twitter:label1\" content=\"Est. reading time\" \/>\n\t<meta name=\"twitter:data1\" content=\"1 minut\" \/>\n<script type=\"application\/ld+json\" class=\"yoast-schema-graph\">{\"@context\":\"https:\/\/schema.org\",\"@graph\":[{\"@type\":\"WebPage\",\"@id\":\"https:\/\/kirashoes.com\/et\/tarnimine\/\",\"url\":\"https:\/\/kirashoes.com\/et\/tarnimine\/\",\"name\":\"tarnimine - KIRA\",\"isPartOf\":{\"@id\":\"https:\/\/kirashoes.com\/et\/#website\"},\"primaryImageOfPage\":{\"@id\":\"https:\/\/kirashoes.com\/et\/tarnimine\/#primaryimage\"},\"image\":{\"@id\":\"https:\/\/kirashoes.com\/et\/tarnimine\/#primaryimage\"},\"thumbnailUrl\":\"https:\/\/kirasustainable.com\/wp-content\/uploads\/2021\/08\/KIRA-recycled-packaging-1024x1024.png\",\"datePublished\":\"2022-08-19T13:06:43+00:00\",\"dateModified\":\"2022-08-19T13:06:44+00:00\",\"breadcrumb\":{\"@id\":\"https:\/\/kirashoes.com\/et\/tarnimine\/#breadcrumb\"},\"inLanguage\":\"et\",\"potentialAction\":[{\"@type\":\"ReadAction\",\"target\":[\"https:\/\/kirashoes.com\/et\/tarnimine\/\"]}]},{\"@type\":\"ImageObject\",\"inLanguage\":\"et\",\"@id\":\"https:\/\/kirashoes.com\/et\/tarnimine\/#primaryimage\",\"url\":\"https:\/\/kirasustainable.com\/wp-content\/uploads\/2021\/08\/KIRA-recycled-packaging-1024x1024.png\",\"contentUrl\":\"https:\/\/kirasustainable.com\/wp-content\/uploads\/2021\/08\/KIRA-recycled-packaging-1024x1024.png\"},{\"@type\":\"BreadcrumbList\",\"@id\":\"https:\/\/kirashoes.com\/et\/tarnimine\/#breadcrumb\",\"itemListElement\":[{\"@type\":\"ListItem\",\"position\":1,\"name\":\"Home\",\"item\":\"https:\/\/kirashoes.com\/\"},{\"@type\":\"ListItem\",\"position\":2,\"name\":\"tarnimine\"}]},{\"@type\":\"WebSite\",\"@id\":\"https:\/\/kirashoes.com\/et\/#website\",\"url\":\"https:\/\/kirashoes.com\/et\/\",\"name\":\"KIRA\",\"description\":\"Leave no trace \u2661 Sustainable footwear and activewear made in Estonia.\",\"publisher\":{\"@id\":\"https:\/\/kirashoes.com\/et\/#organization\"},\"potentialAction\":[{\"@type\":\"SearchAction\",\"target\":{\"@type\":\"EntryPoint\",\"urlTemplate\":\"https:\/\/kirashoes.com\/et\/?s={search_term_string}\"},\"query-input\":{\"@type\":\"PropertyValueSpecification\",\"valueRequired\":true,\"valueName\":\"search_term_string\"}}],\"inLanguage\":\"et\"},{\"@type\":\"Organization\",\"@id\":\"https:\/\/kirashoes.com\/et\/#organization\",\"name\":\"KIRA\",\"url\":\"https:\/\/kirashoes.com\/et\/\",\"logo\":{\"@type\":\"ImageObject\",\"inLanguage\":\"et\",\"@id\":\"https:\/\/kirashoes.com\/et\/#\/schema\/logo\/image\/\",\"url\":\"https:\/\/kirashoes.com\/wp-content\/uploads\/2022\/01\/KIRA-logo_vol2-1.svg\",\"contentUrl\":\"https:\/\/kirashoes.com\/wp-content\/uploads\/2022\/01\/KIRA-logo_vol2-1.svg\",\"caption\":\"KIRA\"},\"image\":{\"@id\":\"https:\/\/kirashoes.com\/et\/#\/schema\/logo\/image\/\"}}]}<\/script>\n<!-- \/ Yoast SEO plugin. -->","yoast_head_json":{"title":"tarnimine - KIRA","robots":{"index":"index","follow":"follow","max-snippet":"max-snippet:-1","max-image-preview":"max-image-preview:large","max-video-preview":"max-video-preview:-1"},"canonical":"https:\/\/kirashoes.com\/et\/tarnimine\/","og_locale":"et_EE","og_type":"article","og_title":"tarnimine - KIRA","og_description":"tarnimine KIRA pakub \u00fclemaailmset tarnimist. Me p\u00fc\u00fcame saata tellimused j\u00e4rgmise t\u00f6\u00f6p\u00e4eva jooksul, kui see on laos olemas toode (nagu KIRA dressid ja hooldusvahendid). Ettetellitud toodete (nagu KIRA pre-order saapad, ketsid ja sandaalid) tarneaeg on 4 n\u00e4dalat. Toote v\u00e4ljasaatmisel saadame Teile meilile kinnituse. Meie kullerteenuse partner on DPD. Teil on v\u00f5imalik valida koju v\u00f5i pakiautomaati kohaletoimetamise [&hellip;]","og_url":"https:\/\/kirashoes.com\/et\/tarnimine\/","og_site_name":"KIRA","article_modified_time":"2022-08-19T13:06:44+00:00","og_image":[{"url":"https:\/\/kirasustainable.com\/wp-content\/uploads\/2021\/08\/KIRA-recycled-packaging-1024x1024.png","type":"","width":"","height":""}],"twitter_card":"summary_large_image","twitter_misc":{"Est. reading time":"1 minut"},"schema":{"@context":"https:\/\/schema.org","@graph":[{"@type":"WebPage","@id":"https:\/\/kirashoes.com\/et\/tarnimine\/","url":"https:\/\/kirashoes.com\/et\/tarnimine\/","name":"tarnimine - KIRA","isPartOf":{"@id":"https:\/\/kirashoes.com\/et\/#website"},"primaryImageOfPage":{"@id":"https:\/\/kirashoes.com\/et\/tarnimine\/#primaryimage"},"image":{"@id":"https:\/\/kirashoes.com\/et\/tarnimine\/#primaryimage"},"thumbnailUrl":"https:\/\/kirasustainable.com\/wp-content\/uploads\/2021\/08\/KIRA-recycled-packaging-1024x1024.png","datePublished":"2022-08-19T13:06:43+00:00","dateModified":"2022-08-19T13:06:44+00:00","breadcrumb":{"@id":"https:\/\/kirashoes.com\/et\/tarnimine\/#breadcrumb"},"inLanguage":"et","potentialAction":[{"@type":"ReadAction","target":["https:\/\/kirashoes.com\/et\/tarnimine\/"]}]},{"@type":"ImageObject","inLanguage":"et","@id":"https:\/\/kirashoes.com\/et\/tarnimine\/#primaryimage","url":"https:\/\/kirasustainable.com\/wp-content\/uploads\/2021\/08\/KIRA-recycled-packaging-1024x1024.png","contentUrl":"https:\/\/kirasustainable.com\/wp-content\/uploads\/2021\/08\/KIRA-recycled-packaging-1024x1024.png"},{"@type":"BreadcrumbList","@id":"https:\/\/kirashoes.com\/et\/tarnimine\/#breadcrumb","itemListElement":[{"@type":"ListItem","position":1,"name":"Home","item":"https:\/\/kirashoes.com\/"},{"@type":"ListItem","position":2,"name":"tarnimine"}]},{"@type":"WebSite","@id":"https:\/\/kirashoes.com\/et\/#website","url":"https:\/\/kirashoes.com\/et\/","name":"KIRA","description":"Leave no trace \u2661 Sustainable footwear and activewear made in Estonia.","publisher":{"@id":"https:\/\/kirashoes.com\/et\/#organization"},"potentialAction":[{"@type":"SearchAction","target":{"@type":"EntryPoint","urlTemplate":"https:\/\/kirashoes.com\/et\/?s={search_term_string}"},"query-input":{"@type":"PropertyValueSpecification","valueRequired":true,"valueName":"search_term_string"}}],"inLanguage":"et"},{"@type":"Organization","@id":"https:\/\/kirashoes.com\/et\/#organization","name":"KIRA","url":"https:\/\/kirashoes.com\/et\/","logo":{"@type":"ImageObject","inLanguage":"et","@id":"https:\/\/kirashoes.com\/et\/#\/schema\/logo\/image\/","url":"https:\/\/kirashoes.com\/wp-content\/uploads\/2022\/01\/KIRA-logo_vol2-1.svg","contentUrl":"https:\/\/kirashoes.com\/wp-content\/uploads\/2022\/01\/KIRA-logo_vol2-1.svg","caption":"KIRA"},"image":{"@id":"https:\/\/kirashoes.com\/et\/#\/schema\/logo\/image\/"}}]}},"_links":{"self":[{"href":"https:\/\/kirashoes.com\/et\/wp-json\/wp\/v2\/pages\/8335","targetHints":{"allow":["GET"]}}],"collection":[{"href":"https:\/\/kirashoes.com\/et\/wp-json\/wp\/v2\/pages"}],"about":[{"href":"https:\/\/kirashoes.com\/et\/wp-json\/wp\/v2\/types\/page"}],"author":[{"embeddable":true,"href":"https:\/\/kirashoes.com\/et\/wp-json\/wp\/v2\/users\/2"}],"replies":[{"embeddable":true,"href":"https:\/\/kirashoes.com\/et\/wp-json\/wp\/v2\/comments?post=8335"}],"version-history":[{"count":1,"href":"https:\/\/kirashoes.com\/et\/wp-json\/wp\/v2\/pages\/8335\/revisions"}],"predecessor-version":[{"id":8336,"href":"https:\/\/kirashoes.com\/et\/wp-json\/wp\/v2\/pages\/8335\/revisions\/8336"}],"wp:attachment":[{"href":"https:\/\/kirashoes.com\/et\/wp-json\/wp\/v2\/media?parent=8335"}],"curies":[{"name":"wp","href":"https:\/\/api.w.org\/{rel}","templated":true}]}}