{"id":8323,"date":"2022-08-19T14:49:38","date_gmt":"2022-08-19T11:49:38","guid":{"rendered":"https:\/\/kirasustainable.com\/privaatsuspoliitika\/"},"modified":"2025-07-05T18:53:52","modified_gmt":"2025-07-05T15:53:52","slug":"privaatsuspoliitika","status":"publish","type":"page","link":"https:\/\/kirashoes.com\/et\/privaatsuspoliitika\/","title":{"rendered":"Privaatsuspoliitika"},"content":{"rendered":"\t\t<div data-elementor-type=\"wp-page\" data-elementor-id=\"8323\" class=\"elementor elementor-8323 elementor-3\" data-elementor-post-type=\"page\">\n\t\t\t\t\t\t<section class=\"elementor-section elementor-top-section elementor-element elementor-element-82a54d3 elementor-section-boxed elementor-section-height-default elementor-section-height-default\" data-id=\"82a54d3\" data-element_type=\"section\">\n\t\t\t\t\t\t<div class=\"elementor-container elementor-column-gap-default\">\n\t\t\t\t\t<div class=\"elementor-column elementor-col-100 elementor-top-column elementor-element elementor-element-46bd41e\" data-id=\"46bd41e\" data-element_type=\"column\">\n\t\t\t<div class=\"elementor-widget-wrap elementor-element-populated\">\n\t\t\t\t\t\t<div class=\"elementor-element elementor-element-c6f9ef0 elementor-widget elementor-widget-spacer\" data-id=\"c6f9ef0\" data-element_type=\"widget\" data-widget_type=\"spacer.default\">\n\t\t\t\t<div class=\"elementor-widget-container\">\n\t\t\t\t\t\t\t<div class=\"elementor-spacer\">\n\t\t\t<div class=\"elementor-spacer-inner\"><\/div>\n\t\t<\/div>\n\t\t\t\t\t\t<\/div>\n\t\t\t\t<\/div>\n\t\t\t\t<div class=\"elementor-element elementor-element-ac604c4 elementor-widget elementor-widget-text-editor\" data-id=\"ac604c4\" data-element_type=\"widget\" data-widget_type=\"text-editor.default\">\n\t\t\t\t<div class=\"elementor-widget-container\">\n\t\t\t\t\t\t\t\t\t<p>See privaatsuspoliitika kirjeldab, kuidas Teie isikuandmeid kogutakse, kasutatakse ja jagatakse, kui k\u00fclastate veebilehte kirashoes.com (edaspidi ,,Leht&#8221;) v\u00f5i kui sooritate ostu.\u00a0<\/p><p><strong>ISIKLIK INFORMATSIOON, MIDA KOGUME<\/strong><\/p><p>Kui Te k\u00fclastate lehte, siis me automaatselt kogume kindlat informatsiooni seadme, kaasaarvatud informatsioon Teie veebinbrauserist, IP aadressist, ajatsoonist ja k\u00fcpsistest, mis on Teie seadmes. Lisaks, kui Te sirvite meie Lehte, siis me kogume informatsiooni veebilehtedest v\u00f5i toodetest, mida Te vaatate, mis veebilehtede v\u00f5i otsinguterminid t\u00f5id teid Lehele ning informatsioon, kuidas Te suhtlete Lehega. Me nimetame seda automaatselt kogutud informatsiooni: ,,Seadme informatsioon&#8221;<\/p><p>Me kogume Seadme Informatsiooni, kasutades j\u00e4rgnevaid tehnoloogiaid:<\/p><p>&#8211; ,,K\u00fcpsised&#8221; ja andmefailid, mis on Teie seadmes v\u00f5i arvutis ja sisaldavad tihti anon\u00fc\u00fcmset unikaalset identifikaatorit. Rohkem informatsiooni k\u00fcpsiste kohta ja kuidas neid keelata, minge <a href=\"http:\/\/allaboutcookies.org\">allaboutcookies.org.<\/a><\/p><p>&#8211; ,,Logifailid&#8221; j\u00e4lgivad saidil toimuvaid toiminguid ja koguvad andmeid, sealhulgas Teie IP-aadressi, brauseri t\u00fc\u00fcpi, Interneti teenuse pakkujat, viitavaid\/v\u00e4ljuvaid lehti ja kuup\u00e4eva\/kellaaja templeid.<\/p><p>&#8211; &#8221;Veebimajakad&#8221;, &#8221;sildid&#8221; ja &#8221;pikslid&#8221; on elektroonilised failid, mida kasutatakse lehe sirvimise kohta teabe salvestamiseks.<\/p><p>&#8211; Lisaks kogume lehe kaudu teatud teavet ostu sooritmisel v\u00f5i proovil ostu sooritada. Kogume Teie nime, arveldusaadressi, makseteavet (sh krediitkaardi numbrid), e-posti aadressi ja telefoninumbri. See on &#8221;tellimusteave&#8221;.<\/p><p>Kui me r\u00e4\u00e4gime isikuandmetest, siis r\u00e4\u00e4gime nii seadme teabest kui ka tellimuse teabest.<\/p><p><strong>KUIDAS ME KASUTAME TEIE ISIKLIKKU INFORMATSIOONI?<\/strong><\/p><p>Me kasutame tellimuse informatsiooni, mida me kogume tavaliselt lehe kaudu tehtud tellimuste t\u00e4itmiseks (sh teie makseteabe t\u00f6\u00f6tlemine, kohaletoimetamise korraldamine ning arvete ja\/v\u00f5i tellimuse kinnituste esitamine).<\/p><p>Lisaks, kasutame Tellimuse Informatsiooni, et:<\/p><p>&#8211; suhelda Teiega<\/p><p>&#8211; kontrollime potentsiaalseid riske v\u00f5i pettust<\/p><p>&#8211; kui olete meie eelistustega koosk\u00f5las, siis edastame Teile meie toodete v\u00f5i teenustega seotud teavet v\u00f5i reklaame.<\/p><p>Kasutame kogutud seadmeteavet, et meil oleks v\u00f5imalik kontrollida riske ja pettusi (eelk\u00f5ige teie IP-aadressi) ning \u00fcldisemalt oma lehe t\u00e4iustamiseks ja optimeerimiseks (n\u00e4iteks luua anal\u00fc\u00fcs selle kohta, kuidas meie kliendid sirvivad lehte v\u00f5i suhtlevad lehel ning hinnata meie turundus- ja reklaamikampaaniate edukust).<\/p><p><strong>PERSONAALSE INFORMATSIOONI JAGAMINE<\/strong><\/p><p>Jagame Teie isikuandmeid kolmandate osapooltega, et aidata Teie isikuandmeid \u00fcleval pool kirjeldatud viisidel kasutada. Kasutame volitatud maksete kogujana Maksekeskus AS-i ja veebipoe v\u00f5imendamiseks Shopify&#8217;d. Lisateavet selle kohta, kuidas Shopify Teie isikuandmeid kasutab, saate lugeda siit: <a href=\"https:\/\/www.shopify.com\/legal\/privacy.\">shopify.com\/legal\/privacy, <\/a><\/p><p>Samuti kasutame Google Analyticsit, mis aitab meil m\u00f5ista, kuidas kliendid veebilehte kasutavad. Lisateavet selle kohta, kuidas Google Teie isikuandmeid kasutab, saate lugeda siit: https:\/\/www.google.com\/intl\/en\/policies\/privacy\/ Samuti saate Google Analyticsist loobuda siit: https:\/\/tools.google.com\/dlpage\/gaoptout.<\/p><p>L\u00f5puks v\u00f5ime Teie isikuandmeid jagada ka selleks, et j\u00e4rgida kohaldatavaid seadusi ja m\u00e4\u00e4rusi, vastata kohtukutsetele, l\u00e4biotsimism\u00e4\u00e4rusele v\u00f5i muudele seaduslikele teabep\u00e4ringutele, mida saame v\u00f5i\u00a0 kaitsta oma \u00f5igusi.<\/p><p><strong>SUUNATUD REKLAAM<\/strong><\/p><p>Nagu \u00fclalpool kirjeldatud, kasutame Teie isikuandmeid, et pakkuda Teile suunatud reklaame v\u00f5i turundusteateid, mis meie arvates v\u00f5ivad Teile huvi pakkuda. Suunatud reklaamise toimise kohta saab lisateavet Network Advertising Initiative (NAI) hariduslehel http:\/\/www.networkadvertising.org\/understanding-online-advertising\/how-does-it-work.<\/p><p>Saate suunatud reklaamist loobuda, kasutades allolevaid linke:<\/p><p>&#8211; Facebook: https:\/\/www.facebook.com\/settings\/?tab=ads<\/p><p>&#8211; Google: https:\/\/www.google.com\/settings\/ads\/anonymous<\/p><p>&#8211; Bing: https:\/\/advertise.bingads.microsoft.com\/en-us\/resources\/policies\/personalized-ads<\/p><p>Lisaks saate m\u00f5nest teenusest loobuda, k\u00fclastades Digital Advertising Alliance&#8217;i loobumisportaali aadressil: http:\/\/optout.aboutads.info\/<\/p><p>Privaatsus- ja m\u00fc\u00fcgitingimustega n\u00f5ustumisel annate meile n\u00f5usoleku saata teie poolt esitatud e-posti aadressile personaliseeritud pakkumisi, kirju ja turundusmaterjale.<\/p><p><strong>\u00c4RA J\u00c4LGI<\/strong><\/p><p>Pange t\u00e4hele, et me ei muuda oma Lehe andmete kogumise ja kasutamise tavasid, kui n\u00e4eme teie brauserist signaali \u00c4ra j\u00e4lgi.<\/p><p><strong>TEIE \u00d5IGUSED<\/strong><\/p><p>Kui olete Euroopa kodanik, on Teil \u00f5igus n\u00e4ha meie valduses olevaid end isikuandmeid ja paluda vajadusel nende parandamist, ajakohastamist v\u00f5i kustutamist. Kui soovite seda \u00f5igust kasutada, v\u00f5tke meiega \u00fchendust allolevate kontaktandmete kaudu.<\/p><p>Lisaks, kui Te olete Euroopa kodanik, siis t\u00f6\u00f6tleme saadud teavet teiega lepingu t\u00e4itmiseks (n\u00e4iteks, kui teete saidilt tellimuse) v\u00f5i muul \u00fclalnimetatud viisil seaduslike \u00e4rihuvide t\u00e4itmiseks. Lisaks pange t\u00e4hele, et Teie teave edastatakse v\u00e4ljapoole Euroopat, sealhulgas Kanadasse ja Ameerika \u00dchendriikidesse.<\/p><p><strong>ANDMETE S\u00c4ILITAMINE<\/strong><\/p><p>Kui esitate lehe kaudu tellimuse, s\u00e4ilitame Teie tellimusteavet, v\u00e4lja arvatud juhul, kui palute meil selle teabe kustutada.<\/p><p><strong>MUUDATUSED<\/strong><\/p><p>V\u00f5ime seda privaatsuspoliitikat aeg-ajalt v\u00e4rskendada, et kajastada n\u00e4iteks muudatusi meie tavades v\u00f5i muudel tegevuslikel, \u00f5iguslikel v\u00f5i regulatiivsetel p\u00f5hjustel.<\/p><p><strong>V\u00d5TA MEIEGA \u00dcHENDUST<\/strong><\/p><p>Kui Te soovite lisateavet privaatsuspoliitika kohta, Teil on t\u00e4iendavaid k\u00fcsimusi v\u00f5i soovite esitada kaebuse, siis palun v\u00f5tke meiega \u00fchendust meiliaadressil sales@kirashoes.com v\u00f5i saatke meile kiri posti teel:<\/p><p>NATUREWEAR O\u00dc<br \/>Tartu mnt 56, Tallinn, 10115, Eesti<\/p>\t\t\t\t\t\t\t\t<\/div>\n\t\t\t\t<\/div>\n\t\t\t\t\t<\/div>\n\t\t<\/div>\n\t\t\t\t\t<\/div>\n\t\t<\/section>\n\t\t\t\t<\/div>\n\t\t","protected":false},"excerpt":{"rendered":"<p>See privaatsuspoliitika kirjeldab, kuidas Teie isikuandmeid kogutakse, kasutatakse ja jagatakse, kui k\u00fclastate veebilehte kirashoes.com (edaspidi ,,Leht&#8221;) v\u00f5i kui sooritate ostu.\u00a0 ISIKLIK INFORMATSIOON, MIDA KOGUME Kui Te k\u00fclastate lehte, siis me automaatselt kogume kindlat informatsiooni seadme, kaasaarvatud informatsioon Teie veebinbrauserist, IP aadressist, ajatsoonist ja k\u00fcpsistest, mis on Teie seadmes. Lisaks, kui Te sirvite meie Lehte, siis [&hellip;]<\/p>\n","protected":false},"author":2,"featured_media":0,"parent":0,"menu_order":0,"comment_status":"closed","ping_status":"closed","template":"","meta":{"site-sidebar-layout":"no-sidebar","site-content-layout":"plain-container","ast-site-content-layout":"default","site-content-style":"default","site-sidebar-style":"default","ast-global-header-display":"","ast-banner-title-visibility":"","ast-main-header-display":"","ast-hfb-above-header-display":"","ast-hfb-below-header-display":"","ast-hfb-mobile-header-display":"","site-post-title":"disabled","ast-breadcrumbs-content":"","ast-featured-img":"","footer-sml-layout":"","ast-disable-related-posts":"","theme-transparent-header-meta":"default","adv-header-id-meta":"","stick-header-meta":"","header-above-stick-meta":"","header-main-stick-meta":"","header-below-stick-meta":"","astra-migrate-meta-layouts":"default","ast-page-background-enabled":"default","ast-page-background-meta":{"desktop":{"background-color":"","background-image":"","background-repeat":"repeat","background-position":"center center","background-size":"auto","background-attachment":"scroll","background-type":"","background-media":"","overlay-type":"","overlay-color":"","overlay-opacity":"","overlay-gradient":""},"tablet":{"background-color":"","background-image":"","background-repeat":"repeat","background-position":"center center","background-size":"auto","background-attachment":"scroll","background-type":"","background-media":"","overlay-type":"","overlay-color":"","overlay-opacity":"","overlay-gradient":""},"mobile":{"background-color":"","background-image":"","background-repeat":"repeat","background-position":"center center","background-size":"auto","background-attachment":"scroll","background-type":"","background-media":"","overlay-type":"","overlay-color":"","overlay-opacity":"","overlay-gradient":""}},"ast-content-background-meta":{"desktop":{"background-color":"var(--ast-global-color-5)","background-image":"","background-repeat":"repeat","background-position":"center center","background-size":"auto","background-attachment":"scroll","background-type":"","background-media":"","overlay-type":"","overlay-color":"","overlay-opacity":"","overlay-gradient":""},"tablet":{"background-color":"var(--ast-global-color-5)","background-image":"","background-repeat":"repeat","background-position":"center center","background-size":"auto","background-attachment":"scroll","background-type":"","background-media":"","overlay-type":"","overlay-color":"","overlay-opacity":"","overlay-gradient":""},"mobile":{"background-color":"var(--ast-global-color-5)","background-image":"","background-repeat":"repeat","background-position":"center center","background-size":"auto","background-attachment":"scroll","background-type":"","background-media":"","overlay-type":"","overlay-color":"","overlay-opacity":"","overlay-gradient":""}},"footnotes":""},"class_list":["post-8323","page","type-page","status-publish","hentry"],"yoast_head":"<!-- This site is optimized with the Yoast SEO plugin v26.5 - https:\/\/yoast.com\/wordpress\/plugins\/seo\/ -->\n<title>Privaatsuspoliitika - KIRA<\/title>\n<meta name=\"robots\" content=\"index, follow, max-snippet:-1, max-image-preview:large, max-video-preview:-1\" \/>\n<link rel=\"canonical\" href=\"https:\/\/kirashoes.com\/privacy-policy\/\" \/>\n<meta property=\"og:locale\" content=\"et_EE\" \/>\n<meta property=\"og:type\" content=\"article\" \/>\n<meta property=\"og:title\" content=\"Privaatsuspoliitika - KIRA\" \/>\n<meta property=\"og:description\" content=\"See privaatsuspoliitika kirjeldab, kuidas Teie isikuandmeid kogutakse, kasutatakse ja jagatakse, kui k\u00fclastate veebilehte kirashoes.com (edaspidi ,,Leht&#8221;) v\u00f5i kui sooritate ostu.\u00a0 ISIKLIK INFORMATSIOON, MIDA KOGUME Kui Te k\u00fclastate lehte, siis me automaatselt kogume kindlat informatsiooni seadme, kaasaarvatud informatsioon Teie veebinbrauserist, IP aadressist, ajatsoonist ja k\u00fcpsistest, mis on Teie seadmes. Lisaks, kui Te sirvite meie Lehte, siis [&hellip;]\" \/>\n<meta property=\"og:url\" content=\"https:\/\/kirashoes.com\/privacy-policy\/\" \/>\n<meta property=\"og:site_name\" content=\"KIRA\" \/>\n<meta property=\"article:modified_time\" content=\"2025-07-05T15:53:52+00:00\" \/>\n<meta name=\"twitter:card\" content=\"summary_large_image\" \/>\n<meta name=\"twitter:label1\" content=\"Est. reading time\" \/>\n\t<meta name=\"twitter:data1\" content=\"4 minutit\" \/>\n<script type=\"application\/ld+json\" class=\"yoast-schema-graph\">{\"@context\":\"https:\/\/schema.org\",\"@graph\":[{\"@type\":\"WebPage\",\"@id\":\"https:\/\/kirashoes.com\/privacy-policy\/\",\"url\":\"https:\/\/kirashoes.com\/privacy-policy\/\",\"name\":\"Privaatsuspoliitika - KIRA\",\"isPartOf\":{\"@id\":\"https:\/\/kirashoes.com\/et\/#website\"},\"datePublished\":\"2022-08-19T11:49:38+00:00\",\"dateModified\":\"2025-07-05T15:53:52+00:00\",\"breadcrumb\":{\"@id\":\"https:\/\/kirashoes.com\/privacy-policy\/#breadcrumb\"},\"inLanguage\":\"et\",\"potentialAction\":[{\"@type\":\"ReadAction\",\"target\":[\"https:\/\/kirashoes.com\/privacy-policy\/\"]}]},{\"@type\":\"BreadcrumbList\",\"@id\":\"https:\/\/kirashoes.com\/privacy-policy\/#breadcrumb\",\"itemListElement\":[{\"@type\":\"ListItem\",\"position\":1,\"name\":\"Home\",\"item\":\"https:\/\/kirashoes.com\/\"},{\"@type\":\"ListItem\",\"position\":2,\"name\":\"Privaatsuspoliitika\"}]},{\"@type\":\"WebSite\",\"@id\":\"https:\/\/kirashoes.com\/et\/#website\",\"url\":\"https:\/\/kirashoes.com\/et\/\",\"name\":\"KIRA\",\"description\":\"Leave no trace \u2661 Sustainable footwear and activewear made in Estonia.\",\"publisher\":{\"@id\":\"https:\/\/kirashoes.com\/et\/#organization\"},\"potentialAction\":[{\"@type\":\"SearchAction\",\"target\":{\"@type\":\"EntryPoint\",\"urlTemplate\":\"https:\/\/kirashoes.com\/et\/?s={search_term_string}\"},\"query-input\":{\"@type\":\"PropertyValueSpecification\",\"valueRequired\":true,\"valueName\":\"search_term_string\"}}],\"inLanguage\":\"et\"},{\"@type\":\"Organization\",\"@id\":\"https:\/\/kirashoes.com\/et\/#organization\",\"name\":\"KIRA\",\"url\":\"https:\/\/kirashoes.com\/et\/\",\"logo\":{\"@type\":\"ImageObject\",\"inLanguage\":\"et\",\"@id\":\"https:\/\/kirashoes.com\/et\/#\/schema\/logo\/image\/\",\"url\":\"https:\/\/kirashoes.com\/wp-content\/uploads\/2022\/01\/KIRA-logo_vol2-1.svg\",\"contentUrl\":\"https:\/\/kirashoes.com\/wp-content\/uploads\/2022\/01\/KIRA-logo_vol2-1.svg\",\"caption\":\"KIRA\"},\"image\":{\"@id\":\"https:\/\/kirashoes.com\/et\/#\/schema\/logo\/image\/\"}}]}<\/script>\n<!-- \/ Yoast SEO plugin. -->","yoast_head_json":{"title":"Privaatsuspoliitika - KIRA","robots":{"index":"index","follow":"follow","max-snippet":"max-snippet:-1","max-image-preview":"max-image-preview:large","max-video-preview":"max-video-preview:-1"},"canonical":"https:\/\/kirashoes.com\/privacy-policy\/","og_locale":"et_EE","og_type":"article","og_title":"Privaatsuspoliitika - KIRA","og_description":"See privaatsuspoliitika kirjeldab, kuidas Teie isikuandmeid kogutakse, kasutatakse ja jagatakse, kui k\u00fclastate veebilehte kirashoes.com (edaspidi ,,Leht&#8221;) v\u00f5i kui sooritate ostu.\u00a0 ISIKLIK INFORMATSIOON, MIDA KOGUME Kui Te k\u00fclastate lehte, siis me automaatselt kogume kindlat informatsiooni seadme, kaasaarvatud informatsioon Teie veebinbrauserist, IP aadressist, ajatsoonist ja k\u00fcpsistest, mis on Teie seadmes. Lisaks, kui Te sirvite meie Lehte, siis [&hellip;]","og_url":"https:\/\/kirashoes.com\/privacy-policy\/","og_site_name":"KIRA","article_modified_time":"2025-07-05T15:53:52+00:00","twitter_card":"summary_large_image","twitter_misc":{"Est. reading time":"4 minutit"},"schema":{"@context":"https:\/\/schema.org","@graph":[{"@type":"WebPage","@id":"https:\/\/kirashoes.com\/privacy-policy\/","url":"https:\/\/kirashoes.com\/privacy-policy\/","name":"Privaatsuspoliitika - KIRA","isPartOf":{"@id":"https:\/\/kirashoes.com\/et\/#website"},"datePublished":"2022-08-19T11:49:38+00:00","dateModified":"2025-07-05T15:53:52+00:00","breadcrumb":{"@id":"https:\/\/kirashoes.com\/privacy-policy\/#breadcrumb"},"inLanguage":"et","potentialAction":[{"@type":"ReadAction","target":["https:\/\/kirashoes.com\/privacy-policy\/"]}]},{"@type":"BreadcrumbList","@id":"https:\/\/kirashoes.com\/privacy-policy\/#breadcrumb","itemListElement":[{"@type":"ListItem","position":1,"name":"Home","item":"https:\/\/kirashoes.com\/"},{"@type":"ListItem","position":2,"name":"Privaatsuspoliitika"}]},{"@type":"WebSite","@id":"https:\/\/kirashoes.com\/et\/#website","url":"https:\/\/kirashoes.com\/et\/","name":"KIRA","description":"Leave no trace \u2661 Sustainable footwear and activewear made in Estonia.","publisher":{"@id":"https:\/\/kirashoes.com\/et\/#organization"},"potentialAction":[{"@type":"SearchAction","target":{"@type":"EntryPoint","urlTemplate":"https:\/\/kirashoes.com\/et\/?s={search_term_string}"},"query-input":{"@type":"PropertyValueSpecification","valueRequired":true,"valueName":"search_term_string"}}],"inLanguage":"et"},{"@type":"Organization","@id":"https:\/\/kirashoes.com\/et\/#organization","name":"KIRA","url":"https:\/\/kirashoes.com\/et\/","logo":{"@type":"ImageObject","inLanguage":"et","@id":"https:\/\/kirashoes.com\/et\/#\/schema\/logo\/image\/","url":"https:\/\/kirashoes.com\/wp-content\/uploads\/2022\/01\/KIRA-logo_vol2-1.svg","contentUrl":"https:\/\/kirashoes.com\/wp-content\/uploads\/2022\/01\/KIRA-logo_vol2-1.svg","caption":"KIRA"},"image":{"@id":"https:\/\/kirashoes.com\/et\/#\/schema\/logo\/image\/"}}]}},"_links":{"self":[{"href":"https:\/\/kirashoes.com\/et\/wp-json\/wp\/v2\/pages\/8323","targetHints":{"allow":["GET"]}}],"collection":[{"href":"https:\/\/kirashoes.com\/et\/wp-json\/wp\/v2\/pages"}],"about":[{"href":"https:\/\/kirashoes.com\/et\/wp-json\/wp\/v2\/types\/page"}],"author":[{"embeddable":true,"href":"https:\/\/kirashoes.com\/et\/wp-json\/wp\/v2\/users\/2"}],"replies":[{"embeddable":true,"href":"https:\/\/kirashoes.com\/et\/wp-json\/wp\/v2\/comments?post=8323"}],"version-history":[{"count":13,"href":"https:\/\/kirashoes.com\/et\/wp-json\/wp\/v2\/pages\/8323\/revisions"}],"predecessor-version":[{"id":22594,"href":"https:\/\/kirashoes.com\/et\/wp-json\/wp\/v2\/pages\/8323\/revisions\/22594"}],"wp:attachment":[{"href":"https:\/\/kirashoes.com\/et\/wp-json\/wp\/v2\/media?parent=8323"}],"curies":[{"name":"wp","href":"https:\/\/api.w.org\/{rel}","templated":true}]}}