{"id":8310,"date":"2022-08-17T12:13:48","date_gmt":"2022-08-17T09:13:48","guid":{"rendered":"https:\/\/kirasustainable.com\/ettevotte-tellimused\/"},"modified":"2022-08-17T12:13:48","modified_gmt":"2022-08-17T09:13:48","slug":"ettevotte-tellimused","status":"publish","type":"page","link":"https:\/\/kirashoes.com\/et\/ettevotte-tellimused\/","title":{"rendered":"Ettev\u00f5tte tellimused"},"content":{"rendered":"\t\t<div data-elementor-type=\"wp-page\" data-elementor-id=\"8310\" class=\"elementor elementor-8310 elementor-2420\" data-elementor-post-type=\"page\">\n\t\t\t\t\t\t<section class=\"elementor-section elementor-top-section elementor-element elementor-element-507c9774 elementor-section-boxed elementor-section-height-default elementor-section-height-default\" data-id=\"507c9774\" data-element_type=\"section\">\n\t\t\t\t\t\t<div class=\"elementor-container elementor-column-gap-default\">\n\t\t\t\t\t<div class=\"elementor-column elementor-col-100 elementor-top-column elementor-element elementor-element-31a2d4a7\" data-id=\"31a2d4a7\" data-element_type=\"column\">\n\t\t\t<div class=\"elementor-widget-wrap elementor-element-populated\">\n\t\t\t\t\t\t<div class=\"elementor-element elementor-element-560c078 elementor-widget elementor-widget-heading\" data-id=\"560c078\" data-element_type=\"widget\" data-widget_type=\"heading.default\">\n\t\t\t\t<div class=\"elementor-widget-container\">\n\t\t\t\t\t<h2 class=\"elementor-heading-title elementor-size-default\">ettev\u00f5tte tellimused<\/h2>\t\t\t\t<\/div>\n\t\t\t\t<\/div>\n\t\t\t\t\t<\/div>\n\t\t<\/div>\n\t\t\t\t\t<\/div>\n\t\t<\/section>\n\t\t\t\t<section class=\"elementor-section elementor-top-section elementor-element elementor-element-66d81a1 elementor-section-boxed elementor-section-height-default elementor-section-height-default\" data-id=\"66d81a1\" data-element_type=\"section\">\n\t\t\t\t\t\t<div class=\"elementor-container elementor-column-gap-default\">\n\t\t\t\t\t<div class=\"elementor-column elementor-col-100 elementor-top-column elementor-element elementor-element-0e09969\" data-id=\"0e09969\" data-element_type=\"column\">\n\t\t\t<div class=\"elementor-widget-wrap elementor-element-populated\">\n\t\t\t\t\t\t<div class=\"elementor-element elementor-element-17a338f elementor-widget elementor-widget-text-editor\" data-id=\"17a338f\" data-element_type=\"widget\" data-widget_type=\"text-editor.default\">\n\t\t\t\t<div class=\"elementor-widget-container\">\n\t\t\t\t\t\t\t\t\tOleme KIRAs k\u00e4ivitamas <strong>BCOME platvormi<\/strong>, et saada <strong>360\u00ba \u00fclevaade\u00a0<\/strong>meie j\u00e4tkusuutlikkusest.\r\n\r\nSee on t\u00f6\u00f6riist toote j\u00e4tkusuutlikkuse indeksi hindamiseks neljas m\u00f5jupiirkonnas: planeet, inimesed, l\u00e4bipaistvus ja ringlus.\r\n\r\nHetkel on audit pooleli. Varsti saavad k\u00f5ik meie tooted QR-koodid, et saaksite j\u00e4lgida k\u00f5iki aspekte.\t\t\t\t\t\t\t\t<\/div>\n\t\t\t\t<\/div>\n\t\t\t\t<div class=\"elementor-element elementor-element-82dbf3a elementor-widget elementor-widget-gallery\" data-id=\"82dbf3a\" data-element_type=\"widget\" data-settings=\"{&quot;columns&quot;:2,&quot;gap&quot;:{&quot;unit&quot;:&quot;px&quot;,&quot;size&quot;:46,&quot;sizes&quot;:[]},&quot;aspect_ratio&quot;:&quot;4:3&quot;,&quot;lazyload&quot;:&quot;yes&quot;,&quot;gallery_layout&quot;:&quot;grid&quot;,&quot;columns_tablet&quot;:2,&quot;columns_mobile&quot;:1,&quot;gap_tablet&quot;:{&quot;unit&quot;:&quot;px&quot;,&quot;size&quot;:10,&quot;sizes&quot;:[]},&quot;gap_mobile&quot;:{&quot;unit&quot;:&quot;px&quot;,&quot;size&quot;:10,&quot;sizes&quot;:[]},&quot;overlay_background&quot;:&quot;yes&quot;,&quot;content_hover_animation&quot;:&quot;fade-in&quot;}\" data-widget_type=\"gallery.default\">\n\t\t\t\t<div class=\"elementor-widget-container\">\n\t\t\t\t\t\t\t<div class=\"elementor-gallery__container\">\n\t\t\t\t\t\t\t<div class=\"e-gallery-item elementor-gallery-item elementor-animated-content\">\n\t\t\t\t\t<div class=\"e-gallery-image elementor-gallery-item__image\" data-thumbnail=\"https:\/\/kirashoes.com\/wp-content\/uploads\/2021\/10\/apollo-images-1-1024x1024.jpg\" data-width=\"1024\" data-height=\"1024\" aria-label=\"kira qr codes for shoes\" role=\"img\" ><\/div>\n\t\t\t\t\t\t\t\t\t\t\t<div class=\"elementor-gallery-item__overlay\"><\/div>\n\t\t\t\t\t\t\t\t\t\t\t\t\t\t<\/div>\n\t\t\t\t\t\t\t<div class=\"e-gallery-item elementor-gallery-item elementor-animated-content\">\n\t\t\t\t\t<div class=\"e-gallery-image elementor-gallery-item__image\" data-thumbnail=\"https:\/\/kirashoes.com\/wp-content\/uploads\/2021\/10\/Hooandja-2-1-1024x1024.jpg\" data-width=\"1024\" data-height=\"1024\" aria-label=\"hooandja kira sustainable\" role=\"img\" ><\/div>\n\t\t\t\t\t\t\t\t\t\t\t<div class=\"elementor-gallery-item__overlay\"><\/div>\n\t\t\t\t\t\t\t\t\t\t\t\t\t\t<\/div>\n\t\t\t\t\t<\/div>\n\t\t\t\t\t<\/div>\n\t\t\t\t<\/div>\n\t\t\t\t<div class=\"elementor-element elementor-element-63b77c4 elementor-align-center elementor-widget elementor-widget-button\" data-id=\"63b77c4\" data-element_type=\"widget\" data-widget_type=\"button.default\">\n\t\t\t\t<div class=\"elementor-widget-container\">\n\t\t\t\t\t\t\t\t\t<div class=\"elementor-button-wrapper\">\n\t\t\t\t\t<a class=\"elementor-button elementor-button-link elementor-size-sm\" href=\"https:\/\/bcome.biz\/product\/\">\n\t\t\t\t\t\t<span class=\"elementor-button-content-wrapper\">\n\t\t\t\t\t\t\t\t\t<span class=\"elementor-button-text\">LOE ROHKEM BCOME KOHTA<\/span>\n\t\t\t\t\t<\/span>\n\t\t\t\t\t<\/a>\n\t\t\t\t<\/div>\n\t\t\t\t\t\t\t\t<\/div>\n\t\t\t\t<\/div>\n\t\t\t\t<div class=\"elementor-element elementor-element-afc0fca elementor-widget elementor-widget-text-editor\" data-id=\"afc0fca\" data-element_type=\"widget\" data-widget_type=\"text-editor.default\">\n\t\t\t\t<div class=\"elementor-widget-container\">\n\t\t\t\t\t\t\t\t\tOleme KIRAs p\u00fchendunud j\u00e4tkusuutliku ettev\u00f5tte loomisele, mis v\u00e4\u00e4rtustab kolme asja:\r\n\r\n\u2713 Moe keskkonnam\u00f5ju v\u00e4hendamine planeedile\r\n\r\n\u2713 Oma t\u00f6\u00f6tajatele \u00f5iglase ja eetilise t\u00f6\u00f6keskkonna tagamine\r\n\r\n\u2713 Aitame oma klientidel Maa peal kergemalt k\u00f5ndida\r\n\r\nOstes meie ajatud ja lihtsad jalatsid, saate \u00fchineda meiega eetilisema maailma kasvatamisel.\r\n\r\n<strong>KIRA suurim soov on luua tooteid minimaale \u00f6koloogilise jalaj\u00e4ljega.<\/strong>\r\n\r\nJust sellep\u00e4rast on meie k\u00f5ikide toodete slogan: \u00a0<strong><span style=\"font-style: inherit; color: var( --e-global-color-text );\">LEAVE NO TRACE<\/span><\/strong>\r\n\r\n<strong><span style=\"font-size: 1rem; font-style: inherit; color: var( --e-global-color-text );\">\u2661\u00a0<\/span><\/strong>\r\n\r\n&nbsp;\t\t\t\t\t\t\t\t<\/div>\n\t\t\t\t<\/div>\n\t\t\t\t<div class=\"elementor-element elementor-element-299af4a elementor-widget elementor-widget-image\" data-id=\"299af4a\" data-element_type=\"widget\" data-widget_type=\"image.default\">\n\t\t\t\t<div class=\"elementor-widget-container\">\n\t\t\t\t\t\t\t\t\t\t\t\t\t\t\t<img fetchpriority=\"high\" decoding=\"async\" width=\"1024\" height=\"624\" src=\"https:\/\/kirashoes.com\/wp-content\/uploads\/2021\/10\/team-KIRA_hand-and-flowers-1024x624.png\" class=\"attachment-large size-large wp-image-8311\" alt=\"\" srcset=\"https:\/\/kirashoes.com\/wp-content\/uploads\/2021\/10\/team-KIRA_hand-and-flowers-1024x624.png 1024w, https:\/\/kirashoes.com\/wp-content\/uploads\/2021\/10\/team-KIRA_hand-and-flowers-300x183.png 300w, https:\/\/kirashoes.com\/wp-content\/uploads\/2021\/10\/team-KIRA_hand-and-flowers-768x468.png 768w, https:\/\/kirashoes.com\/wp-content\/uploads\/2021\/10\/team-KIRA_hand-and-flowers-600x366.png 600w, https:\/\/kirashoes.com\/wp-content\/uploads\/2021\/10\/team-KIRA_hand-and-flowers.png 1366w\" sizes=\"(max-width: 1024px) 100vw, 1024px\" \/>\t\t\t\t\t\t\t\t\t\t\t\t\t\t\t<\/div>\n\t\t\t\t<\/div>\n\t\t\t\t\t<\/div>\n\t\t<\/div>\n\t\t\t\t\t<\/div>\n\t\t<\/section>\n\t\t\t\t<\/div>\n\t\t","protected":false},"excerpt":{"rendered":"<p>ettev\u00f5tte tellimused Oleme KIRAs k\u00e4ivitamas BCOME platvormi, et saada 360\u00ba \u00fclevaade\u00a0meie j\u00e4tkusuutlikkusest. See on t\u00f6\u00f6riist toote j\u00e4tkusuutlikkuse indeksi hindamiseks neljas m\u00f5jupiirkonnas: planeet, inimesed, l\u00e4bipaistvus ja ringlus. Hetkel on audit pooleli. Varsti saavad k\u00f5ik meie tooted QR-koodid, et saaksite j\u00e4lgida k\u00f5iki aspekte. LOE ROHKEM BCOME KOHTA Oleme KIRAs p\u00fchendunud j\u00e4tkusuutliku ettev\u00f5tte loomisele, mis v\u00e4\u00e4rtustab kolme asja: [&hellip;]<\/p>\n","protected":false},"author":2,"featured_media":0,"parent":0,"menu_order":0,"comment_status":"closed","ping_status":"closed","template":"","meta":{"site-sidebar-layout":"no-sidebar","site-content-layout":"plain-container","ast-site-content-layout":"default","site-content-style":"default","site-sidebar-style":"default","ast-global-header-display":"","ast-banner-title-visibility":"","ast-main-header-display":"","ast-hfb-above-header-display":"","ast-hfb-below-header-display":"","ast-hfb-mobile-header-display":"","site-post-title":"disabled","ast-breadcrumbs-content":"","ast-featured-img":"disabled","footer-sml-layout":"","ast-disable-related-posts":"","theme-transparent-header-meta":"default","adv-header-id-meta":"","stick-header-meta":"","header-above-stick-meta":"","header-main-stick-meta":"","header-below-stick-meta":"","astra-migrate-meta-layouts":"default","ast-page-background-enabled":"default","ast-page-background-meta":{"desktop":{"background-color":"","background-image":"","background-repeat":"repeat","background-position":"center center","background-size":"auto","background-attachment":"scroll","background-type":"","background-media":"","overlay-type":"","overlay-color":"","overlay-opacity":"","overlay-gradient":""},"tablet":{"background-color":"","background-image":"","background-repeat":"repeat","background-position":"center center","background-size":"auto","background-attachment":"scroll","background-type":"","background-media":"","overlay-type":"","overlay-color":"","overlay-opacity":"","overlay-gradient":""},"mobile":{"background-color":"","background-image":"","background-repeat":"repeat","background-position":"center center","background-size":"auto","background-attachment":"scroll","background-type":"","background-media":"","overlay-type":"","overlay-color":"","overlay-opacity":"","overlay-gradient":""}},"ast-content-background-meta":{"desktop":{"background-color":"var(--ast-global-color-5)","background-image":"","background-repeat":"repeat","background-position":"center center","background-size":"auto","background-attachment":"scroll","background-type":"","background-media":"","overlay-type":"","overlay-color":"","overlay-opacity":"","overlay-gradient":""},"tablet":{"background-color":"var(--ast-global-color-5)","background-image":"","background-repeat":"repeat","background-position":"center center","background-size":"auto","background-attachment":"scroll","background-type":"","background-media":"","overlay-type":"","overlay-color":"","overlay-opacity":"","overlay-gradient":""},"mobile":{"background-color":"var(--ast-global-color-5)","background-image":"","background-repeat":"repeat","background-position":"center center","background-size":"auto","background-attachment":"scroll","background-type":"","background-media":"","overlay-type":"","overlay-color":"","overlay-opacity":"","overlay-gradient":""}},"footnotes":""},"class_list":["post-8310","page","type-page","status-publish","hentry"],"yoast_head":"<!-- This site is optimized with the Yoast SEO plugin v26.5 - https:\/\/yoast.com\/wordpress\/plugins\/seo\/ -->\n<title>Ettev\u00f5tte tellimused - KIRA<\/title>\n<meta name=\"robots\" content=\"index, follow, max-snippet:-1, max-image-preview:large, max-video-preview:-1\" \/>\n<link rel=\"canonical\" href=\"https:\/\/kirashoes.com\/et\/ettevotte-tellimused\/\" \/>\n<meta property=\"og:locale\" content=\"et_EE\" \/>\n<meta property=\"og:type\" content=\"article\" \/>\n<meta property=\"og:title\" content=\"Ettev\u00f5tte tellimused - KIRA\" \/>\n<meta property=\"og:description\" content=\"ettev\u00f5tte tellimused Oleme KIRAs k\u00e4ivitamas BCOME platvormi, et saada 360\u00ba \u00fclevaade\u00a0meie j\u00e4tkusuutlikkusest. See on t\u00f6\u00f6riist toote j\u00e4tkusuutlikkuse indeksi hindamiseks neljas m\u00f5jupiirkonnas: planeet, inimesed, l\u00e4bipaistvus ja ringlus. Hetkel on audit pooleli. Varsti saavad k\u00f5ik meie tooted QR-koodid, et saaksite j\u00e4lgida k\u00f5iki aspekte. LOE ROHKEM BCOME KOHTA Oleme KIRAs p\u00fchendunud j\u00e4tkusuutliku ettev\u00f5tte loomisele, mis v\u00e4\u00e4rtustab kolme asja: [&hellip;]\" \/>\n<meta property=\"og:url\" content=\"https:\/\/kirashoes.com\/et\/ettevotte-tellimused\/\" \/>\n<meta property=\"og:site_name\" content=\"KIRA\" \/>\n<meta property=\"og:image\" content=\"https:\/\/kirasustainable.com\/wp-content\/uploads\/2021\/10\/team-KIRA_hand-and-flowers-1024x624.png\" \/>\n<meta name=\"twitter:card\" content=\"summary_large_image\" \/>\n<meta name=\"twitter:label1\" content=\"Est. reading time\" \/>\n\t<meta name=\"twitter:data1\" content=\"1 minut\" \/>\n<script type=\"application\/ld+json\" class=\"yoast-schema-graph\">{\"@context\":\"https:\/\/schema.org\",\"@graph\":[{\"@type\":\"WebPage\",\"@id\":\"https:\/\/kirashoes.com\/et\/ettevotte-tellimused\/\",\"url\":\"https:\/\/kirashoes.com\/et\/ettevotte-tellimused\/\",\"name\":\"Ettev\u00f5tte tellimused - KIRA\",\"isPartOf\":{\"@id\":\"https:\/\/kirashoes.com\/et\/#website\"},\"primaryImageOfPage\":{\"@id\":\"https:\/\/kirashoes.com\/et\/ettevotte-tellimused\/#primaryimage\"},\"image\":{\"@id\":\"https:\/\/kirashoes.com\/et\/ettevotte-tellimused\/#primaryimage\"},\"thumbnailUrl\":\"https:\/\/kirasustainable.com\/wp-content\/uploads\/2021\/10\/team-KIRA_hand-and-flowers-1024x624.png\",\"datePublished\":\"2022-08-17T09:13:48+00:00\",\"breadcrumb\":{\"@id\":\"https:\/\/kirashoes.com\/et\/ettevotte-tellimused\/#breadcrumb\"},\"inLanguage\":\"et\",\"potentialAction\":[{\"@type\":\"ReadAction\",\"target\":[\"https:\/\/kirashoes.com\/et\/ettevotte-tellimused\/\"]}]},{\"@type\":\"ImageObject\",\"inLanguage\":\"et\",\"@id\":\"https:\/\/kirashoes.com\/et\/ettevotte-tellimused\/#primaryimage\",\"url\":\"https:\/\/kirasustainable.com\/wp-content\/uploads\/2021\/10\/team-KIRA_hand-and-flowers-1024x624.png\",\"contentUrl\":\"https:\/\/kirasustainable.com\/wp-content\/uploads\/2021\/10\/team-KIRA_hand-and-flowers-1024x624.png\"},{\"@type\":\"BreadcrumbList\",\"@id\":\"https:\/\/kirashoes.com\/et\/ettevotte-tellimused\/#breadcrumb\",\"itemListElement\":[{\"@type\":\"ListItem\",\"position\":1,\"name\":\"Home\",\"item\":\"https:\/\/kirashoes.com\/\"},{\"@type\":\"ListItem\",\"position\":2,\"name\":\"Ettev\u00f5tte tellimused\"}]},{\"@type\":\"WebSite\",\"@id\":\"https:\/\/kirashoes.com\/et\/#website\",\"url\":\"https:\/\/kirashoes.com\/et\/\",\"name\":\"KIRA\",\"description\":\"Leave no trace \u2661 Sustainable footwear and activewear made in Estonia.\",\"publisher\":{\"@id\":\"https:\/\/kirashoes.com\/et\/#organization\"},\"potentialAction\":[{\"@type\":\"SearchAction\",\"target\":{\"@type\":\"EntryPoint\",\"urlTemplate\":\"https:\/\/kirashoes.com\/et\/?s={search_term_string}\"},\"query-input\":{\"@type\":\"PropertyValueSpecification\",\"valueRequired\":true,\"valueName\":\"search_term_string\"}}],\"inLanguage\":\"et\"},{\"@type\":\"Organization\",\"@id\":\"https:\/\/kirashoes.com\/et\/#organization\",\"name\":\"KIRA\",\"url\":\"https:\/\/kirashoes.com\/et\/\",\"logo\":{\"@type\":\"ImageObject\",\"inLanguage\":\"et\",\"@id\":\"https:\/\/kirashoes.com\/et\/#\/schema\/logo\/image\/\",\"url\":\"https:\/\/kirashoes.com\/wp-content\/uploads\/2022\/01\/KIRA-logo_vol2-1.svg\",\"contentUrl\":\"https:\/\/kirashoes.com\/wp-content\/uploads\/2022\/01\/KIRA-logo_vol2-1.svg\",\"caption\":\"KIRA\"},\"image\":{\"@id\":\"https:\/\/kirashoes.com\/et\/#\/schema\/logo\/image\/\"}}]}<\/script>\n<!-- \/ Yoast SEO plugin. -->","yoast_head_json":{"title":"Ettev\u00f5tte tellimused - KIRA","robots":{"index":"index","follow":"follow","max-snippet":"max-snippet:-1","max-image-preview":"max-image-preview:large","max-video-preview":"max-video-preview:-1"},"canonical":"https:\/\/kirashoes.com\/et\/ettevotte-tellimused\/","og_locale":"et_EE","og_type":"article","og_title":"Ettev\u00f5tte tellimused - KIRA","og_description":"ettev\u00f5tte tellimused Oleme KIRAs k\u00e4ivitamas BCOME platvormi, et saada 360\u00ba \u00fclevaade\u00a0meie j\u00e4tkusuutlikkusest. See on t\u00f6\u00f6riist toote j\u00e4tkusuutlikkuse indeksi hindamiseks neljas m\u00f5jupiirkonnas: planeet, inimesed, l\u00e4bipaistvus ja ringlus. Hetkel on audit pooleli. Varsti saavad k\u00f5ik meie tooted QR-koodid, et saaksite j\u00e4lgida k\u00f5iki aspekte. LOE ROHKEM BCOME KOHTA Oleme KIRAs p\u00fchendunud j\u00e4tkusuutliku ettev\u00f5tte loomisele, mis v\u00e4\u00e4rtustab kolme asja: [&hellip;]","og_url":"https:\/\/kirashoes.com\/et\/ettevotte-tellimused\/","og_site_name":"KIRA","og_image":[{"url":"https:\/\/kirasustainable.com\/wp-content\/uploads\/2021\/10\/team-KIRA_hand-and-flowers-1024x624.png","type":"","width":"","height":""}],"twitter_card":"summary_large_image","twitter_misc":{"Est. reading time":"1 minut"},"schema":{"@context":"https:\/\/schema.org","@graph":[{"@type":"WebPage","@id":"https:\/\/kirashoes.com\/et\/ettevotte-tellimused\/","url":"https:\/\/kirashoes.com\/et\/ettevotte-tellimused\/","name":"Ettev\u00f5tte tellimused - KIRA","isPartOf":{"@id":"https:\/\/kirashoes.com\/et\/#website"},"primaryImageOfPage":{"@id":"https:\/\/kirashoes.com\/et\/ettevotte-tellimused\/#primaryimage"},"image":{"@id":"https:\/\/kirashoes.com\/et\/ettevotte-tellimused\/#primaryimage"},"thumbnailUrl":"https:\/\/kirasustainable.com\/wp-content\/uploads\/2021\/10\/team-KIRA_hand-and-flowers-1024x624.png","datePublished":"2022-08-17T09:13:48+00:00","breadcrumb":{"@id":"https:\/\/kirashoes.com\/et\/ettevotte-tellimused\/#breadcrumb"},"inLanguage":"et","potentialAction":[{"@type":"ReadAction","target":["https:\/\/kirashoes.com\/et\/ettevotte-tellimused\/"]}]},{"@type":"ImageObject","inLanguage":"et","@id":"https:\/\/kirashoes.com\/et\/ettevotte-tellimused\/#primaryimage","url":"https:\/\/kirasustainable.com\/wp-content\/uploads\/2021\/10\/team-KIRA_hand-and-flowers-1024x624.png","contentUrl":"https:\/\/kirasustainable.com\/wp-content\/uploads\/2021\/10\/team-KIRA_hand-and-flowers-1024x624.png"},{"@type":"BreadcrumbList","@id":"https:\/\/kirashoes.com\/et\/ettevotte-tellimused\/#breadcrumb","itemListElement":[{"@type":"ListItem","position":1,"name":"Home","item":"https:\/\/kirashoes.com\/"},{"@type":"ListItem","position":2,"name":"Ettev\u00f5tte tellimused"}]},{"@type":"WebSite","@id":"https:\/\/kirashoes.com\/et\/#website","url":"https:\/\/kirashoes.com\/et\/","name":"KIRA","description":"Leave no trace \u2661 Sustainable footwear and activewear made in Estonia.","publisher":{"@id":"https:\/\/kirashoes.com\/et\/#organization"},"potentialAction":[{"@type":"SearchAction","target":{"@type":"EntryPoint","urlTemplate":"https:\/\/kirashoes.com\/et\/?s={search_term_string}"},"query-input":{"@type":"PropertyValueSpecification","valueRequired":true,"valueName":"search_term_string"}}],"inLanguage":"et"},{"@type":"Organization","@id":"https:\/\/kirashoes.com\/et\/#organization","name":"KIRA","url":"https:\/\/kirashoes.com\/et\/","logo":{"@type":"ImageObject","inLanguage":"et","@id":"https:\/\/kirashoes.com\/et\/#\/schema\/logo\/image\/","url":"https:\/\/kirashoes.com\/wp-content\/uploads\/2022\/01\/KIRA-logo_vol2-1.svg","contentUrl":"https:\/\/kirashoes.com\/wp-content\/uploads\/2022\/01\/KIRA-logo_vol2-1.svg","caption":"KIRA"},"image":{"@id":"https:\/\/kirashoes.com\/et\/#\/schema\/logo\/image\/"}}]}},"_links":{"self":[{"href":"https:\/\/kirashoes.com\/et\/wp-json\/wp\/v2\/pages\/8310","targetHints":{"allow":["GET"]}}],"collection":[{"href":"https:\/\/kirashoes.com\/et\/wp-json\/wp\/v2\/pages"}],"about":[{"href":"https:\/\/kirashoes.com\/et\/wp-json\/wp\/v2\/types\/page"}],"author":[{"embeddable":true,"href":"https:\/\/kirashoes.com\/et\/wp-json\/wp\/v2\/users\/2"}],"replies":[{"embeddable":true,"href":"https:\/\/kirashoes.com\/et\/wp-json\/wp\/v2\/comments?post=8310"}],"version-history":[{"count":1,"href":"https:\/\/kirashoes.com\/et\/wp-json\/wp\/v2\/pages\/8310\/revisions"}],"predecessor-version":[{"id":8313,"href":"https:\/\/kirashoes.com\/et\/wp-json\/wp\/v2\/pages\/8310\/revisions\/8313"}],"wp:attachment":[{"href":"https:\/\/kirashoes.com\/et\/wp-json\/wp\/v2\/media?parent=8310"}],"curies":[{"name":"wp","href":"https:\/\/api.w.org\/{rel}","templated":true}]}}