{"id":15143,"date":"2023-09-04T00:44:24","date_gmt":"2023-09-03T21:44:24","guid":{"rendered":"https:\/\/kirasustainable.com\/paelad-saabastele-ja-ketsidele\/"},"modified":"2026-02-01T18:08:56","modified_gmt":"2026-02-01T16:08:56","slug":"paelad-saabastele-ja-ketsidele","status":"publish","type":"page","link":"https:\/\/kirashoes.com\/et\/paelad-saabastele-ja-ketsidele\/","title":{"rendered":"Paelad saabastele ja ketsidele"},"content":{"rendered":"\t\t<div data-elementor-type=\"wp-page\" data-elementor-id=\"15143\" class=\"elementor elementor-15143 elementor-15112\" data-elementor-post-type=\"page\">\n\t\t\t\t\t\t<section class=\"elementor-section elementor-top-section elementor-element elementor-element-3b581e85 elementor-section-boxed elementor-section-height-default elementor-section-height-default\" data-id=\"3b581e85\" data-element_type=\"section\">\n\t\t\t\t\t\t<div class=\"elementor-container elementor-column-gap-default\">\n\t\t\t\t\t<div class=\"elementor-column elementor-col-100 elementor-top-column elementor-element elementor-element-36ac0081\" data-id=\"36ac0081\" data-element_type=\"column\">\n\t\t\t<div class=\"elementor-widget-wrap\">\n\t\t\t\t\t\t\t<\/div>\n\t\t<\/div>\n\t\t\t\t\t<\/div>\n\t\t<\/section>\n\t\t\t\t<section class=\"elementor-section elementor-top-section elementor-element elementor-element-d1be6b8 elementor-section-content-middle elementor-section-boxed elementor-section-height-default elementor-section-height-default\" data-id=\"d1be6b8\" data-element_type=\"section\">\n\t\t\t\t\t\t<div class=\"elementor-container elementor-column-gap-wide\">\n\t\t\t\t\t<div class=\"elementor-column elementor-col-100 elementor-top-column elementor-element elementor-element-51ccd38\" data-id=\"51ccd38\" data-element_type=\"column\">\n\t\t\t<div class=\"elementor-widget-wrap elementor-element-populated\">\n\t\t\t\t\t\t<div class=\"elementor-element elementor-element-1f560dd elementor-widget elementor-widget-heading\" data-id=\"1f560dd\" data-element_type=\"widget\" data-widget_type=\"heading.default\">\n\t\t\t\t<div class=\"elementor-widget-container\">\n\t\t\t\t\t<h1 class=\"elementor-heading-title elementor-size-default\">Paelad saabastele ja ketsidele<\/h1>\t\t\t\t<\/div>\n\t\t\t\t<\/div>\n\t\t\t\t<div class=\"elementor-element elementor-element-c219771 elementor-widget elementor-widget-text-editor\" data-id=\"c219771\" data-element_type=\"widget\" data-widget_type=\"text-editor.default\">\n\t\t\t\t<div class=\"elementor-widget-container\">\n\t\t\t\t\t\t\t\t\t<p style=\"text-align: center;\">Eesti t\u00e4histas veebruaris oma 105. aastap\u00e4eva. Selleks puhuks palusime teha Eesti lipu v\u00e4rvides saapapaelad. Need kadusid e-poest nagu v\u00f5luv\u00e4el ja \u00fcha enam k\u00fcsiti, et millal paelu veel tuleb. Siin need n\u00fc\u00fcd on. Lisaks lipuv\u00e4rvidele veel m\u00f5ned toonid, mis sobitatud just meie jalatsitele.<\/p><p style=\"text-align: center;\">Valmistatud muidugi Eestis.<\/p>\t\t\t\t\t\t\t\t<\/div>\n\t\t\t\t<\/div>\n\t\t\t\t\t<\/div>\n\t\t<\/div>\n\t\t\t\t\t<\/div>\n\t\t<\/section>\n\t\t\t\t<section class=\"elementor-section elementor-top-section elementor-element elementor-element-1c50d31 elementor-section-boxed elementor-section-height-default elementor-section-height-default\" data-id=\"1c50d31\" data-element_type=\"section\">\n\t\t\t\t\t\t<div class=\"elementor-container elementor-column-gap-wide\">\n\t\t\t\t\t<div class=\"elementor-column elementor-col-50 elementor-top-column elementor-element elementor-element-a5a8c06\" data-id=\"a5a8c06\" data-element_type=\"column\">\n\t\t\t<div class=\"elementor-widget-wrap elementor-element-populated\">\n\t\t\t\t\t\t<div class=\"elementor-element elementor-element-d4329a3 elementor-widget elementor-widget-image\" data-id=\"d4329a3\" data-element_type=\"widget\" data-widget_type=\"image.default\">\n\t\t\t\t<div class=\"elementor-widget-container\">\n\t\t\t\t\t\t\t\t\t\t\t\t\t\t\t\t<a href=\"https:\/\/kirashoes.com\/et\/toode\/saapapaelad\/\">\n\t\t\t\t\t\t\t<img fetchpriority=\"high\" decoding=\"async\" width=\"1024\" height=\"1024\" src=\"https:\/\/kirashoes.com\/wp-content\/uploads\/2023\/12\/red-shoe-laces-kira-tyre-sole-boots-1024x1024.jpg\" class=\"attachment-large size-large wp-image-16165\" alt=\"\" srcset=\"https:\/\/kirashoes.com\/wp-content\/uploads\/2023\/12\/red-shoe-laces-kira-tyre-sole-boots-1024x1024.jpg 1024w, https:\/\/kirashoes.com\/wp-content\/uploads\/2023\/12\/red-shoe-laces-kira-tyre-sole-boots-300x300.jpg 300w, https:\/\/kirashoes.com\/wp-content\/uploads\/2023\/12\/red-shoe-laces-kira-tyre-sole-boots-150x150.jpg 150w, https:\/\/kirashoes.com\/wp-content\/uploads\/2023\/12\/red-shoe-laces-kira-tyre-sole-boots-768x768.jpg 768w, https:\/\/kirashoes.com\/wp-content\/uploads\/2023\/12\/red-shoe-laces-kira-tyre-sole-boots-600x600.jpg 600w, https:\/\/kirashoes.com\/wp-content\/uploads\/2023\/12\/red-shoe-laces-kira-tyre-sole-boots-100x100.jpg 100w, https:\/\/kirashoes.com\/wp-content\/uploads\/2023\/12\/red-shoe-laces-kira-tyre-sole-boots-50x50.jpg 50w, https:\/\/kirashoes.com\/wp-content\/uploads\/2023\/12\/red-shoe-laces-kira-tyre-sole-boots.jpg 1080w\" sizes=\"(max-width: 1024px) 100vw, 1024px\" \/>\t\t\t\t\t\t\t\t<\/a>\n\t\t\t\t\t\t\t\t\t\t\t\t\t\t\t<\/div>\n\t\t\t\t<\/div>\n\t\t\t\t<div class=\"elementor-element elementor-element-4789cf9 elementor-align-center elementor-widget elementor-widget-button\" data-id=\"4789cf9\" data-element_type=\"widget\" data-widget_type=\"button.default\">\n\t\t\t\t<div class=\"elementor-widget-container\">\n\t\t\t\t\t\t\t\t\t<div class=\"elementor-button-wrapper\">\n\t\t\t\t\t<a class=\"elementor-button elementor-button-link elementor-size-sm\" href=\"https:\/\/kirashoes.com\/et\/toode\/saapapaelad\/\">\n\t\t\t\t\t\t<span class=\"elementor-button-content-wrapper\">\n\t\t\t\t\t\t\t\t\t<span class=\"elementor-button-text\">Paelad saabastele<\/span>\n\t\t\t\t\t<\/span>\n\t\t\t\t\t<\/a>\n\t\t\t\t<\/div>\n\t\t\t\t\t\t\t\t<\/div>\n\t\t\t\t<\/div>\n\t\t\t\t\t<\/div>\n\t\t<\/div>\n\t\t\t\t<div class=\"elementor-column elementor-col-50 elementor-top-column elementor-element elementor-element-84c96cc\" data-id=\"84c96cc\" data-element_type=\"column\">\n\t\t\t<div class=\"elementor-widget-wrap elementor-element-populated\">\n\t\t\t\t\t\t<div class=\"elementor-element elementor-element-a32eace elementor-widget elementor-widget-image\" data-id=\"a32eace\" data-element_type=\"widget\" data-widget_type=\"image.default\">\n\t\t\t\t<div class=\"elementor-widget-container\">\n\t\t\t\t\t\t\t\t\t\t\t\t\t\t\t\t<a href=\"https:\/\/kirashoes.com\/et\/toode\/jalatsite-pitsid\/%20\">\n\t\t\t\t\t\t\t<img decoding=\"async\" width=\"1024\" height=\"1024\" src=\"https:\/\/kirashoes.com\/wp-content\/uploads\/2023\/09\/sini-must-valged-paelad-1024x1024.jpg\" class=\"attachment-large size-large wp-image-15084\" alt=\"\" srcset=\"https:\/\/kirashoes.com\/wp-content\/uploads\/2023\/09\/sini-must-valged-paelad-1024x1024.jpg 1024w, https:\/\/kirashoes.com\/wp-content\/uploads\/2023\/09\/sini-must-valged-paelad-300x300.jpg 300w, https:\/\/kirashoes.com\/wp-content\/uploads\/2023\/09\/sini-must-valged-paelad-150x150.jpg 150w, https:\/\/kirashoes.com\/wp-content\/uploads\/2023\/09\/sini-must-valged-paelad-768x768.jpg 768w, https:\/\/kirashoes.com\/wp-content\/uploads\/2023\/09\/sini-must-valged-paelad-600x600.jpg 600w, https:\/\/kirashoes.com\/wp-content\/uploads\/2023\/09\/sini-must-valged-paelad-100x100.jpg 100w, https:\/\/kirashoes.com\/wp-content\/uploads\/2023\/09\/sini-must-valged-paelad-50x50.jpg 50w, https:\/\/kirashoes.com\/wp-content\/uploads\/2023\/09\/sini-must-valged-paelad.jpg 1080w\" sizes=\"(max-width: 1024px) 100vw, 1024px\" \/>\t\t\t\t\t\t\t\t<\/a>\n\t\t\t\t\t\t\t\t\t\t\t\t\t\t\t<\/div>\n\t\t\t\t<\/div>\n\t\t\t\t<div class=\"elementor-element elementor-element-eed95ba elementor-align-center elementor-widget elementor-widget-button\" data-id=\"eed95ba\" data-element_type=\"widget\" data-widget_type=\"button.default\">\n\t\t\t\t<div class=\"elementor-widget-container\">\n\t\t\t\t\t\t\t\t\t<div class=\"elementor-button-wrapper\">\n\t\t\t\t\t<a class=\"elementor-button elementor-button-link elementor-size-sm\" href=\"https:\/\/kirashoes.com\/et\/toode\/jalatsite-pitsid\/%20\">\n\t\t\t\t\t\t<span class=\"elementor-button-content-wrapper\">\n\t\t\t\t\t\t\t\t\t<span class=\"elementor-button-text\">Paelad ketsidele<\/span>\n\t\t\t\t\t<\/span>\n\t\t\t\t\t<\/a>\n\t\t\t\t<\/div>\n\t\t\t\t\t\t\t\t<\/div>\n\t\t\t\t<\/div>\n\t\t\t\t\t<\/div>\n\t\t<\/div>\n\t\t\t\t\t<\/div>\n\t\t<\/section>\n\t\t\t\t<section class=\"elementor-section elementor-top-section elementor-element elementor-element-bcb730b elementor-section-boxed elementor-section-height-default elementor-section-height-default\" data-id=\"bcb730b\" data-element_type=\"section\">\n\t\t\t\t\t\t<div class=\"elementor-container elementor-column-gap-default\">\n\t\t\t\t\t\t<\/div>\n\t\t<\/section>\n\t\t\t\t<section class=\"elementor-section elementor-top-section elementor-element elementor-element-805882f elementor-section-boxed elementor-section-height-default elementor-section-height-default\" data-id=\"805882f\" data-element_type=\"section\">\n\t\t\t\t\t\t<div class=\"elementor-container elementor-column-gap-default\">\n\t\t\t\t\t<div class=\"elementor-column elementor-col-100 elementor-top-column elementor-element elementor-element-c51726d\" data-id=\"c51726d\" data-element_type=\"column\">\n\t\t\t<div class=\"elementor-widget-wrap elementor-element-populated\">\n\t\t\t\t\t\t<div class=\"elementor-element elementor-element-ab813c1 elementor-widget elementor-widget-spacer\" data-id=\"ab813c1\" data-element_type=\"widget\" data-widget_type=\"spacer.default\">\n\t\t\t\t<div class=\"elementor-widget-container\">\n\t\t\t\t\t\t\t<div class=\"elementor-spacer\">\n\t\t\t<div class=\"elementor-spacer-inner\"><\/div>\n\t\t<\/div>\n\t\t\t\t\t\t<\/div>\n\t\t\t\t<\/div>\n\t\t\t\t\t<\/div>\n\t\t<\/div>\n\t\t\t\t\t<\/div>\n\t\t<\/section>\n\t\t\t\t<\/div>\n\t\t","protected":false},"excerpt":{"rendered":"<p>Paelad saabastele ja ketsidele Eesti t\u00e4histas veebruaris oma 105. aastap\u00e4eva. Selleks puhuks palusime teha Eesti lipu v\u00e4rvides saapapaelad. Need kadusid e-poest nagu v\u00f5luv\u00e4el ja \u00fcha enam k\u00fcsiti, et millal paelu veel tuleb. Siin need n\u00fc\u00fcd on. Lisaks lipuv\u00e4rvidele veel m\u00f5ned toonid, mis sobitatud just meie jalatsitele. Valmistatud muidugi Eestis. Paelad saabastele Paelad ketsidele<\/p>\n","protected":false},"author":3,"featured_media":0,"parent":0,"menu_order":0,"comment_status":"closed","ping_status":"closed","template":"","meta":{"site-sidebar-layout":"no-sidebar","site-content-layout":"page-builder","ast-site-content-layout":"default","site-content-style":"default","site-sidebar-style":"default","ast-global-header-display":"","ast-banner-title-visibility":"","ast-main-header-display":"","ast-hfb-above-header-display":"","ast-hfb-below-header-display":"","ast-hfb-mobile-header-display":"","site-post-title":"disabled","ast-breadcrumbs-content":"","ast-featured-img":"disabled","footer-sml-layout":"","ast-disable-related-posts":"","theme-transparent-header-meta":"default","adv-header-id-meta":"","stick-header-meta":"","header-above-stick-meta":"","header-main-stick-meta":"","header-below-stick-meta":"","astra-migrate-meta-layouts":"default","ast-page-background-enabled":"default","ast-page-background-meta":{"desktop":{"background-color":"","background-image":"","background-repeat":"repeat","background-position":"center center","background-size":"auto","background-attachment":"scroll","background-type":"","background-media":"","overlay-type":"","overlay-color":"","overlay-opacity":"","overlay-gradient":""},"tablet":{"background-color":"","background-image":"","background-repeat":"repeat","background-position":"center center","background-size":"auto","background-attachment":"scroll","background-type":"","background-media":"","overlay-type":"","overlay-color":"","overlay-opacity":"","overlay-gradient":""},"mobile":{"background-color":"","background-image":"","background-repeat":"repeat","background-position":"center center","background-size":"auto","background-attachment":"scroll","background-type":"","background-media":"","overlay-type":"","overlay-color":"","overlay-opacity":"","overlay-gradient":""}},"ast-content-background-meta":{"desktop":{"background-color":"var(--ast-global-color-5)","background-image":"","background-repeat":"repeat","background-position":"center center","background-size":"auto","background-attachment":"scroll","background-type":"","background-media":"","overlay-type":"","overlay-color":"","overlay-opacity":"","overlay-gradient":""},"tablet":{"background-color":"var(--ast-global-color-5)","background-image":"","background-repeat":"repeat","background-position":"center center","background-size":"auto","background-attachment":"scroll","background-type":"","background-media":"","overlay-type":"","overlay-color":"","overlay-opacity":"","overlay-gradient":""},"mobile":{"background-color":"var(--ast-global-color-5)","background-image":"","background-repeat":"repeat","background-position":"center center","background-size":"auto","background-attachment":"scroll","background-type":"","background-media":"","overlay-type":"","overlay-color":"","overlay-opacity":"","overlay-gradient":""}},"footnotes":""},"class_list":["post-15143","page","type-page","status-publish","hentry"],"yoast_head":"<!-- This site is optimized with the Yoast SEO plugin v26.5 - https:\/\/yoast.com\/wordpress\/plugins\/seo\/ -->\n<title>Sustainable boots -<\/title>\n<meta name=\"description\" content=\"Meie suurim soov on, et saaksid oma KIRA&#039;sid kanda terve p\u00e4ev, iga p\u00e4ev, hooajast hooaega\" \/>\n<meta name=\"robots\" content=\"index, follow, max-snippet:-1, max-image-preview:large, max-video-preview:-1\" \/>\n<link rel=\"canonical\" href=\"https:\/\/kirashoes.com\/et\/paelad-saabastele-ja-ketsidele\/\" \/>\n<meta property=\"og:locale\" content=\"et_EE\" \/>\n<meta property=\"og:type\" content=\"article\" \/>\n<meta property=\"og:title\" content=\"Sustainable boots -\" \/>\n<meta property=\"og:description\" content=\"Meie suurim soov on, et saaksid oma KIRA&#039;sid kanda terve p\u00e4ev, iga p\u00e4ev, hooajast hooaega\" \/>\n<meta property=\"og:url\" content=\"https:\/\/kirashoes.com\/et\/paelad-saabastele-ja-ketsidele\/\" \/>\n<meta property=\"og:site_name\" content=\"KIRA\" \/>\n<meta property=\"article:modified_time\" content=\"2026-02-01T16:08:56+00:00\" \/>\n<meta property=\"og:image\" content=\"https:\/\/kirashoes.com\/wp-content\/uploads\/2023\/12\/red-shoe-laces-kira-tyre-sole-boots.jpg\" \/>\n\t<meta property=\"og:image:width\" content=\"1080\" \/>\n\t<meta property=\"og:image:height\" content=\"1080\" \/>\n\t<meta property=\"og:image:type\" content=\"image\/jpeg\" \/>\n<meta name=\"twitter:card\" content=\"summary_large_image\" \/>\n<script type=\"application\/ld+json\" class=\"yoast-schema-graph\">{\"@context\":\"https:\/\/schema.org\",\"@graph\":[{\"@type\":\"WebPage\",\"@id\":\"https:\/\/kirashoes.com\/et\/paelad-saabastele-ja-ketsidele\/\",\"url\":\"https:\/\/kirashoes.com\/et\/paelad-saabastele-ja-ketsidele\/\",\"name\":\"Sustainable boots -\",\"isPartOf\":{\"@id\":\"https:\/\/kirashoes.com\/et\/#website\"},\"primaryImageOfPage\":{\"@id\":\"https:\/\/kirashoes.com\/et\/paelad-saabastele-ja-ketsidele\/#primaryimage\"},\"image\":{\"@id\":\"https:\/\/kirashoes.com\/et\/paelad-saabastele-ja-ketsidele\/#primaryimage\"},\"thumbnailUrl\":\"https:\/\/kirashoes.com\/wp-content\/uploads\/2023\/12\/red-shoe-laces-kira-tyre-sole-boots-1024x1024.jpg\",\"datePublished\":\"2023-09-03T21:44:24+00:00\",\"dateModified\":\"2026-02-01T16:08:56+00:00\",\"description\":\"Meie suurim soov on, et saaksid oma KIRA'sid kanda terve p\u00e4ev, iga p\u00e4ev, hooajast hooaega\",\"breadcrumb\":{\"@id\":\"https:\/\/kirashoes.com\/et\/paelad-saabastele-ja-ketsidele\/#breadcrumb\"},\"inLanguage\":\"et\",\"potentialAction\":[{\"@type\":\"ReadAction\",\"target\":[\"https:\/\/kirashoes.com\/et\/paelad-saabastele-ja-ketsidele\/\"]}]},{\"@type\":\"ImageObject\",\"inLanguage\":\"et\",\"@id\":\"https:\/\/kirashoes.com\/et\/paelad-saabastele-ja-ketsidele\/#primaryimage\",\"url\":\"https:\/\/kirashoes.com\/wp-content\/uploads\/2023\/12\/red-shoe-laces-kira-tyre-sole-boots-1024x1024.jpg\",\"contentUrl\":\"https:\/\/kirashoes.com\/wp-content\/uploads\/2023\/12\/red-shoe-laces-kira-tyre-sole-boots-1024x1024.jpg\"},{\"@type\":\"BreadcrumbList\",\"@id\":\"https:\/\/kirashoes.com\/et\/paelad-saabastele-ja-ketsidele\/#breadcrumb\",\"itemListElement\":[{\"@type\":\"ListItem\",\"position\":1,\"name\":\"Home\",\"item\":\"https:\/\/kirashoes.com\/\"},{\"@type\":\"ListItem\",\"position\":2,\"name\":\"Paelad saabastele ja ketsidele\"}]},{\"@type\":\"WebSite\",\"@id\":\"https:\/\/kirashoes.com\/et\/#website\",\"url\":\"https:\/\/kirashoes.com\/et\/\",\"name\":\"KIRA\",\"description\":\"Leave no trace \u2661 Sustainable footwear and activewear made in Estonia.\",\"publisher\":{\"@id\":\"https:\/\/kirashoes.com\/et\/#organization\"},\"potentialAction\":[{\"@type\":\"SearchAction\",\"target\":{\"@type\":\"EntryPoint\",\"urlTemplate\":\"https:\/\/kirashoes.com\/et\/?s={search_term_string}\"},\"query-input\":{\"@type\":\"PropertyValueSpecification\",\"valueRequired\":true,\"valueName\":\"search_term_string\"}}],\"inLanguage\":\"et\"},{\"@type\":\"Organization\",\"@id\":\"https:\/\/kirashoes.com\/et\/#organization\",\"name\":\"KIRA\",\"url\":\"https:\/\/kirashoes.com\/et\/\",\"logo\":{\"@type\":\"ImageObject\",\"inLanguage\":\"et\",\"@id\":\"https:\/\/kirashoes.com\/et\/#\/schema\/logo\/image\/\",\"url\":\"https:\/\/kirashoes.com\/wp-content\/uploads\/2022\/01\/KIRA-logo_vol2-1.svg\",\"contentUrl\":\"https:\/\/kirashoes.com\/wp-content\/uploads\/2022\/01\/KIRA-logo_vol2-1.svg\",\"caption\":\"KIRA\"},\"image\":{\"@id\":\"https:\/\/kirashoes.com\/et\/#\/schema\/logo\/image\/\"}}]}<\/script>\n<!-- \/ Yoast SEO plugin. -->","yoast_head_json":{"title":"Sustainable boots -","description":"Meie suurim soov on, et saaksid oma KIRA'sid kanda terve p\u00e4ev, iga p\u00e4ev, hooajast hooaega","robots":{"index":"index","follow":"follow","max-snippet":"max-snippet:-1","max-image-preview":"max-image-preview:large","max-video-preview":"max-video-preview:-1"},"canonical":"https:\/\/kirashoes.com\/et\/paelad-saabastele-ja-ketsidele\/","og_locale":"et_EE","og_type":"article","og_title":"Sustainable boots -","og_description":"Meie suurim soov on, et saaksid oma KIRA'sid kanda terve p\u00e4ev, iga p\u00e4ev, hooajast hooaega","og_url":"https:\/\/kirashoes.com\/et\/paelad-saabastele-ja-ketsidele\/","og_site_name":"KIRA","article_modified_time":"2026-02-01T16:08:56+00:00","og_image":[{"width":1080,"height":1080,"url":"https:\/\/kirashoes.com\/wp-content\/uploads\/2023\/12\/red-shoe-laces-kira-tyre-sole-boots.jpg","type":"image\/jpeg"}],"twitter_card":"summary_large_image","schema":{"@context":"https:\/\/schema.org","@graph":[{"@type":"WebPage","@id":"https:\/\/kirashoes.com\/et\/paelad-saabastele-ja-ketsidele\/","url":"https:\/\/kirashoes.com\/et\/paelad-saabastele-ja-ketsidele\/","name":"Sustainable boots -","isPartOf":{"@id":"https:\/\/kirashoes.com\/et\/#website"},"primaryImageOfPage":{"@id":"https:\/\/kirashoes.com\/et\/paelad-saabastele-ja-ketsidele\/#primaryimage"},"image":{"@id":"https:\/\/kirashoes.com\/et\/paelad-saabastele-ja-ketsidele\/#primaryimage"},"thumbnailUrl":"https:\/\/kirashoes.com\/wp-content\/uploads\/2023\/12\/red-shoe-laces-kira-tyre-sole-boots-1024x1024.jpg","datePublished":"2023-09-03T21:44:24+00:00","dateModified":"2026-02-01T16:08:56+00:00","description":"Meie suurim soov on, et saaksid oma KIRA'sid kanda terve p\u00e4ev, iga p\u00e4ev, hooajast hooaega","breadcrumb":{"@id":"https:\/\/kirashoes.com\/et\/paelad-saabastele-ja-ketsidele\/#breadcrumb"},"inLanguage":"et","potentialAction":[{"@type":"ReadAction","target":["https:\/\/kirashoes.com\/et\/paelad-saabastele-ja-ketsidele\/"]}]},{"@type":"ImageObject","inLanguage":"et","@id":"https:\/\/kirashoes.com\/et\/paelad-saabastele-ja-ketsidele\/#primaryimage","url":"https:\/\/kirashoes.com\/wp-content\/uploads\/2023\/12\/red-shoe-laces-kira-tyre-sole-boots-1024x1024.jpg","contentUrl":"https:\/\/kirashoes.com\/wp-content\/uploads\/2023\/12\/red-shoe-laces-kira-tyre-sole-boots-1024x1024.jpg"},{"@type":"BreadcrumbList","@id":"https:\/\/kirashoes.com\/et\/paelad-saabastele-ja-ketsidele\/#breadcrumb","itemListElement":[{"@type":"ListItem","position":1,"name":"Home","item":"https:\/\/kirashoes.com\/"},{"@type":"ListItem","position":2,"name":"Paelad saabastele ja ketsidele"}]},{"@type":"WebSite","@id":"https:\/\/kirashoes.com\/et\/#website","url":"https:\/\/kirashoes.com\/et\/","name":"KIRA","description":"Leave no trace \u2661 Sustainable footwear and activewear made in Estonia.","publisher":{"@id":"https:\/\/kirashoes.com\/et\/#organization"},"potentialAction":[{"@type":"SearchAction","target":{"@type":"EntryPoint","urlTemplate":"https:\/\/kirashoes.com\/et\/?s={search_term_string}"},"query-input":{"@type":"PropertyValueSpecification","valueRequired":true,"valueName":"search_term_string"}}],"inLanguage":"et"},{"@type":"Organization","@id":"https:\/\/kirashoes.com\/et\/#organization","name":"KIRA","url":"https:\/\/kirashoes.com\/et\/","logo":{"@type":"ImageObject","inLanguage":"et","@id":"https:\/\/kirashoes.com\/et\/#\/schema\/logo\/image\/","url":"https:\/\/kirashoes.com\/wp-content\/uploads\/2022\/01\/KIRA-logo_vol2-1.svg","contentUrl":"https:\/\/kirashoes.com\/wp-content\/uploads\/2022\/01\/KIRA-logo_vol2-1.svg","caption":"KIRA"},"image":{"@id":"https:\/\/kirashoes.com\/et\/#\/schema\/logo\/image\/"}}]}},"_links":{"self":[{"href":"https:\/\/kirashoes.com\/et\/wp-json\/wp\/v2\/pages\/15143","targetHints":{"allow":["GET"]}}],"collection":[{"href":"https:\/\/kirashoes.com\/et\/wp-json\/wp\/v2\/pages"}],"about":[{"href":"https:\/\/kirashoes.com\/et\/wp-json\/wp\/v2\/types\/page"}],"author":[{"embeddable":true,"href":"https:\/\/kirashoes.com\/et\/wp-json\/wp\/v2\/users\/3"}],"replies":[{"embeddable":true,"href":"https:\/\/kirashoes.com\/et\/wp-json\/wp\/v2\/comments?post=15143"}],"version-history":[{"count":16,"href":"https:\/\/kirashoes.com\/et\/wp-json\/wp\/v2\/pages\/15143\/revisions"}],"predecessor-version":[{"id":24407,"href":"https:\/\/kirashoes.com\/et\/wp-json\/wp\/v2\/pages\/15143\/revisions\/24407"}],"wp:attachment":[{"href":"https:\/\/kirashoes.com\/et\/wp-json\/wp\/v2\/media?parent=15143"}],"curies":[{"name":"wp","href":"https:\/\/api.w.org\/{rel}","templated":true}]}}